{"id":60571,"date":"2022-10-12T23:02:46","date_gmt":"2022-10-12T22:02:46","guid":{"rendered":"https:\/\/shop4trac.com\/?post_type=product&#038;p=60571"},"modified":"2025-12-28T21:29:16","modified_gmt":"2025-12-28T20:29:16","slug":"motorrevisieset-kubota-d750-kubota-b7001-b7100","status":"publish","type":"product","link":"https:\/\/shop4trac.com\/de\/motorteile\/motoruberholungskit\/motorrevisieset-kubota-d750-kubota-b7001-b7100\/","title":{"rendered":"Motor\u00fcberholsatz Kubota D750 | Kubota B7001 \u2013 B7100 | Zen-noh"},"content":{"rendered":"<h4><b>? Kubota D750 \u00dcberholungssatz \u2013 Kompletter Motorreparatursatz (Bohrung 68 mm)<\/b><\/h4>\n<p class=\"p3\">Bringen Sie Ihren Kubota D750 Motor wieder in Topform mit diesem hochwertigen <span class=\"s2\"><b>\u00dcberholsatz<\/b><\/span>. Ideal f\u00fcr eine vollst\u00e4ndige Motor\u00fcberholung bei \u00d6lverbrauch, Leistungsverlust oder internem Verschlei\u00df. Dieser Satz enth\u00e4lt alles, was Sie f\u00fcr einen zuverl\u00e4ssigen und langlebigen Wiederaufbau Ihres Motors ben\u00f6tigen.  <\/p>\n<p class=\"p4\"><span class=\"s3\">\u2705 <\/span><b>Kompletter Dichtungssatz<\/b><span class=\"s3\">, einschlie\u00dflich:<\/span><\/p>\n<ul>\n<li class=\"p1\">Zylinderkopfdichtung(satz)<\/li>\n<li class=\"p1\">Einlass- und Auslassdichtungen<\/li>\n<li class=\"p1\">Ventilschaftdichtungen<\/li>\n<li class=\"p1\">Wellendichtringe und sonstige Dichtungen (wie abgebildet)<\/li>\n<\/ul>\n<p class=\"p4\"><span class=\"s3\">\u2705 <\/span><b>3 komplette Kolben mit Kolbenringen<\/b><b><\/b><\/p>\n<ul>\n<li class=\"p3\">F\u00fcr optimale Kompression und Motorleistung<\/li>\n<\/ul>\n<p class=\"p4\"><span class=\"s3\">\u2705 <\/span><b>Lagersatz mit:<\/b><b><\/b><\/p>\n<ul>\n<li class=\"p1\">Pleuellager<\/li>\n<li>Pleuellagerbuchse<\/li>\n<li class=\"p1\">Hauptlager (Kurbelwellenlager)<\/li>\n<li class=\"p1\">Axiallager (Druckscheibe)<\/li>\n<li class=\"p1\">Ventilf\u00fchrungen<\/li>\n<\/ul>\n<p class=\"p3\">\u2705 <span class=\"s2\"><b>Bohrungsgr\u00f6\u00dfe:<\/b><\/span> 68 mm (Standard)<\/p>\n<p class=\"p3\">Dieser \u00dcberholsatz wurde gem\u00e4\u00df OEM-Spezifikationen zusammengestellt und eignet sich f\u00fcr ein breites Spektrum von Anwendungen mit Kubota D750 Motoren, einschlie\u00dflich Generatoren, M\u00e4hmaschinen, Minitraktoren und Baumaschinen.<\/p>\n<ol>\n<li class=\"p4\"><b>\u2714 Zuverl\u00e4ssige Qualit\u00e4t<\/b><\/li>\n<li class=\"p4\"><b>\u2714 Alles in einem Satz<\/b><\/li>\n<li class=\"p4\"><b>\u2714 Bereit f\u00fcr die \u00dcberholung<\/b><\/li>\n<\/ol>\n<p><span style=\"text-decoration: underline\">Dies betrifft den Kubota D750 und D750-B Motor. Dieser Satz kann also f\u00fcr jeden Kubota D750 Motor verwendet werden!<\/span><\/p>\n<p>Modellreihe passend zum Kubota d750<\/p>\n<p><strong>Kubota<\/strong><\/p>\n<ul>\n<li>B1200 und D750L Motor.<\/li>\n<\/ul>\n<p><strong>Kubota Motor<\/strong><\/p>\n<ul>\n<li>D750, D750-B, D750-A<\/li>\n<li>D750, D750-BC, D750B<\/li>\n<\/ul>\n<div class=\"product-model-container\"><strong>Kubota<\/strong><\/div>\n<div><\/div>\n<ul>\n<li class=\"product-model-container\">B7001<\/li>\n<li class=\"product-model-container\">B7001D<\/li>\n<li class=\"product-model-container\">B7100<\/li>\n<li class=\"product-model-container\">B7100HST<\/li>\n<\/ul>\n<p><strong>Kubota  <\/strong><\/p>\n<ul>\n<li>B1200, B5200, B7001, B7100<\/li>\n<li>B7100HST-DT<\/li>\n<li>220, 320 Bagger<\/li>\n<\/ul>\n<p><strong>Bobcat<\/strong><\/p>\n<ul>\n<li>X220, X320<\/li>\n<\/ul>\n<p><strong>Zen Noh<\/strong><\/p>\n<ul>\n<li>ZB1200, ZB5200, ZB7001, ZB7100<\/li>\n<\/ul>\n<p><strong>Bobcat<\/strong><\/p>\n<ul>\n<li>Rotluchs 453C, 443<\/li>\n<\/ul>\n<p><strong>OEM zur Referenz<\/strong><\/p>\n<ul>\n<li>15975-03310, 15371-03312<\/li>\n<li>15975-03310,<\/li>\n<li>15261-2111-0, 15261-21110<\/li>\n<li>15271-2105-0, 15271-21050<\/li>\n<li>15261-21010, 15261-21050, 15261-21160, 15261-21250, 15261-21280<\/li>\n<\/ul>\n","protected":false},"excerpt":{"rendered":"<p>? Kubota D750 \u00dcberholungssatz \u2013 Kompletter Motorreparatursatz (Bohrung 68 mm) Bringen Sie Ihren Kubota D750 Motor wieder in Topform mit diesem hochwertigen \u00dcberholsatz. Ideal f\u00fcr eine vollst\u00e4ndige Motor\u00fcberholung bei \u00d6lverbrauch, Leistungsverlust oder internem Verschlei\u00df. Dieser Satz enth\u00e4lt alles, was Sie f\u00fcr einen zuverl\u00e4ssigen und langlebigen Wiederaufbau Ihres Motors ben\u00f6tigen. \u2705 Kompletter Dichtungssatz, einschlie\u00dflich: Zylinderkopfdichtung(satz) Einlass-&hellip;<\/p>\n","protected":false},"featured_media":158712,"comment_status":"open","ping_status":"closed","template":"","meta":[],"product_cat":[412],"product_tag":[2589,3895],"class_list":{"0":"post-60571","1":"product","2":"type-product","3":"status-publish","4":"has-post-thumbnail","6":"product_cat-motoruberholungskit","7":"product_tag-s4l-de","8":"product_tag-snelparts-de","9":"pa_merk-kubota-de","10":"pa_merk-zen-noh-de","11":"pa_motor-d750-de","13":"first","14":"onbackorder","15":"sale","16":"featured","17":"taxable","18":"shipping-taxable","19":"purchasable","20":"product-type-simple","21":"col-xs-6 col-sm-4","22":"col-md-3 col-lg-3","23":"un-4-cols"},"_links":{"self":[{"href":"https:\/\/shop4trac.com\/de\/wp-json\/wp\/v2\/product\/60571","targetHints":{"allow":["GET"]}}],"collection":[{"href":"https:\/\/shop4trac.com\/de\/wp-json\/wp\/v2\/product"}],"about":[{"href":"https:\/\/shop4trac.com\/de\/wp-json\/wp\/v2\/types\/product"}],"replies":[{"embeddable":true,"href":"https:\/\/shop4trac.com\/de\/wp-json\/wp\/v2\/comments?post=60571"}],"wp:featuredmedia":[{"embeddable":true,"href":"https:\/\/shop4trac.com\/de\/wp-json\/wp\/v2\/media\/158712"}],"wp:attachment":[{"href":"https:\/\/shop4trac.com\/de\/wp-json\/wp\/v2\/media?parent=60571"}],"wp:term":[{"taxonomy":"product_cat","embeddable":true,"href":"https:\/\/shop4trac.com\/de\/wp-json\/wp\/v2\/product_cat?post=60571"},{"taxonomy":"product_tag","embeddable":true,"href":"https:\/\/shop4trac.com\/de\/wp-json\/wp\/v2\/product_tag?post=60571"}],"curies":[{"name":"wp","href":"https:\/\/api.w.org\/{rel}","templated":true}]}}