{"id":59620,"date":"2022-09-21T16:28:41","date_gmt":"2022-09-21T15:28:42","guid":{"rendered":"https:\/\/shop4trac.com\/?post_type=product&#038;p=59620"},"modified":"2026-03-17T07:46:46","modified_gmt":"2026-03-17T06:46:46","slug":"motoruberholungskit-kubota-d722","status":"publish","type":"product","link":"https:\/\/shop4trac.com\/de\/motorteile\/motoruberholungskit\/motoruberholungskit-kubota-d722\/","title":{"rendered":"Motor\u00fcberholungssatz Kubota D722 | Ast | DE | ZD | Rotluchs"},"content":{"rendered":"<p>\u00dcberholungssatz passend f\u00fcr Kubota D722<\/p>\n<p>Das Set besteht aus:<\/p>\n<ul>\n<li>Komplettes Dichtungspaket f\u00fcr: Kopfdichtung (Satz), Kurbelwellenlager, Ventilschaftdichtungen, Auspuffdichtungen, Einlassdichtungen.<\/li>\n<li>3 komplette Kolben+Kolbenringe<\/li>\n<li>Allgemeiner Lagersatz mit; Pleuellager, Hauptlager, Anlaufscheiben<\/li>\n<li>Bohrung: 67mm<\/li>\n<\/ul>\n<p>Modellreihe passend zum Kubota D722:<\/p>\n<p><strong>Kubota<\/strong><\/p>\n<ul>\n<li>Aste A14 B52 B1610 B7300 BX1800, BX1830, BX1850, BX1860<\/li>\n<li>GB14 G1900 GF1800 GR2100 K008 TG1860<\/li>\n<li>ZD18, ZD21<\/li>\n<\/ul>\n<p><strong>Rotluchs<\/strong><\/p>\n<ul>\n<li>316, 320, 322, 323, 453F, T84<\/li>\n<\/ul>\n<p><span style=\"text-decoration: underline\"><strong>HINWEIS: \u00dcbergr\u00f6\u00dfe gilt nur f\u00fcr die Kolben. Sie erhalten die Lager auch in \u00dcbergr\u00f6\u00dfe. Bitte geben Sie dies bei der Bestellung an.  <\/strong><\/span><\/p>\n","protected":false},"excerpt":{"rendered":"<p>\u00dcberholungssatz passend f\u00fcr Kubota D722 Das Set besteht aus: Komplettes Dichtungspaket f\u00fcr: Kopfdichtung (Satz), Kurbelwellenlager, Ventilschaftdichtungen, Auspuffdichtungen, Einlassdichtungen. 3 komplette Kolben+Kolbenringe Allgemeiner Lagersatz mit; Pleuellager, Hauptlager, Anlaufscheiben Bohrung: 67mm Modellreihe passend zum Kubota D722: Kubota Aste A14 B52 B1610 B7300 BX1800, BX1830, BX1850, BX1860 GB14 G1900 GF1800 GR2100 K008 TG1860 ZD18, ZD21 Rotluchs 316, 320,&hellip;<\/p>\n","protected":false},"featured_media":74557,"comment_status":"open","ping_status":"open","template":"","meta":[],"product_cat":[412],"product_tag":[2589,3895],"class_list":{"0":"post-59620","1":"product","2":"type-product","3":"status-publish","4":"has-post-thumbnail","6":"product_cat-motoruberholungskit","7":"product_tag-s4l-de","8":"product_tag-snelparts-de","9":"pa_merk-kubota-de","10":"pa_motor-d722-de","12":"first","13":"instock","14":"sale","15":"taxable","16":"shipping-taxable","17":"purchasable","18":"product-type-variable","19":"has-default-attributes","20":"col-xs-6 col-sm-4","21":"col-md-3 col-lg-3","22":"un-4-cols"},"_links":{"self":[{"href":"https:\/\/shop4trac.com\/de\/wp-json\/wp\/v2\/product\/59620","targetHints":{"allow":["GET"]}}],"collection":[{"href":"https:\/\/shop4trac.com\/de\/wp-json\/wp\/v2\/product"}],"about":[{"href":"https:\/\/shop4trac.com\/de\/wp-json\/wp\/v2\/types\/product"}],"replies":[{"embeddable":true,"href":"https:\/\/shop4trac.com\/de\/wp-json\/wp\/v2\/comments?post=59620"}],"wp:featuredmedia":[{"embeddable":true,"href":"https:\/\/shop4trac.com\/de\/wp-json\/wp\/v2\/media\/74557"}],"wp:attachment":[{"href":"https:\/\/shop4trac.com\/de\/wp-json\/wp\/v2\/media?parent=59620"}],"wp:term":[{"taxonomy":"product_cat","embeddable":true,"href":"https:\/\/shop4trac.com\/de\/wp-json\/wp\/v2\/product_cat?post=59620"},{"taxonomy":"product_tag","embeddable":true,"href":"https:\/\/shop4trac.com\/de\/wp-json\/wp\/v2\/product_tag?post=59620"}],"curies":[{"name":"wp","href":"https:\/\/api.w.org\/{rel}","templated":true}]}}