{"id":59264,"date":"2022-09-09T13:14:34","date_gmt":"2022-09-09T12:14:34","guid":{"rendered":"https:\/\/shop4trac.com\/?post_type=product&#038;p=59264"},"modified":"2026-03-19T14:30:30","modified_gmt":"2026-03-19T13:30:30","slug":"einspritzduseneinsatz-hinomoto-n209-n239-n249","status":"publish","type":"product","link":"https:\/\/shop4trac.com\/de\/motorteile\/einspritzduse\/einspritzduseneinsatz-hinomoto-n209-n239-n249\/","title":{"rendered":"Einspritzd\u00fcse Hinomoto N209 | N239 | N249 | BD150 Toyosha"},"content":{"rendered":"<p data-path-to-node=\"3\"><b data-path-to-node=\"3\" data-index-in-node=\"2\">Einspritzd\u00fcse inklusive Dichtungssatz (DLLA155PN046)<\/b><\/p>\n<p data-path-to-node=\"4\">Exklusiv aus eigener Fertigung: eine hochwertige Einspritzd\u00fcse (D\u00fcse), die strengste Toleranzen erf\u00fcllt. Diese &#8218;Snelparts&#8216; Mehrlocheinspritzd\u00fcse wurde als \u00fcberlegene Alternative zu Standard-Aftermarket-Teilen entwickelt und ist die absolute Rettung f\u00fcr die \u00dcberholung deiner aktuellen Einspritzd\u00fcse in den bekannten <b data-path-to-node=\"4\" data-index-in-node=\"325\">Hinomoto-Traktoren<\/b> mit <b data-path-to-node=\"4\" data-index-in-node=\"348\">Toyosha-<\/b>Dieselmotoren. <\/p>\n<p data-path-to-node=\"5\">Da Ersatzteile f\u00fcr Toyosha-Motoren immer seltener werden, ist diese D\u00fcse ein unverzichtbares Teil f\u00fcr die Werkstatt. Wir garantieren ein perfektes Spr\u00fchbild und eine exakte Abdichtung, was zu einem ruhiger laufenden Motor und einer saubereren Verbrennung f\u00fchrt. Es wurde ausf\u00fchrlich auf OEM-Qualit\u00e4t gepr\u00fcft, vergleichbar mit den bekannten Originalmarken dieser Branche!<\/p>\n<p data-path-to-node=\"6\">\u2714\ufe0f Perfektes Spritzbild (155\u00b0 Spritzwinkel f\u00fcr Direkteinspritzung)<\/p>\n<p data-path-to-node=\"6\">\u2714\ufe0f Produziert nach strengsten OEM-Toleranzen<\/p>\n<p data-path-to-node=\"6\">\u2714\ufe0f Erweckt deinen klassischen Toyosha-Motor ohne Ru\u00dfbildung wieder zum Leben<\/p>\n<p data-path-to-node=\"7\"><b data-path-to-node=\"7\" data-index-in-node=\"0\">Lieferung inklusive komplettem Dichtungssatz f\u00fcr die direkte Montage!<\/b> Wir liefern diese D\u00fcse standardm\u00e4\u00dfig mit allen ben\u00f6tigten neuen Kupferringen. So kannst du die Einspritzd\u00fcse nach der Montage sofort wieder sicher und leckfrei in den Motorblock einsetzen. Das mitgelieferte Set besteht aus: \u2022 Einem neuen <b data-path-to-node=\"7\" data-index-in-node=\"275\">Heatshield<\/b> (Hitzeschutzscheibe) gegen extreme Hitze und Ru\u00dfbildung.   \u2022 Eine kupferne <b data-path-to-node=\"7\" data-index-in-node=\"351\">Dichtung f\u00fcr die Einspritzd\u00fcse<\/b> f\u00fcr 100 % Kompressionserhalt. \u2022 Eine <b data-path-to-node=\"7\" data-index-in-node=\"415\">R\u00fccklaufleitungsdichtung<\/b>, um Kraftstofflecks zu vermeiden.<\/p>\n<p><b>Hinomoto<\/b><\/p>\n<ul>\n<li>N209, N239, N249<\/li>\n<\/ul>\n<p><strong>Toyosha<\/strong><\/p>\n<ul>\n<li>BD150-Motor<\/li>\n<\/ul>\n<p><strong>OEM zur Referenz:<\/strong><\/p>\n<ul>\n<li>DLLA155PN046 \u2022 NP-DLLA155PN046<\/li>\n<li>105017-0460 (Zexel-Referenz) \u2022 9432612477 \/ 9 432 612 477 (Bosch-Referenz)<\/li>\n<\/ul>\n","protected":false},"excerpt":{"rendered":"<p>Einspritzd\u00fcse inklusive Dichtungssatz (DLLA155PN046) Exklusiv aus eigener Fertigung: eine hochwertige Einspritzd\u00fcse (D\u00fcse), die strengste Toleranzen erf\u00fcllt. Diese &#8218;Snelparts&#8216; Mehrlocheinspritzd\u00fcse wurde als \u00fcberlegene Alternative zu Standard-Aftermarket-Teilen entwickelt und ist die absolute Rettung f\u00fcr die \u00dcberholung deiner aktuellen Einspritzd\u00fcse in den bekannten Hinomoto-Traktoren mit Toyosha-Dieselmotoren. Da Ersatzteile f\u00fcr Toyosha-Motoren immer seltener werden, ist diese D\u00fcse ein unverzichtbares&hellip;<\/p>\n","protected":false},"featured_media":195526,"comment_status":"open","ping_status":"closed","template":"","meta":[],"product_cat":[8109],"product_tag":[3895],"class_list":{"0":"post-59264","1":"product","2":"type-product","3":"status-publish","4":"has-post-thumbnail","6":"product_cat-einspritzduse","7":"product_tag-snelparts-de","8":"pa_merk-iseki-de","9":"pa_merk-kubota-de","10":"pa_motor-d905-de","11":"pa_motor-e3cd-de","13":"first","14":"instock","15":"sale","16":"taxable","17":"shipping-taxable","18":"purchasable","19":"product-type-simple","20":"col-xs-6 col-sm-4","21":"col-md-3 col-lg-3","22":"un-4-cols"},"_links":{"self":[{"href":"https:\/\/shop4trac.com\/de\/wp-json\/wp\/v2\/product\/59264","targetHints":{"allow":["GET"]}}],"collection":[{"href":"https:\/\/shop4trac.com\/de\/wp-json\/wp\/v2\/product"}],"about":[{"href":"https:\/\/shop4trac.com\/de\/wp-json\/wp\/v2\/types\/product"}],"replies":[{"embeddable":true,"href":"https:\/\/shop4trac.com\/de\/wp-json\/wp\/v2\/comments?post=59264"}],"wp:featuredmedia":[{"embeddable":true,"href":"https:\/\/shop4trac.com\/de\/wp-json\/wp\/v2\/media\/195526"}],"wp:attachment":[{"href":"https:\/\/shop4trac.com\/de\/wp-json\/wp\/v2\/media?parent=59264"}],"wp:term":[{"taxonomy":"product_cat","embeddable":true,"href":"https:\/\/shop4trac.com\/de\/wp-json\/wp\/v2\/product_cat?post=59264"},{"taxonomy":"product_tag","embeddable":true,"href":"https:\/\/shop4trac.com\/de\/wp-json\/wp\/v2\/product_tag?post=59264"}],"curies":[{"name":"wp","href":"https:\/\/api.w.org\/{rel}","templated":true}]}}