{"id":57089,"date":"2022-07-20T20:34:27","date_gmt":"2022-07-20T19:34:27","guid":{"rendered":"https:\/\/shop4trac.com\/?post_type=product&#038;p=57089"},"modified":"2026-02-09T14:11:08","modified_gmt":"2026-02-09T13:11:08","slug":"leitung-leckkraftstoff-kubota-v1505-v1305","status":"publish","type":"product","link":"https:\/\/shop4trac.com\/de\/motorteile\/kraftstoffuberlaufrohr\/leitung-leckkraftstoff-kubota-v1505-v1305\/","title":{"rendered":"R\u00fccklaufleitung Kubota V1505 | V1305"},"content":{"rendered":"<p>R\u00fccklaufleitung passend f\u00fcr:<\/p>\n<p><strong>Kubota<\/strong><\/p>\n<ul>\n<li>X20<\/li>\n<li>B2710<\/li>\n<li>F3060<\/li>\n<li>B2910<\/li>\n<li>B3000<\/li>\n<li>B3030<\/li>\n<li>B3050<\/li>\n<li>B3200<\/li>\n<li>B3300<\/li>\n<li>B7800<\/li>\n<li>F3680<\/li>\n<li>KX71<\/li>\n<li>KX91<\/li>\n<li>ZD1511<\/li>\n<\/ul>\n<p><strong>Motor<\/strong><\/p>\n<ul>\n<li>V1505, V1305<\/li>\n<\/ul>\n<p><strong>OEM als Referenz:<\/strong><\/p>\n<ul>\n<li>16271-42502<\/li>\n<\/ul>\n","protected":false},"excerpt":{"rendered":"<p>R\u00fccklaufleitung passend f\u00fcr: Kubota X20 B2710 F3060 B2910 B3000 B3030 B3050 B3200 B3300 B7800 F3680 KX71 KX91 ZD1511 Motor V1505, V1305 OEM als Referenz: 16271-42502<\/p>\n","protected":false},"featured_media":166903,"comment_status":"open","ping_status":"closed","template":"","meta":[],"product_cat":[7201],"product_tag":[3895],"class_list":{"0":"post-57089","1":"product","2":"type-product","3":"status-publish","4":"has-post-thumbnail","6":"product_cat-kraftstoffuberlaufrohr","7":"product_tag-snelparts-de","8":"pa_merk-avant-de","9":"pa_merk-bobcat-de","10":"pa_merk-giant-de","11":"pa_merk-jcb-de","12":"pa_merk-kubota-de","13":"pa_merk-schaffer-de","14":"pa_motor-v1205-de","15":"pa_motor-v1305-de","16":"pa_motor-v1505-de","18":"first","19":"onbackorder","20":"sale","21":"taxable","22":"shipping-taxable","23":"purchasable","24":"product-type-simple","25":"col-xs-6 col-sm-4","26":"col-md-3 col-lg-3","27":"un-4-cols"},"_links":{"self":[{"href":"https:\/\/shop4trac.com\/de\/wp-json\/wp\/v2\/product\/57089","targetHints":{"allow":["GET"]}}],"collection":[{"href":"https:\/\/shop4trac.com\/de\/wp-json\/wp\/v2\/product"}],"about":[{"href":"https:\/\/shop4trac.com\/de\/wp-json\/wp\/v2\/types\/product"}],"replies":[{"embeddable":true,"href":"https:\/\/shop4trac.com\/de\/wp-json\/wp\/v2\/comments?post=57089"}],"wp:featuredmedia":[{"embeddable":true,"href":"https:\/\/shop4trac.com\/de\/wp-json\/wp\/v2\/media\/166903"}],"wp:attachment":[{"href":"https:\/\/shop4trac.com\/de\/wp-json\/wp\/v2\/media?parent=57089"}],"wp:term":[{"taxonomy":"product_cat","embeddable":true,"href":"https:\/\/shop4trac.com\/de\/wp-json\/wp\/v2\/product_cat?post=57089"},{"taxonomy":"product_tag","embeddable":true,"href":"https:\/\/shop4trac.com\/de\/wp-json\/wp\/v2\/product_tag?post=57089"}],"curies":[{"name":"wp","href":"https:\/\/api.w.org\/{rel}","templated":true}]}}