{"id":56683,"date":"2022-07-18T09:58:41","date_gmt":"2022-07-18T08:58:41","guid":{"rendered":"https:\/\/shop4trac.com\/unkategorisiert\/einspritzduseneinsatz-iseki-e3cd-kubota-d905\/"},"modified":"2026-02-27T20:02:08","modified_gmt":"2026-02-27T19:02:08","slug":"zerstauber-duse-iseki-e3cd-kubota-d905","status":"publish","type":"product","link":"https:\/\/shop4trac.com\/de\/motorteile\/einspritzduse\/zerstauber-duse-iseki-e3cd-kubota-d905\/","title":{"rendered":"Einspritzd\u00fcse Iseki E3CD \u2013 E3CE \u2013 E3CF | Kubota D905 \u2013 D1105 | V1205 \u2013 V1505"},"content":{"rendered":"<p><span style=\"text-decoration: underline;\">Exklusiv aus eigener Produktion<\/span>: eine hochwertige Zerst\u00e4uberd\u00fcse, die den strengsten Toleranzen entspricht. Diese &#8218;<strong>Snelparts<\/strong>&#8218; Zerst\u00e4uberspitze wurde als \u00fcberlegene Alternative zu Standard-Aftermarket-Teilen entwickelt. <\/p>\n<ul>\n<li>Wir garantieren ein perfektes Spr\u00fchbild und eine exakte Abdichtung, was zu einem ruhiger laufenden Motor und einer saubereren Verbrennung f\u00fchrt.<\/li>\n<li>Aus Erfahrung: Greif nicht zu g\u00fcnstigeren Alternativen. <span style=\"text-decoration: underline;\">Es wurde umfassende Forschung in OEM-Qualit\u00e4t betrieben, wie bei bekannten Marken dieser Branche!<\/span><\/li>\n<\/ul>\n<p>Seien Sie vorsichtig mit <strong>Iseki<\/strong> . Speziell ausgew\u00e4hlt f\u00fcr die Serien GEAS und TK. Diese passen zu 100 % auf die unten aufgef\u00fchrten Modelle mit der D\u00fcse <span style=\"text-decoration: underline;\">6215-311-028-00<\/span><\/p>\n<p><span style=\"text-decoration: underline;\">F\u00fcr andere E3CD-, E3CE- und E3CF-D\u00fcsen suchen Sie in der Suchleiste nach DN0PDN114 f\u00fcr eine andere Variante!<\/span><\/p>\n<p data-path-to-node=\"11\"><b data-path-to-node=\"11\" data-index-in-node=\"0\">Lieferung inklusive komplettem Dichtungssatz f\u00fcr die direkte Montage!<\/b> Wir liefern diese D\u00fcse standardm\u00e4\u00dfig mit allen ben\u00f6tigten neuen Kupferringen. So kannst du direkt sicher und leckfrei loslegen. Das mitgelieferte Set besteht aus:  <\/p>\n<ul data-path-to-node=\"12\">\n<li>\n<p data-path-to-node=\"12,0,0\">Ein neues <b data-path-to-node=\"12,0,0\" data-index-in-node=\"10\">Hitzeschutzschild<\/b> (Flammscheibe) gegen extreme Hitze und Ru\u00dfbildung.<\/p>\n<\/li>\n<li>\n<p data-path-to-node=\"12,1,0\">Eine kupferne <b data-path-to-node=\"12,1,0\" data-index-in-node=\"12\">Einspritzd\u00fcsendichtung<\/b> f\u00fcr 100 % Kompressionserhalt.<\/p>\n<\/li>\n<li>\n<p data-path-to-node=\"12,2,0\">Eine <b data-path-to-node=\"12,2,0\" data-index-in-node=\"4\">R\u00fccklaufleitungsdichtung<\/b>, um Kraftstoffleckagen zu vermeiden.<\/p>\n<\/li>\n<\/ul>\n<p><strong>ISEKI<\/strong><\/p>\n<ul>\n<li>TG21, TG23, TG25, TG233, TGG253, TG273, TG293, TG313, TG333<\/li>\n<li>TK25, TK27, TK29, TK33 TK532<\/li>\n<li>TK527, TK529<\/li>\n<li>TH4330<\/li>\n<li>SF370<\/li>\n<\/ul>\n<p><strong>Iseki-Motor<\/strong><\/p>\n<ul>\n<li>E3CD, E3CE, E3CF<\/li>\n<li>E3CEB03, E3CEB05<\/li>\n<\/ul>\n<p><strong>Massey Ferguson<\/strong><\/p>\n<ul>\n<li>MF1240<\/li>\n<\/ul>\n<p><strong>Mitsubishi<\/strong><\/p>\n<ul>\n<li>GSK256, GSK24<\/li>\n<\/ul>\n<p><strong>Agco<\/strong><\/p>\n<ul>\n<li>ST35, ST35H, ST35X, ST40, ST40H, ST40X<\/li>\n<\/ul>\n<p><strong>Herausforderer<\/strong><\/p>\n<ul>\n<li>MT265, MT265 Hydro, MT265B, MT265H, MT275, MT275<\/li>\n<\/ul>\n<p><strong>Kubota Motor<\/strong><\/p>\n<ul>\n<li>D905, D1005, D1105, D1305<\/li>\n<li>V1205, V1305, V1505<\/li>\n<li>D640, D600<\/li>\n<\/ul>\n<p><strong>Kubota<\/strong><\/p>\n<ul>\n<li>A-15, A-17, A-19, A-155, A-175, A-195, B1241, B1700, B1830, B2050, B2100, B2201, B2230, B2231, B2301, B2311<\/li>\n<li>B2320, B2350, B2400, B2410, B2441, B2420, B2530, B2620, B2630, B2710, B3000, B3030, B3150, B3200, B3300, B3350, B7500, B7510, B7610, B7800<\/li>\n<li>BX2200, BX2660, BX2670, BX2670-1, BX2680, GB15, GB16, GB18, GB20, GB150, GB155, GB160, GB170, GB175, GB180, GB200<\/li>\n<li>GT-5, GT-8, JB16, JB17X, JB18, JB19X,<\/li>\n<li>KB16, KB18, KB20, KB17X, KB19X, KB21X, KB165, KB185, KB205<\/li>\n<li>ST-30<\/li>\n<li>F2880, F2680, F2690, F3090, F3890, F3680, F3990<\/li>\n<li>ZD326, ZD331LP, ZD1211, ZD1511<\/li>\n<li>KX36, KX61, KX71, U20, U20-3, U20-3a, U25-3a, U25-3S, U27-4, U35<\/li>\n<li>KX41-2S, KX41-2, KX61-2, KX61-2S, KX41H, RTV1100, RTV1100CW9<\/li>\n<li>RTV1140CPX, RTV1100RW9, ZD28<\/li>\n<li>R310<\/li>\n<\/ul>\n<p><strong>OEM zur Referenz:<\/strong><\/p>\n<p><strong>Iseki<\/strong><\/p>\n<ul>\n<li>6215-311-028-00<\/li>\n<li>6215-311-028-00G<\/li>\n<\/ul>\n<p><strong>D\u00fcse<\/strong><\/p>\n<ul>\n<li>105148-1350, 105148-1360, 105148-1361, 105148-1362, 105148-1363<\/li>\n<li>DNOPDN133, DN0PDN133<\/li>\n<\/ul>\n<p><strong>Kubota<\/strong><\/p>\n<ul>\n<li>16032-53610<\/li>\n<li>16261-53610, 16261-53611, 16261-53612, 16261-53613<\/li>\n<li>16082-53610, 19077-53610<\/li>\n<li>15841-5316-0<\/li>\n<\/ul>\n","protected":false},"excerpt":{"rendered":"<p>Exklusiv aus eigener Produktion: eine hochwertige Zerst\u00e4uberd\u00fcse, die den strengsten Toleranzen entspricht. Diese &#8218;Snelparts&#8218; Zerst\u00e4uberspitze wurde als \u00fcberlegene Alternative zu Standard-Aftermarket-Teilen entwickelt. Wir garantieren ein perfektes Spr\u00fchbild und eine exakte Abdichtung, was zu einem ruhiger laufenden Motor und einer saubereren Verbrennung f\u00fchrt. Aus Erfahrung: Greif nicht zu g\u00fcnstigeren Alternativen. Es wurde umfassende Forschung in OEM-Qualit\u00e4t&hellip;<\/p>\n","protected":false},"featured_media":192555,"comment_status":"open","ping_status":"closed","template":"","meta":[],"product_cat":[8109],"product_tag":[3895],"class_list":{"0":"post-56683","1":"product","2":"type-product","3":"status-publish","4":"has-post-thumbnail","6":"product_cat-einspritzduse","7":"product_tag-snelparts-de","8":"pa_merk-iseki-de","9":"pa_merk-kubota-de","10":"pa_motor-d1005-de","11":"pa_motor-d1105-de","12":"pa_motor-d905-de","13":"pa_motor-e3cd-de","14":"pa_motor-v1205-de","15":"pa_motor-v1305-de","16":"pa_motor-v1505-de","18":"first","19":"instock","20":"sale","21":"taxable","22":"shipping-taxable","23":"purchasable","24":"product-type-simple","25":"col-xs-6 col-sm-4","26":"col-md-3 col-lg-3","27":"un-4-cols"},"_links":{"self":[{"href":"https:\/\/shop4trac.com\/de\/wp-json\/wp\/v2\/product\/56683","targetHints":{"allow":["GET"]}}],"collection":[{"href":"https:\/\/shop4trac.com\/de\/wp-json\/wp\/v2\/product"}],"about":[{"href":"https:\/\/shop4trac.com\/de\/wp-json\/wp\/v2\/types\/product"}],"replies":[{"embeddable":true,"href":"https:\/\/shop4trac.com\/de\/wp-json\/wp\/v2\/comments?post=56683"}],"wp:featuredmedia":[{"embeddable":true,"href":"https:\/\/shop4trac.com\/de\/wp-json\/wp\/v2\/media\/192555"}],"wp:attachment":[{"href":"https:\/\/shop4trac.com\/de\/wp-json\/wp\/v2\/media?parent=56683"}],"wp:term":[{"taxonomy":"product_cat","embeddable":true,"href":"https:\/\/shop4trac.com\/de\/wp-json\/wp\/v2\/product_cat?post=56683"},{"taxonomy":"product_tag","embeddable":true,"href":"https:\/\/shop4trac.com\/de\/wp-json\/wp\/v2\/product_tag?post=56683"}],"curies":[{"name":"wp","href":"https:\/\/api.w.org\/{rel}","templated":true}]}}