{"id":53061,"date":"2022-05-22T11:43:00","date_gmt":"2022-05-22T10:43:00","guid":{"rendered":"https:\/\/shop4trac.com\/?post_type=product&#038;p=53061"},"modified":"2026-04-11T13:34:20","modified_gmt":"2026-04-11T12:34:20","slug":"v-snaar-iseki-tu125-tu135-sial-15-tm15-tm17-kubota-b1-14-b1-17-b52","status":"publish","type":"product","link":"https:\/\/shop4trac.com\/de\/motorteile\/keilriemen\/v-snaar-iseki-tu125-tu135-sial-15-tm15-tm17-kubota-b1-14-b1-17-b52\/","title":{"rendered":"Keilriemen Iseki TU125 \u2013 TU135 | Sial 15 | TM15 \u2013 TM17 | Kubota B1-14 \u2013 B1-17 | B52 | Mitsubishi MT14 \u2013 MT2801 | MTE1800 \u2013 MTE2801"},"content":{"rendered":"<p class=\"p1\">Zuverl\u00e4ssiger Keilriemen passend f\u00fcr verschiedene Minitraktoren. Ideal zum Betreiben von Zubeh\u00f6r oder zum Ersetzen abgenutzten Zubeh\u00f6rs. Aus verschlei\u00dffestem Gummi f\u00fcr lange Lebensdauer und optimale Leistung.  <\/p>\n<p><strong>Iseki <\/strong><\/p>\n<ul>\n<li>TU125, TU135, SIAL 15, SIal17, TM15, TM17<\/li>\n<li>TF153, TF173, TF193<\/li>\n<li>Sial TF317, TF321<\/li>\n<\/ul>\n<p><strong>Kubota<\/strong><\/p>\n<ul>\n<li>Kubota B1-14, B1-15, B1-16, B1-17, B52, B1610<\/li>\n<li>B1410, B1610, B1620, B1820, F1900, G1700, G18, G1900, G2160, G21, GR1600, G1700, GR2100, GR2120, GZD15, GZD21, T1600, TG1860, ZD21<\/li>\n<li>B7300, B7300HSD<\/li>\n<li>A-13, A-14 Aste<\/li>\n<\/ul>\n<p><strong>Mitsubishi<\/strong><\/p>\n<ul>\n<li>MT14, MT16, MT17, MT18, MT20<\/li>\n<li>MT14D, MT16D, MT17D, MT18D, MT20D<\/li>\n<li>MT21, MT23, MT25, MT26<\/li>\n<li>MT23D, MT25D<\/li>\n<li>MT160, MT180, MT210, MT250<\/li>\n<li>MT1801, MT2001, MTE1800, MTE2000, MT2801(D)<\/li>\n<\/ul>\n<p><strong>Kubota-Motor<\/strong><\/p>\n<ul>\n<li>D722, Z482 Motor<\/li>\n<\/ul>\n<p><strong>OEM als Referenz:<\/strong><\/p>\n<ul>\n<li>1553372530, 15881-97010, 1588197010<\/li>\n<li>621367101200, 6213-671-012-00<\/li>\n<li>MM409307<\/li>\n<\/ul>\n","protected":false},"excerpt":{"rendered":"<p>Zuverl\u00e4ssiger Keilriemen passend f\u00fcr verschiedene Minitraktoren. Ideal zum Betreiben von Zubeh\u00f6r oder zum Ersetzen abgenutzten Zubeh\u00f6rs. Aus verschlei\u00dffestem Gummi f\u00fcr lange Lebensdauer und optimale Leistung. Iseki TU125, TU135, SIAL 15, SIal17, TM15, TM17 TF153, TF173, TF193 Sial TF317, TF321 Kubota Kubota B1-14, B1-15, B1-16, B1-17, B52, B1610 B1410, B1610, B1620, B1820, F1900, G1700, G18, G1900,&hellip;<\/p>\n","protected":false},"featured_media":52763,"comment_status":"open","ping_status":"closed","template":"","meta":[],"product_cat":[7605],"product_tag":[3895],"class_list":{"0":"post-53061","1":"product","2":"type-product","3":"status-publish","4":"has-post-thumbnail","6":"product_cat-keilriemen","7":"product_tag-snelparts-de","8":"pa_merk-iseki-de","9":"pa_merk-kubota-de","10":"pa_merk-zen-noh-de","11":"pa_motor-d905-de","12":"pa_motor-k3a-de","13":"pa_motor-k3b-de","14":"pa_motor-k3c-de","15":"pa_motor-k3d-de","16":"pa_motor-k3e-de","18":"first","19":"onbackorder","20":"sale","21":"taxable","22":"shipping-taxable","23":"purchasable","24":"product-type-simple","25":"col-xs-6 col-sm-4","26":"col-md-3 col-lg-3","27":"un-4-cols"},"_links":{"self":[{"href":"https:\/\/shop4trac.com\/de\/wp-json\/wp\/v2\/product\/53061","targetHints":{"allow":["GET"]}}],"collection":[{"href":"https:\/\/shop4trac.com\/de\/wp-json\/wp\/v2\/product"}],"about":[{"href":"https:\/\/shop4trac.com\/de\/wp-json\/wp\/v2\/types\/product"}],"replies":[{"embeddable":true,"href":"https:\/\/shop4trac.com\/de\/wp-json\/wp\/v2\/comments?post=53061"}],"wp:featuredmedia":[{"embeddable":true,"href":"https:\/\/shop4trac.com\/de\/wp-json\/wp\/v2\/media\/52763"}],"wp:attachment":[{"href":"https:\/\/shop4trac.com\/de\/wp-json\/wp\/v2\/media?parent=53061"}],"wp:term":[{"taxonomy":"product_cat","embeddable":true,"href":"https:\/\/shop4trac.com\/de\/wp-json\/wp\/v2\/product_cat?post=53061"},{"taxonomy":"product_tag","embeddable":true,"href":"https:\/\/shop4trac.com\/de\/wp-json\/wp\/v2\/product_tag?post=53061"}],"curies":[{"name":"wp","href":"https:\/\/api.w.org\/{rel}","templated":true}]}}