{"id":52734,"date":"2021-08-03T18:17:55","date_gmt":"2021-08-03T17:17:55","guid":{"rendered":"https:\/\/shop4trac.com\/unkategorisiert\/zylinderkopf-z402-kubota\/"},"modified":"2026-03-31T16:27:18","modified_gmt":"2026-03-31T15:27:18","slug":"zylinderkopf-z402-kubota","status":"publish","type":"product","link":"https:\/\/shop4trac.com\/de\/motorteile\/zylinderkopfe\/zylinderkopf-z402-kubota\/","title":{"rendered":"Zylinderkopf komplett Z402 Kubota | Aixam 400"},"content":{"rendered":"<h4><b>Variante 1. Kompletter Zylinderkopf mit Ventilen und Federn \u2013 direkt montagefertig <\/b><\/h4>\n<p class=\"p3\">Dieser neue Zylinderkopf ist aus hochwertigem Material gefertigt und wird komplett geliefert, inklusive montierter Ventile und Federn. Dank der vollst\u00e4ndigen Montage m\u00fcssen Sie keine Teile \u00fcbertragen oder einstellen. <\/p>\n<p class=\"p3\">\u2705 Vollst\u00e4ndig montiert<\/p>\n<p class=\"p3\">\u2705 Inklusive Ventilen und Federn<\/p>\n<p class=\"p3\">\u2705 Keine zus\u00e4tzlichen Einstellarbeiten erforderlich<\/p>\n<p class=\"p3\">\u2705 Direkt montagebereit<\/p>\n<p class=\"p3\">Eine gebrauchsfertige L\u00f6sung, die Zeit in der Werkstatt spart und das Risiko von Montagefehlern minimiert.<\/p>\n<p class=\"p3\">Dieser Zylinderkopf ist mit gro\u00dfer Sorgfalt mit den untenstehenden kompatiblen Modellen verbunden.<\/p>\n<hr>\n<h4><b>Variante <\/b><b>2. Leerer Zylinderkopf \u2013 mit vormontierten Ventilsitzen<\/b><\/h4>\n<p class=\"p3\">Dieser Zylinderkopf ist aus hochwertigem Material gefertigt und wird als ein kaler Zylinderkopf mit bereits montierten Ventilsitzen geliefert. Der Kopf ist somit f\u00fcr den weiteren Aufbau mit Ihren bestehenden oder neuen Komponenten vorbereitet. <\/p>\n<p class=\"p3\">\u2705 Neuer Zylinderkopf von Top-Qualit\u00e4t<\/p>\n<p class=\"p3\">\u2705 Ventilsitze bereits montiert<\/p>\n<p class=\"p3\">\u2705 Bereit f\u00fcr die weitere Montage<\/p>\n<p class=\"p3\">\u2705 Geeignet f\u00fcr Revision oder Ma\u00dfanfertigung<\/p>\n<p class=\"p3\">Ideal f\u00fcr diejenigen, die die Kontrolle \u00fcber die Endmontage behalten oder spezifische Teile wiederverwenden m\u00f6chten.<\/p>\n<p class=\"p3\">Der Zylinderkopf ist f\u00fcr folgende Modelle geeignet:<\/p>\n<p><strong>Kubota Motor<\/strong><\/p>\n<ul>\n<li>Z402<\/li>\n<li>Z402-EB, Z402-EB-ONAN-1, Z402B, Z402-B, Z402-B-AIXAM-1, Z402-E2B-WDDE-1<\/li>\n<\/ul>\n<p><strong>Aixam<\/strong><\/p>\n<ul>\n<li>400 (1997-2004), 400.4 (1997-2004), 400 Evolution (1997-2004), 500.4 (1997-2004), 500.4 Minivan (1997-2004), 500.4 Pick-Up (1997-2004)<\/li>\n<li>721 (2005-2008), 741 (2005-2008), Scouty 2005-2008, Crossline 2005-2008, City 2008-2010, Roadline 2008-2010<\/li>\n<li>Crossline 2008-2010, Scouty 2008-2010, City 2010-2013, Crossline 2010-2013, Crossover 2010-2013<\/li>\n<li>GTO 2010-2013, Coup\u00e9 2010-2013, City 2013-2016, Coup\u00e9 2013-2016, Crossline 2013-2016<\/li>\n<li>Crossover 2013-2016, MEGA 1, MEGA 2, Pro D-Truck<\/li>\n<\/ul>\n<p><strong>OEM zur Referenz<\/strong><\/p>\n<ul>\n<li>15821-03040<\/li>\n<li>15821-03045, 1582103045<\/li>\n<\/ul>\n","protected":false},"excerpt":{"rendered":"<p>Variante 1. Kompletter Zylinderkopf mit Ventilen und Federn \u2013 direkt montagefertig Dieser neue Zylinderkopf ist aus hochwertigem Material gefertigt und wird komplett geliefert, inklusive montierter Ventile und Federn. Dank der vollst\u00e4ndigen Montage m\u00fcssen Sie keine Teile \u00fcbertragen oder einstellen. \u2705 Vollst\u00e4ndig montiert \u2705 Inklusive Ventilen und Federn \u2705 Keine zus\u00e4tzlichen Einstellarbeiten erforderlich \u2705 Direkt montagebereit&hellip;<\/p>\n","protected":false},"featured_media":140803,"comment_status":"open","ping_status":"closed","template":"","meta":[],"product_cat":[404],"product_tag":[3895],"class_list":{"0":"post-52734","1":"product","2":"type-product","3":"status-publish","4":"has-post-thumbnail","6":"product_cat-zylinderkopfe","7":"product_tag-snelparts-de","8":"pa_merk-aixam-de","9":"pa_merk-kubota-de","10":"pa_motor-z402-de","12":"first","13":"instock","14":"sale","15":"taxable","16":"shipping-taxable","17":"purchasable","18":"product-type-variable","19":"col-xs-6 col-sm-4","20":"col-md-3 col-lg-3","21":"un-4-cols"},"_links":{"self":[{"href":"https:\/\/shop4trac.com\/de\/wp-json\/wp\/v2\/product\/52734","targetHints":{"allow":["GET"]}}],"collection":[{"href":"https:\/\/shop4trac.com\/de\/wp-json\/wp\/v2\/product"}],"about":[{"href":"https:\/\/shop4trac.com\/de\/wp-json\/wp\/v2\/types\/product"}],"replies":[{"embeddable":true,"href":"https:\/\/shop4trac.com\/de\/wp-json\/wp\/v2\/comments?post=52734"}],"wp:featuredmedia":[{"embeddable":true,"href":"https:\/\/shop4trac.com\/de\/wp-json\/wp\/v2\/media\/140803"}],"wp:attachment":[{"href":"https:\/\/shop4trac.com\/de\/wp-json\/wp\/v2\/media?parent=52734"}],"wp:term":[{"taxonomy":"product_cat","embeddable":true,"href":"https:\/\/shop4trac.com\/de\/wp-json\/wp\/v2\/product_cat?post=52734"},{"taxonomy":"product_tag","embeddable":true,"href":"https:\/\/shop4trac.com\/de\/wp-json\/wp\/v2\/product_tag?post=52734"}],"curies":[{"name":"wp","href":"https:\/\/api.w.org\/{rel}","templated":true}]}}