{"id":52389,"date":"2022-05-10T16:41:31","date_gmt":"2022-05-10T15:41:31","guid":{"rendered":"https:\/\/shop4trac.com\/unkategorisiert\/kraftstofffilter-bobcat-kubota-yanmar-komatsu\/"},"modified":"2026-01-22T18:11:12","modified_gmt":"2026-01-22T17:11:12","slug":"kraftstofffilter-bobcat-kubota-yanmar-komatsu","status":"publish","type":"product","link":"https:\/\/shop4trac.com\/de\/filter\/kraftstofffilter\/kraftstofffilter-bobcat-kubota-yanmar-komatsu\/","title":{"rendered":"Kraftstofffilter Bobcat | Kubota | Yanmar | Komatsu"},"content":{"rendered":"<p><strong>L\u00e4nge<\/strong>: 100mm<\/p>\n<p><strong>L\u00e4nge des Geh\u00e4uses<\/strong>: 60mm<\/p>\n<p><strong>Geh\u00e4use-Durchmesser<\/strong>: 47mm<\/p>\n<p>Kraftstofffilter geeignet f\u00fcr:<\/p>\n<p><strong>Bobcat<\/strong><\/p>\n<ul>\n<li>S100, S450<\/li>\n<li>E17, E19, E20, E26, E35, E45<\/li>\n<li>BCT13<\/li>\n<li>BCA14 BCA16 BCA24<\/li>\n<li>B100<\/li>\n<li>2300, 2200, 2200<\/li>\n<\/ul>\n<p><strong>KUBOTA<\/strong><\/p>\n<ul>\n<li>AM300<\/li>\n<li>B1700<\/li>\n<li>BX22, BX23, BX24, BX25, BX1500, BX1800, BX1830, BX1850, BX1870, BX2200, BX2230, BX2370, BX2670<\/li>\n<li>F1900, F2260, F2560, F2680, F2680, F2880, F3060, F3560, F680, F3890<\/li>\n<li>G18, G21, G23, G26, G1700, G1800, G1900, G2000, G2160, G2460, G4200, G5200, G6200, GF1800<\/li>\n<li>GR1600, GR2010, GR2100, GR2110, GR2120<\/li>\n<li>GZD15, GZD21<\/li>\n<li>K008, K008-3<\/li>\n<li>KH040, KH05, KH101, KH11, KH121-2, KH130, KH14, KH15, KH151, KH16, KH191, KH21, KH31, KH35, KH36, KH41, KH50, KH51, KH55, KH60, KH61, KH65, KH66, KH90, KH91, KYH4815<\/li>\n<li>KX024, KX101, KX151, KX36, KX41, KX61, KX71<\/li>\n<li>L4630<\/li>\n<li>R310, R400, R510, RT140<\/li>\n<li>RTV1100, RTV500, RTV900, RTV-X1100<\/li>\n<li>SQ3300<\/li>\n<li>T1400, T1600<\/li>\n<li>TG1860<\/li>\n<li>U10, U10-3, U10-5, U10 ALPHA<\/li>\n<li>Z580, ZD2322, ZD18, ZD21, SD221-48, ZD25, ZD28, ZD323-60, ZD326<\/li>\n<\/ul>\n<p><strong>KOMATSU<\/strong><\/p>\n<ul>\n<li>FG20, FG25, FG30<\/li>\n<\/ul>\n<p><strong>TORO<\/strong><\/p>\n<ul>\n<li>TX1000<\/li>\n<li>REELMASTER 5010 H CROSSTRAX<\/li>\n<li>GROUNDMASTER 4700 D, GROUNDMASTER 4500 D, GROUNDMASTER 4100 D, GROUNDMASTER 4000 D, GROUNDMASTER 3505 D, GROUNDMASTER 3500 D, GROUNDMASTER 3100 D<\/li>\n<\/ul>\n<p><strong>Yanmar<\/strong><\/p>\n<ul>\n<li>YM1300<\/li>\n<\/ul>\n<p><strong>OEM als Referenz:<\/strong><\/p>\n<ul>\n<li>1258143010 KUBOTA<\/li>\n<li>1258143011 KUBOTA<\/li>\n<li>1258143012 KUBOTA<\/li>\n<li>1258143013 KUBOTA<\/li>\n<li>6683101 BOBCAT<\/li>\n<\/ul>\n","protected":false},"excerpt":{"rendered":"<p>L\u00e4nge: 100mm L\u00e4nge des Geh\u00e4uses: 60mm Geh\u00e4use-Durchmesser: 47mm Kraftstofffilter geeignet f\u00fcr: Bobcat S100, S450 E17, E19, E20, E26, E35, E45 BCT13 BCA14 BCA16 BCA24 B100 2300, 2200, 2200 KUBOTA AM300 B1700 BX22, BX23, BX24, BX25, BX1500, BX1800, BX1830, BX1850, BX1870, BX2200, BX2230, BX2370, BX2670 F1900, F2260, F2560, F2680, F2680, F2880, F3060, F3560, F680, F3890 G18,&hellip;<\/p>\n","protected":false},"featured_media":52344,"comment_status":"open","ping_status":"closed","template":"","meta":[],"product_cat":[381],"product_tag":[3895],"class_list":{"0":"post-52389","1":"product","2":"type-product","3":"status-publish","4":"has-post-thumbnail","6":"product_cat-kraftstofffilter","7":"product_tag-snelparts-de","8":"pa_merk-bobcat-de","9":"pa_merk-kubota-de","10":"pa_merk-yanmar-de","12":"first","13":"instock","14":"taxable","15":"shipping-taxable","16":"purchasable","17":"product-type-simple","18":"col-xs-6 col-sm-4","19":"col-md-3 col-lg-3","20":"un-4-cols"},"_links":{"self":[{"href":"https:\/\/shop4trac.com\/de\/wp-json\/wp\/v2\/product\/52389","targetHints":{"allow":["GET"]}}],"collection":[{"href":"https:\/\/shop4trac.com\/de\/wp-json\/wp\/v2\/product"}],"about":[{"href":"https:\/\/shop4trac.com\/de\/wp-json\/wp\/v2\/types\/product"}],"replies":[{"embeddable":true,"href":"https:\/\/shop4trac.com\/de\/wp-json\/wp\/v2\/comments?post=52389"}],"wp:featuredmedia":[{"embeddable":true,"href":"https:\/\/shop4trac.com\/de\/wp-json\/wp\/v2\/media\/52344"}],"wp:attachment":[{"href":"https:\/\/shop4trac.com\/de\/wp-json\/wp\/v2\/media?parent=52389"}],"wp:term":[{"taxonomy":"product_cat","embeddable":true,"href":"https:\/\/shop4trac.com\/de\/wp-json\/wp\/v2\/product_cat?post=52389"},{"taxonomy":"product_tag","embeddable":true,"href":"https:\/\/shop4trac.com\/de\/wp-json\/wp\/v2\/product_tag?post=52389"}],"curies":[{"name":"wp","href":"https:\/\/api.w.org\/{rel}","templated":true}]}}