{"id":51819,"date":"2022-05-04T12:28:37","date_gmt":"2022-05-04T11:28:37","guid":{"rendered":"https:\/\/shop4trac.com\/?post_type=product&#038;p=51819"},"modified":"2025-08-01T17:58:53","modified_gmt":"2025-08-01T15:58:53","slug":"filtersatz-iseki-sf-th-tm","status":"publish","type":"product","link":"https:\/\/shop4trac.com\/de\/filter\/filter-satz\/filtersatz-iseki-sf-th-tm\/","title":{"rendered":"Filterkit Iseki SF200 \u2013 SF333 | TH4260 \u2013 TH4365 | TM3265 \u2013 TM3267 | SFH220 \u2013 SFH240"},"content":{"rendered":"<h4><b>\u2705 Filterkit | Wartungskit f\u00fcr <\/b><b>Iseki SIAL Hunter &amp; TH-Serie<\/b><\/h4>\n<p class=\"p3\"><b>Komplettes Wartungskit f\u00fcr 500 Betriebsstunden \u2013 damit Ihr Traktor wieder wie neu ist!<\/b><b><\/b><\/p>\n<p class=\"p4\">Dieses Set enth\u00e4lt alles, was Sie f\u00fcr eine gr\u00fcndliche Wartung ben\u00f6tigen. Perfekt passend f\u00fcr diverse Modelle aus der <span class=\"s2\"><b>SIAL Hunter<\/b><\/span> und <span class=\"s2\"><b>TH-Serie<\/b><\/span> von Iseki. <\/p>\n<p>Filterkit bestehend aus:<\/p>\n<ul>\n<li><a href=\"https:\/\/shop4trac.com\/de\/filter\/oelfilter\/iseki-tm-th-sxg-sf\/\">\u00d6lfilter  <\/a><\/li>\n<li><a href=\"https:\/\/shop4trac.com\/de\/filter\/luftfilter-de-2\/luftfilter-iseki-geas-tg-kubota-gl\/\">Luftfilter<\/a><\/li>\n<li><a href=\"https:\/\/shop4trac.com\/de\/filter\/kraftstofffilter\/krafstofffilter-iseki-kubota-hinomoto-mitsubishi\/\">Kraftstofffilter<\/a><\/li>\n<\/ul>\n<h3><b>? Inhalt des Kits:<\/b><\/h3>\n<p class=\"p3\"><span class=\"s2\">\u2714\ufe0f <\/span><b>\u00d6lfilter<\/b><b><\/b><\/p>\n<ul>\n<li class=\"p1\">H\u00f6he: <span class=\"s1\"><b>73 mm<\/b><b><\/b><\/span><\/li>\n<li class=\"p1\">Breite: <span class=\"s1\"><b>69 mm<\/b><b><\/b><\/span><\/li>\n<li class=\"p1\">Gewinde: <span class=\"s1\"><b>3\/4\u2033-16UNF<\/b><\/span><\/li>\n<\/ul>\n<p class=\"p3\"><span class=\"s2\">\u2714\ufe0f <\/span><b>Kraftstofffilter<\/b><b><\/b><\/p>\n<ul>\n<li class=\"p1\">Au\u00dfendurchmesser: <span class=\"s1\"><b>35 mm<\/b><b><\/b><\/span><\/li>\n<li class=\"p1\">Innendurchmesser: <span class=\"s1\"><b>11,2 mm<\/b><b><\/b><\/span><\/li>\n<li class=\"p1\">L\u00e4nge: <span class=\"s1\"><b>70 mm<\/b><\/span><\/li>\n<\/ul>\n<p class=\"p3\"><span class=\"s2\">\u2714\ufe0f <\/span><b>Luftfilter<\/b><b><\/b><\/p>\n<ul>\n<li class=\"p1\">Au\u00dfendurchmesser: <span class=\"s1\"><b>105 mm<\/b><b><\/b><\/span><\/li>\n<li class=\"p1\">Innendurchmesser: <span class=\"s1\"><b>54 mm<\/b><b><\/b><\/span><\/li>\n<li class=\"p1\">L\u00e4nge: <span class=\"s1\"><b>257 mm<\/b><\/span><\/li>\n<\/ul>\n<p><strong>Iseki<\/strong><\/p>\n<ul>\n<li>SL330<\/li>\n<li>SF200, SF224, SF225, SF230, SF235, SF300, SF303, SF310, SF333<\/li>\n<li>SFH220, SFH240<\/li>\n<li>SZ330<\/li>\n<li>TH4260, TH4290, TH4295, TH4330, TH4365<\/li>\n<li>TM3265, TM3267<\/li>\n<\/ul>\n<p><strong>Massey Ferguson<\/strong><\/p>\n<ul>\n<li>MF1230<\/li>\n<\/ul>\n","protected":false},"excerpt":{"rendered":"<p>\u2705 Filterkit | Wartungskit f\u00fcr Iseki SIAL Hunter &amp; TH-Serie Komplettes Wartungskit f\u00fcr 500 Betriebsstunden \u2013 damit Ihr Traktor wieder wie neu ist! Dieses Set enth\u00e4lt alles, was Sie f\u00fcr eine gr\u00fcndliche Wartung ben\u00f6tigen. Perfekt passend f\u00fcr diverse Modelle aus der SIAL Hunter und TH-Serie von Iseki. Filterkit bestehend aus: \u00d6lfilter Luftfilter Kraftstofffilter ? Inhalt&hellip;<\/p>\n","protected":false},"featured_media":197610,"comment_status":"open","ping_status":"closed","template":"","meta":[],"product_cat":[382],"product_tag":[3895],"class_list":{"0":"post-51819","1":"product","2":"type-product","3":"status-publish","4":"has-post-thumbnail","6":"product_cat-filter-satz","7":"product_tag-snelparts-de","8":"pa_merk-iseki-de","9":"pa_merk-massey-ferguson-de","11":"first","12":"instock","13":"sale","14":"taxable","15":"shipping-taxable","16":"purchasable","17":"product-type-simple","18":"col-xs-6 col-sm-4","19":"col-md-3 col-lg-3","20":"un-4-cols"},"_links":{"self":[{"href":"https:\/\/shop4trac.com\/de\/wp-json\/wp\/v2\/product\/51819","targetHints":{"allow":["GET"]}}],"collection":[{"href":"https:\/\/shop4trac.com\/de\/wp-json\/wp\/v2\/product"}],"about":[{"href":"https:\/\/shop4trac.com\/de\/wp-json\/wp\/v2\/types\/product"}],"replies":[{"embeddable":true,"href":"https:\/\/shop4trac.com\/de\/wp-json\/wp\/v2\/comments?post=51819"}],"wp:featuredmedia":[{"embeddable":true,"href":"https:\/\/shop4trac.com\/de\/wp-json\/wp\/v2\/media\/197610"}],"wp:attachment":[{"href":"https:\/\/shop4trac.com\/de\/wp-json\/wp\/v2\/media?parent=51819"}],"wp:term":[{"taxonomy":"product_cat","embeddable":true,"href":"https:\/\/shop4trac.com\/de\/wp-json\/wp\/v2\/product_cat?post=51819"},{"taxonomy":"product_tag","embeddable":true,"href":"https:\/\/shop4trac.com\/de\/wp-json\/wp\/v2\/product_tag?post=51819"}],"curies":[{"name":"wp","href":"https:\/\/api.w.org\/{rel}","templated":true}]}}