{"id":44146,"date":"2021-11-15T17:48:52","date_gmt":"2021-11-15T15:48:52","guid":{"rendered":"https:\/\/shop4trac.com\/?post_type=product&#038;p=44146"},"modified":"2025-08-01T18:06:22","modified_gmt":"2025-08-01T16:06:22","slug":"wasserpumpe-kubota-v2203-m-di-v2403-mit-extra-anschluss","status":"publish","type":"product","link":"https:\/\/shop4trac.com\/de\/kuehlung-kuehler\/wasserpumpe\/wasserpumpe-kubota-v2203-m-di-v2403-mit-extra-anschluss\/","title":{"rendered":"Wasserpumpe Kubota D1803M | V2203 M-DI | V2403 mit zus\u00e4tzlichem Rohr"},"content":{"rendered":"<p>Wasserpumpe von Premium-Qualit\u00e4t, geeignet f\u00fcr folgende Kubota-Motoren:<\/p>\n<ul>\n<li>D1803, D1803M<\/li>\n<li>V2203 M-DI<\/li>\n<li>V2403<\/li>\n<li>D1503<\/li>\n<\/ul>\n<div><strong>Bobcat<\/strong><\/div>\n<ul>\n<li>331, 334, 337, 341<\/li>\n<li>S130, S150, S160, S175<\/li>\n<li>753, 763, 773<\/li>\n<\/ul>\n<p><strong>Kubota<\/strong><\/p>\n<ul>\n<li>KX101-3<\/li>\n<li>KX161-2, KX121, U45-S, R510, R520<\/li>\n<li>V2003-M, V2203-M, V2203-MD, V2403-M, V2403-M-DI<\/li>\n<li>Fall 560, 1838<\/li>\n<\/ul>\n<p><strong>OEM zur Referenz:<\/strong><\/p>\n<ul>\n<li>1G730-73032 1G730-73030<\/li>\n<li>1G730-7303-2<\/li>\n<\/ul>\n<p>Der V2203 hat eine Ausf\u00fchrung ohne M-DI; diese Wasserpumpe ist anders! Bitte konsultieren Sie unsere Kollektion f\u00fcr die alternative Wasserpumpe. <\/p>\n<p>\u2705 Einschlie\u00dflich der entsprechenden Dichtung<\/p>\n","protected":false},"excerpt":{"rendered":"<p>Wasserpumpe von Premium-Qualit\u00e4t, geeignet f\u00fcr folgende Kubota-Motoren: D1803, D1803M V2203 M-DI V2403 D1503 Bobcat 331, 334, 337, 341 S130, S150, S160, S175 753, 763, 773 Kubota KX101-3 KX161-2, KX121, U45-S, R510, R520 V2003-M, V2203-M, V2203-MD, V2403-M, V2403-M-DI Fall 560, 1838 OEM zur Referenz: 1G730-73032 1G730-73030 1G730-7303-2 Der V2203 hat eine Ausf\u00fchrung ohne M-DI; diese Wasserpumpe&hellip;<\/p>\n","protected":false},"featured_media":90731,"comment_status":"open","ping_status":"closed","template":"","meta":[],"product_cat":[391],"product_tag":[3895,2861,2867],"class_list":{"0":"post-44146","1":"product","2":"type-product","3":"status-publish","4":"has-post-thumbnail","6":"product_cat-wasserpumpe","7":"product_tag-snelparts-de","8":"product_tag-v2203-de","9":"product_tag-v2403-de","10":"pa_merk-bobcat-de","11":"pa_merk-kubota-de","12":"pa_model-1838-de","13":"pa_model-331-de","14":"pa_model-334-de","15":"pa_model-337-de","16":"pa_model-341-de","17":"pa_model-753-de","18":"pa_model-763-de","19":"pa_model-773-de","20":"pa_model-fall-560","21":"pa_model-gl-40-de","22":"pa_model-gl-400-de","23":"pa_model-gl417-de","24":"pa_model-gl418-de","25":"pa_model-gl467-de","26":"pa_model-kl37z-de","27":"pa_model-kl38-de","28":"pa_model-kl380-de-2","29":"pa_model-kl385-de-2","30":"pa_model-kl3950-de","31":"pa_model-kl40z-de","32":"pa_model-kl41-de","33":"pa_model-kl410-de","34":"pa_model-kl415-de","35":"pa_model-kl44z-de","36":"pa_model-kl46-de","37":"pa_model-kl460-de","38":"pa_model-kl465-de","39":"pa_model-kl4750-de","40":"pa_model-kl48z-de","41":"pa_model-kl50-de","42":"pa_model-kl500-de","43":"pa_model-kl505-de","44":"pa_model-kl5150-de","45":"pa_model-kl53z-de","46":"pa_model-kl550-de","47":"pa_model-kl5550-de","48":"pa_model-kl58z-de","49":"pa_model-kx121-de","50":"pa_model-kx161-2-de","51":"pa_model-l4200-de","52":"pa_model-l4350-de","53":"pa_model-l5030-de","54":"pa_model-m4800su-de","55":"pa_model-m5140-de","56":"pa_model-m5660su-de","57":"pa_model-mx4700-de","58":"pa_model-mx5000-de","59":"pa_model-mx5100-de","60":"pa_model-r510-de","61":"pa_model-r520-de","62":"pa_model-s130-de","63":"pa_model-s150-de","64":"pa_model-s160-de","65":"pa_model-s175-de","66":"pa_model-u45-s-de","67":"pa_motor-v2003-m-de","68":"pa_motor-v2203-de","69":"pa_motor-v2203-m-de","70":"pa_motor-v2203-m-d-de","71":"pa_motor-v2403-de","72":"pa_motor-v2403-m-de","73":"pa_motor-v2403-m-di-de","75":"first","76":"instock","77":"taxable","78":"shipping-taxable","79":"purchasable","80":"product-type-simple","81":"col-xs-6 col-sm-4","82":"col-md-3 col-lg-3","83":"un-4-cols"},"_links":{"self":[{"href":"https:\/\/shop4trac.com\/de\/wp-json\/wp\/v2\/product\/44146","targetHints":{"allow":["GET"]}}],"collection":[{"href":"https:\/\/shop4trac.com\/de\/wp-json\/wp\/v2\/product"}],"about":[{"href":"https:\/\/shop4trac.com\/de\/wp-json\/wp\/v2\/types\/product"}],"replies":[{"embeddable":true,"href":"https:\/\/shop4trac.com\/de\/wp-json\/wp\/v2\/comments?post=44146"}],"wp:featuredmedia":[{"embeddable":true,"href":"https:\/\/shop4trac.com\/de\/wp-json\/wp\/v2\/media\/90731"}],"wp:attachment":[{"href":"https:\/\/shop4trac.com\/de\/wp-json\/wp\/v2\/media?parent=44146"}],"wp:term":[{"taxonomy":"product_cat","embeddable":true,"href":"https:\/\/shop4trac.com\/de\/wp-json\/wp\/v2\/product_cat?post=44146"},{"taxonomy":"product_tag","embeddable":true,"href":"https:\/\/shop4trac.com\/de\/wp-json\/wp\/v2\/product_tag?post=44146"}],"curies":[{"name":"wp","href":"https:\/\/api.w.org\/{rel}","templated":true}]}}