{"id":42976,"date":"2021-11-01T13:20:49","date_gmt":"2021-11-01T12:20:49","guid":{"rendered":"https:\/\/shop4trac.com\/?post_type=product&#038;p=42976"},"modified":"2025-11-26T12:22:28","modified_gmt":"2025-11-26T10:22:28","slug":"zylinderkopf-l3e","status":"publish","type":"product","link":"https:\/\/shop4trac.com\/de\/motorteile\/zylinderkopfe\/zylinderkopf-l3e\/","title":{"rendered":"Zylinderkopf+ Reparatursatz Mitsubishi L3E | L3E2 MVL3E Motor | Peljob"},"content":{"rendered":"<h4><b>Kaler Zylinderkopf \u2013 mit vormontierten Ventilsitzen<\/b><\/h4>\n<p class=\"p3\">Dieser Zylinderkopf ist aus hochwertigem Material gefertigt und wird als ein kaler Zylinderkopf mit bereits montierten Ventilsitzen geliefert. Der Kopf ist somit f\u00fcr den weiteren Aufbau mit Ihren bestehenden oder neuen Komponenten vorbereitet. <\/p>\n<p class=\"p3\">\u2705 Neuer Zylinderkopf von Top-Qualit\u00e4t<\/p>\n<p class=\"p3\">\u2705 Ventilsitze bereits montiert<\/p>\n<p class=\"p3\">\u2714\ufe0f <span class=\"s2\"><b>Kompletter \u00dcberholungssatz<\/b><\/span> f\u00fcr Mitsubishi L3E | L3E2<\/p>\n<p class=\"p3\">\u2714\ufe0f <strong>Komplettes<\/strong> Paket mit Dichtungen f\u00fcr: <strong>Zylinderkopfdichtung(ssatz)<\/strong>, <strong>Kurbelwellendichtring vorne und hinten<\/strong>, <strong>Ventilschaftdichtungen<\/strong>, <strong>\u00d6lwannendichtung<\/strong>, <strong>Auspuffdichtungen<\/strong>, <strong>Einlassdichtungen<\/strong>, <strong>Dichtungen<\/strong> und sonstige <strong>Dichtungen<\/strong> wie auf dem Foto.<\/p>\n<p class=\"p3\">\u2714\ufe0f <span class=\"s2\"><b>Ventilschaftdichtungen neu<\/b><\/span>, um \u00d6lverbrauch zu verhindern<\/p>\n<p class=\"p3\">\u2714\ufe0f <span class=\"s2\"><b>3x Gl\u00fchkerzen<\/b><\/span> \u2013 brechen oft ab \u2192 pr\u00e4ventiv ersetzen<\/p>\n<p class=\"p4\"><span class=\"s3\">\u2714\ufe0f <\/span><b>Hochwertige europ\u00e4ische Zylinderkopfdichtung<\/b><\/p>\n<p><span class=\"s3\">\u2714\ufe0f 2<\/span><b>x Kopfschraube \u2013 <\/b>Es kommt schon mal vor, dass genau 1 Kopfschraube bricht. Da der L3E zwei verschiedene L\u00e4ngen hat, sind 2 dabei. <\/p>\n<p class=\"p3\">Ideal f\u00fcr diejenigen, die die Kontrolle \u00fcber die Endmontage behalten oder spezifische Teile wiederverwenden m\u00f6chten.<\/p>\n<p><b>Mitsubishi<\/b><\/p>\n<ul>\n<li>MT16, MT165<\/li>\n<\/ul>\n<p><strong>Mahindra<\/strong><\/p>\n<ul>\n<li>1816<\/li>\n<\/ul>\n<p><strong>Mitsubishi Motor<\/strong><\/p>\n<ul>\n<li>MVL3E, L3E, L3E2-65ESB<\/li>\n<li>L3E, L3E-SD, L3E-SDH, L3E-61SD, L3E-61SDH, L3E-W262KL, L3E-W462KL, L3E-6ACAM, L3E-W461DPP Tier 4 Final, L3E-31NS, L3E-31NSA<\/li>\n<li>L3E-W231NSA, L3E-W431NSA, L3E-61HMG, L3E-W231KBS, L3E-61R, L3E-31KS, L3E-31NCN, L3E-W231KBS, L3E-W431KBS, L3E-W462KL, L3E-62KL, L3E-W462KLY, L3E-63ES<\/li>\n<\/ul>\n<p><strong>Mitsubishi <\/strong><\/p>\n<ul>\n<li>MT15, MT16, MT17D, MT155, MT156, MT165, MT1600, MT1800<\/li>\n<\/ul>\n<p>Andere Maschinen<\/p>\n<p><strong>AMI<\/strong>:<\/p>\n<ul>\n<li>GS 0011M32S, GS0006M32S<\/li>\n<\/ul>\n<p><strong>ATLAS<\/strong><\/p>\n<ul>\n<li>AM15R, AM16R, AM21R, AM15R, AM16R, AM21R<\/li>\n<\/ul>\n<p><strong>Case<\/strong><\/p>\n<ul>\n<li>CX15B Serie 2, CX17B ZTS, CX18B Serie 2<\/li>\n<\/ul>\n<p><strong>Daewoo Doosan<\/strong><\/p>\n<ul>\n<li>SOLAR 015+, SOLAR 015 PLUS, SOLAR 018 VT<\/li>\n<\/ul>\n<p><strong>Eurocomach<\/strong><\/p>\n<ul>\n<li>  ES 150,3, ES 180,3<\/li>\n<\/ul>\n<p><strong>Hanix<\/strong><\/p>\n<ul>\n<li>H22B<\/li>\n<\/ul>\n<p><strong>Hyundai Heavy Industries (Bagger)<\/strong><\/p>\n<ul>\n<li>R16-9, R15-7, R16-7, R22-7, Robex 15-7, Robex 16-7, Robex 22-7<\/li>\n<\/ul>\n<p><strong>Kobelco<\/strong><\/p>\n<ul>\n<li>SK70SR, SK70SR-3<\/li>\n<\/ul>\n<p><strong>Magnum<\/strong><\/p>\n<ul>\n<li>MLG8, MLG8, MLT5080, MLT5060, MLT3060, MLT3060, MLT3080, MLT3080, MLT4060, MLT4080<\/li>\n<\/ul>\n<p><strong>Mitsubishi<\/strong><\/p>\n<ul>\n<li>GF130PYS1W, MM20CR, MM20SR, MM20, MM20CR, MM20SR, MM20T, MX15<\/li>\n<\/ul>\n<p><strong>New Holland<\/strong><\/p>\n<ul>\n<li>E16 Evolution, E16, E16B, E18 Evolution, E18, E18 SR, E18B, EC15<\/li>\n<\/ul>\n<p><strong>Nagano<\/strong><\/p>\n<ul>\n<li>NS16-3, NS15-3<\/li>\n<\/ul>\n<p><strong>O&amp;K<\/strong><\/p>\n<ul>\n<li>RH 1,21, RH 1,17<\/li>\n<\/ul>\n<p><strong>Pel Job<\/strong><\/p>\n<ul>\n<li>EB200, EB150, EB14.4, EB12.4, EB16.4<\/li>\n<\/ul>\n<p><strong>Ransomes Jacobsen<\/strong><\/p>\n<ul>\n<li>4000T-23D<\/li>\n<\/ul>\n<p><strong>Samofa<\/strong><\/p>\n<ul>\n<li>Industrie L3E2<\/li>\n<\/ul>\n<p><strong>Sol\u00e9 Diesel<\/strong><\/p>\n<ul>\n<li>Sail-Drive (Mini 26), G-15T-3, Gen Set, Mini 26, G-6M-15, G-15M-3<\/li>\n<\/ul>\n<p><strong>Trixon<\/strong><\/p>\n<ul>\n<li>N4500<\/li>\n<\/ul>\n<p><strong>Triton<\/strong><\/p>\n<ul>\n<li>15\/6.5<\/li>\n<\/ul>\n<p><strong>Terex<\/strong><\/p>\n<ul>\n<li>Terex-Bagger TC20, TC16<\/li>\n<\/ul>\n<p><strong>Toro<\/strong><\/p>\n<ul>\n<li>Reelmaster 5100-D, GM 223D, Groundsmaster 323-D, Reelmaster 223-D, Groundsmaster 223-D, Groundsmaster 324-D<\/li>\n<\/ul>\n<p><strong>Vetus<\/strong><\/p>\n<ul>\n<li>M3.28<\/li>\n<\/ul>\n<p><strong>Volvo<\/strong><\/p>\n<ul>\n<li>EC15B XT, EC13<\/li>\n<\/ul>\n<p><strong>Motor<\/strong><\/p>\n<ul>\n<li>L3E, L3E-SD, L3E-SDH, L3E-61SD, L3E-61SDH, L3E-W262KL, L3E-W462KL, L3E-6ACAM, L3E-W461DPP Tier 4 Final, L3E-31NS, L3E-31NSA, L3E-W231NSA, L3E-W431NSA, L3E-61HMG, L3E-W231KBS, L3E-61R, L3E-31KS, L3E-31NCN, L3E-W231KBS, L3E-W431KBS, L3E-W462KL, L3E-62KL, L3E-W462KLY, L3E-63ESA<\/li>\n<\/ul>\n<p><strong>OEM als Referenz<\/strong>; MM437676<\/p>\n","protected":false},"excerpt":{"rendered":"<p>Kaler Zylinderkopf \u2013 mit vormontierten Ventilsitzen Dieser Zylinderkopf ist aus hochwertigem Material gefertigt und wird als ein kaler Zylinderkopf mit bereits montierten Ventilsitzen geliefert. Der Kopf ist somit f\u00fcr den weiteren Aufbau mit Ihren bestehenden oder neuen Komponenten vorbereitet. \u2705 Neuer Zylinderkopf von Top-Qualit\u00e4t \u2705 Ventilsitze bereits montiert \u2714\ufe0f Kompletter \u00dcberholungssatz f\u00fcr Mitsubishi L3E |&hellip;<\/p>\n","protected":false},"featured_media":180766,"comment_status":"open","ping_status":"closed","template":"","meta":[],"product_cat":[404],"product_tag":[3895],"class_list":{"0":"post-42976","1":"product","2":"type-product","3":"status-publish","4":"has-post-thumbnail","6":"product_cat-zylinderkopfe","7":"product_tag-snelparts-de","8":"pa_merk-atlas-de","9":"pa_merk-bobcat-de","10":"pa_merk-case-de","11":"pa_merk-mahindra-de","12":"pa_merk-mitsubishi-de","13":"pa_merk-new-holland-de","14":"pa_merk-peljob-de","15":"pa_merk-sole-diesel-de","16":"pa_merk-toro-de","17":"pa_merk-volvo-de","18":"pa_motor-l3e-de","20":"first","21":"instock","22":"sale","23":"taxable","24":"shipping-taxable","25":"purchasable","26":"product-type-simple","27":"col-xs-6 col-sm-4","28":"col-md-3 col-lg-3","29":"un-4-cols"},"_links":{"self":[{"href":"https:\/\/shop4trac.com\/de\/wp-json\/wp\/v2\/product\/42976","targetHints":{"allow":["GET"]}}],"collection":[{"href":"https:\/\/shop4trac.com\/de\/wp-json\/wp\/v2\/product"}],"about":[{"href":"https:\/\/shop4trac.com\/de\/wp-json\/wp\/v2\/types\/product"}],"replies":[{"embeddable":true,"href":"https:\/\/shop4trac.com\/de\/wp-json\/wp\/v2\/comments?post=42976"}],"wp:featuredmedia":[{"embeddable":true,"href":"https:\/\/shop4trac.com\/de\/wp-json\/wp\/v2\/media\/180766"}],"wp:attachment":[{"href":"https:\/\/shop4trac.com\/de\/wp-json\/wp\/v2\/media?parent=42976"}],"wp:term":[{"taxonomy":"product_cat","embeddable":true,"href":"https:\/\/shop4trac.com\/de\/wp-json\/wp\/v2\/product_cat?post=42976"},{"taxonomy":"product_tag","embeddable":true,"href":"https:\/\/shop4trac.com\/de\/wp-json\/wp\/v2\/product_tag?post=42976"}],"curies":[{"name":"wp","href":"https:\/\/api.w.org\/{rel}","templated":true}]}}