{"id":35978,"date":"2021-05-26T11:46:30","date_gmt":"2021-05-26T10:46:30","guid":{"rendered":"https:\/\/shop4trac.com\/?post_type=product&#038;p=35978"},"modified":"2025-11-25T18:06:48","modified_gmt":"2025-11-25T16:06:48","slug":"cilinderkop-v2203-e-type-2","status":"publish","type":"product","link":"https:\/\/shop4trac.com\/de\/motorteile\/zylinderkopfe\/cilinderkop-v2203-e-type-2\/","title":{"rendered":"Zylinderkopf komplett Kubota V2203E | V2203B | V2403E | V2403M | Modell 1"},"content":{"rendered":"<h4><span style=\"text-decoration: underline;\"><strong>Dieses Modell hat 8 Ventildeckelschrauben statt 10! Andernfalls siehe SKU (Suchleiste ausf\u00fcllen): VAR-0156 <\/strong><\/span><\/h4>\n<h4><b>Variante 1. Kompletter Zylinderkopf mit Ventilen und Federn \u2013 direkt montagefertig <\/b><\/h4>\n<p class=\"p3\">Dieser neue Zylinderkopf ist aus hochwertigem Material gefertigt und wird komplett geliefert, inklusive montierter Ventile und Federn. Dank der vollst\u00e4ndigen Montage m\u00fcssen Sie keine Teile \u00fcbertragen oder einstellen. <\/p>\n<p class=\"p3\">\u2705 Vollst\u00e4ndig montiert<\/p>\n<p class=\"p3\">\u2705 Inklusive Ventilen und Federn<\/p>\n<p class=\"p3\">\u2705 Keine zus\u00e4tzlichen Einstellarbeiten erforderlich<\/p>\n<p class=\"p3\">\u2705 Direkt montagebereit<\/p>\n<p class=\"p3\">Eine gebrauchsfertige L\u00f6sung, die Zeit in der Werkstatt spart und das Risiko von Montagefehlern minimiert.<\/p>\n<p class=\"p3\">Dieser Zylinderkopf ist mit gro\u00dfer Sorgfalt mit den untenstehenden kompatiblen Modellen verbunden.<\/p>\n<hr>\n<h4><b>Variante 2. Kaler Zylinderkopf \u2013 mit vormontierten Ventilsitzen<\/b><\/h4>\n<p class=\"p3\">Dieser Zylinderkopf ist aus hochwertigem Material gefertigt und wird als ein kaler Zylinderkopf mit bereits montierten Ventilsitzen geliefert. Der Kopf ist somit f\u00fcr den weiteren Aufbau mit Ihren bestehenden oder neuen Komponenten vorbereitet. <\/p>\n<p class=\"p3\">\u2705 Neuer Zylinderkopf von Top-Qualit\u00e4t<\/p>\n<p class=\"p3\">\u2705 Ventilsitze bereits montiert<\/p>\n<p class=\"p3\">\u2705 Bereit f\u00fcr die weitere Montage<\/p>\n<p class=\"p3\">\u2705 Geeignet f\u00fcr Revision oder Ma\u00dfanfertigung<\/p>\n<p class=\"p3\">Ideal f\u00fcr diejenigen, die die Kontrolle \u00fcber die Endmontage behalten oder spezifische Teile wiederverwenden m\u00f6chten.<\/p>\n<p><strong>Dieses Modell hat 8 Ventildeckelschrauben statt 10! Andernfalls siehe SKU (Suchleiste ausf\u00fcllen): VAR-0156 <\/strong><\/p>\n<p>Der Zylinderkopf ist f\u00fcr folgende Modelle geeignet:<\/p>\n<p><strong>Kubota Motor<\/strong><\/p>\n<ul>\n<li>V2203E<\/li>\n<li>V2203, V2203T, V2203E, V2203B<\/li>\n<li>V2403T, V2403E, V2403B<\/li>\n<\/ul>\n<p><strong>Kubota<\/strong>:<\/p>\n<ul>\n<li>L4240 GST, L4240 HST, L4240<\/li>\n<li>L4310 GST, L4310 HST, L4310<\/li>\n<li>L4400<\/li>\n<li>L4630 GST, L4630<\/li>\n<li>L4060GST, L4060HST, L4060, L4701HST, L4701, L4740GST, L4740HST, L4760GST, L4760HST, L5030GST, L5030HST, L5030, L5040GST, L5040, L5060GST, L5240HST, L5240HST, L5460HST, L5740HST, L5740HST, L6060HST<\/li>\n<li>MX4800HST, MX4800, MX5200HST, MX5200, MX5800HST<\/li>\n<li>KX121-3a, KX121-3S<\/li>\n<li>KX161-3a<\/li>\n<li>KX161-3S<\/li>\n<li>U45-3a, U45-3S<\/li>\n<li>U50-3a<\/li>\n<li>KC250H-4 (2013 und sp\u00e4ter)<\/li>\n<li>R510, R510B (1994-1997)<\/li>\n<li>R520<\/li>\n<li>Alpha B, R520 Alpha, R520, R520B, R520S<\/li>\n<\/ul>\n<p><span style=\"text-decoration: underline;\">Beispielhafte Modelle<\/span><\/p>\n<p><strong>Bobcat 6655153<\/strong><\/p>\n<ul>\n<li>Bobcat 753, Bobcat 753C, Bobcat 753F, Bobcat 753G, Bobcat 753H, Bobcat 753L, Bobcat 763, Bobcat 763C, Bobcat 763F, Bobcat 763G<\/li>\n<li>Bobcat 773, Bobcat 773C, Bobcat 773F, Bobcat 773G, Bobcat 7753<\/li>\n<\/ul>\n<p><strong>CASE<\/strong><\/p>\n<ul>\n<li>1838<\/li>\n<\/ul>\n<p><strong>Scat Trak<\/strong><\/p>\n<ul>\n<li>1300<\/li>\n<\/ul>\n<p><strong>Sch\u00e4ffer<\/strong>:<\/p>\n<ul>\n<li>3033S (ab 2005)<\/li>\n<li>3050 (ab 2005)<\/li>\n<li>3150 (ab 2005)<\/li>\n<li>4048<\/li>\n<li>4050Z<\/li>\n<li>442S (ab 2003)<\/li>\n<li>450T<\/li>\n<li>5050Z (bis 2008)<\/li>\n<\/ul>\n<p><strong>Wacker Neuson:<\/strong><\/p>\n<ul>\n<li>DHK 6002 H<\/li>\n<li>DHK 7002 H<\/li>\n<\/ul>\n<p><strong>JCB<\/strong>:<\/p>\n<ul>\n<li>3T-FT<\/li>\n<li>3T-ST<\/li>\n<\/ul>\n<p><strong>OEM als Referenz:<\/strong><\/p>\n<ul>\n<li>19077-03050<\/li>\n<li>6655153<\/li>\n<\/ul>\n","protected":false},"excerpt":{"rendered":"<p>Dieses Modell hat 8 Ventildeckelschrauben statt 10! Andernfalls siehe SKU (Suchleiste ausf\u00fcllen): VAR-0156 Variante 1. Kompletter Zylinderkopf mit Ventilen und Federn \u2013 direkt montagefertig Dieser neue Zylinderkopf ist aus hochwertigem Material gefertigt und wird komplett geliefert, inklusive montierter Ventile und Federn. Dank der vollst\u00e4ndigen Montage m\u00fcssen Sie keine Teile \u00fcbertragen oder einstellen. \u2705 Vollst\u00e4ndig montiert&hellip;<\/p>\n","protected":false},"featured_media":157306,"comment_status":"open","ping_status":"open","template":"","meta":[],"product_cat":[404],"product_tag":[3895,2861],"class_list":{"0":"post-35978","1":"product","2":"type-product","3":"status-publish","4":"has-post-thumbnail","6":"product_cat-zylinderkopfe","7":"product_tag-snelparts-de","8":"product_tag-v2203-de","9":"pa_merk-bobcat-de","10":"pa_merk-case-de","11":"pa_merk-jcb-de","12":"pa_merk-kubota-de","13":"pa_merk-schaffer-de","14":"pa_motor-v2203-de","15":"pa_motor-v2403-de","17":"first","18":"instock","19":"sale","20":"taxable","21":"shipping-taxable","22":"purchasable","23":"product-type-variable","24":"col-xs-6 col-sm-4","25":"col-md-3 col-lg-3","26":"un-4-cols"},"_links":{"self":[{"href":"https:\/\/shop4trac.com\/de\/wp-json\/wp\/v2\/product\/35978","targetHints":{"allow":["GET"]}}],"collection":[{"href":"https:\/\/shop4trac.com\/de\/wp-json\/wp\/v2\/product"}],"about":[{"href":"https:\/\/shop4trac.com\/de\/wp-json\/wp\/v2\/types\/product"}],"replies":[{"embeddable":true,"href":"https:\/\/shop4trac.com\/de\/wp-json\/wp\/v2\/comments?post=35978"}],"wp:featuredmedia":[{"embeddable":true,"href":"https:\/\/shop4trac.com\/de\/wp-json\/wp\/v2\/media\/157306"}],"wp:attachment":[{"href":"https:\/\/shop4trac.com\/de\/wp-json\/wp\/v2\/media?parent=35978"}],"wp:term":[{"taxonomy":"product_cat","embeddable":true,"href":"https:\/\/shop4trac.com\/de\/wp-json\/wp\/v2\/product_cat?post=35978"},{"taxonomy":"product_tag","embeddable":true,"href":"https:\/\/shop4trac.com\/de\/wp-json\/wp\/v2\/product_tag?post=35978"}],"curies":[{"name":"wp","href":"https:\/\/api.w.org\/{rel}","templated":true}]}}