{"id":33663,"date":"2021-03-04T19:46:51","date_gmt":"2021-03-04T18:46:51","guid":{"rendered":"https:\/\/shop4trac.com\/?post_type=product&#038;p=33663"},"modified":"2025-08-01T18:12:19","modified_gmt":"2025-08-01T16:12:19","slug":"oelfilter-iseki-ta-isuzu-takeushi-kubota-viele-maschinen","status":"publish","type":"product","link":"https:\/\/shop4trac.com\/de\/filter\/oelfilter\/oelfilter-iseki-ta-isuzu-takeushi-kubota-viele-maschinen\/","title":{"rendered":"\u00d6lfilter Iseki TA | Isuzu | Takeushi | Kubota | Viele Maschinen"},"content":{"rendered":"<p><b>Abmessungen<\/b><\/p>\n<p><span style=\"font-weight: 400\">Durchmesser: 79,5 mm<\/span><\/p>\n<p><span style=\"font-weight: 400\">H\u00f6he (H) 86 mm<\/span><\/p>\n<p><span style=\"font-weight: 400\">\u00d6lfilter geeignet f\u00fcr viele der unten gezeigten Maschinen:<\/span><\/p>\n<p><span style=\"font-weight: 400\">\u00a0<\/span><\/p>\n<p><b>OEM als Referenz:<\/b><\/p>\n<ul>\n<li style=\"font-weight: 400\"><span style=\"font-weight: 400\">15241-32090<\/span><\/li>\n<li style=\"font-weight: 400\"><span style=\"font-weight: 400\">30401-37580<\/span><\/li>\n<li style=\"font-weight: 400\"><span style=\"font-weight: 400\">3974113<\/span><\/li>\n<li style=\"font-weight: 400\"><span style=\"font-weight: 400\">Donaldson P550162<\/span><\/li>\n<\/ul>\n","protected":false},"excerpt":{"rendered":"<p>Abmessungen Durchmesser: 79,5 mm H\u00f6he (H) 86 mm \u00d6lfilter geeignet f\u00fcr viele der unten gezeigten Maschinen: \u00a0 OEM als Referenz: 15241-32090 30401-37580 3974113 Donaldson P550162<\/p>\n","protected":false},"featured_media":33419,"comment_status":"open","ping_status":"open","template":"","meta":[],"product_cat":[385],"product_tag":[3895],"class_list":{"0":"post-33663","1":"product","2":"type-product","3":"status-publish","4":"has-post-thumbnail","6":"product_cat-oelfilter","7":"product_tag-snelparts-de","8":"pa_merk-iseki-de","9":"pa_merk-kubota-de","11":"first","12":"instock","13":"taxable","14":"shipping-taxable","15":"purchasable","16":"product-type-simple","17":"col-xs-6 col-sm-4","18":"col-md-3 col-lg-3","19":"un-4-cols"},"_links":{"self":[{"href":"https:\/\/shop4trac.com\/de\/wp-json\/wp\/v2\/product\/33663","targetHints":{"allow":["GET"]}}],"collection":[{"href":"https:\/\/shop4trac.com\/de\/wp-json\/wp\/v2\/product"}],"about":[{"href":"https:\/\/shop4trac.com\/de\/wp-json\/wp\/v2\/types\/product"}],"replies":[{"embeddable":true,"href":"https:\/\/shop4trac.com\/de\/wp-json\/wp\/v2\/comments?post=33663"}],"wp:featuredmedia":[{"embeddable":true,"href":"https:\/\/shop4trac.com\/de\/wp-json\/wp\/v2\/media\/33419"}],"wp:attachment":[{"href":"https:\/\/shop4trac.com\/de\/wp-json\/wp\/v2\/media?parent=33663"}],"wp:term":[{"taxonomy":"product_cat","embeddable":true,"href":"https:\/\/shop4trac.com\/de\/wp-json\/wp\/v2\/product_cat?post=33663"},{"taxonomy":"product_tag","embeddable":true,"href":"https:\/\/shop4trac.com\/de\/wp-json\/wp\/v2\/product_tag?post=33663"}],"curies":[{"name":"wp","href":"https:\/\/api.w.org\/{rel}","templated":true}]}}