{"id":33496,"date":"2021-02-24T17:52:56","date_gmt":"2021-02-24T16:52:56","guid":{"rendered":"https:\/\/shop4trac.com\/?post_type=product&#038;p=33496"},"modified":"2026-02-23T16:03:56","modified_gmt":"2026-02-23T15:03:56","slug":"kolbenringe-kubota-z402-aixam-400","status":"publish","type":"product","link":"https:\/\/shop4trac.com\/de\/motorteile\/kolbenringe\/kolbenringe-kubota-z402-aixam-400\/","title":{"rendered":"Kolbenringe Kubota Z402 | Aixam 400"},"content":{"rendered":"<p>Die Kolbenringe sind von hoher <strong>europ\u00e4ischer<\/strong> Qualit\u00e4t und die kompatiblen Modelle wurden mit gro\u00dfer Sorgfalt ausgesucht:<\/p>\n<p><strong>Kubota<\/strong><\/p>\n<ul>\n<li>Z402<\/li>\n<\/ul>\n<p><strong>Aixam<\/strong><\/p>\n<ul>\n<li>400 (1997-2004), 400.4 (1997-2004), 400 Evolution (1997-2004), 500.4 (1997-2004), 500.4 Minivan (1997-2004), 500.4 Pick-Up (1997-2004)<\/li>\n<li>721 (2005-2008), 741 (2005-2008), Scouty 2005-2008, Crossline 2005-2008, City 2008-2010, Roadline 2008-2010<\/li>\n<li>Crossline 2008-2010, Scouty 2008-2010, City 2010-2013, Crossline 2010-2013, Crossover 2010-2013<\/li>\n<li>GTO 2010-2013, Coup\u00e9 2010-2013, City 2013-2016, Coup\u00e9 2013-2016, Crossline 2013-2016<\/li>\n<li>Crossover 2013-2016, MEGA 1, MEGA 2, Pro D-Truck<\/li>\n<\/ul>\n<p><strong>Gr\u00f6\u00dfe<\/strong> : 64 mm<\/p>\n<p><strong>OEM-Referenz zum Vergleich<\/strong><\/p>\n<ul>\n<li>15821-21110<\/li>\n<li>15821-21050<\/li>\n<\/ul>\n","protected":false},"excerpt":{"rendered":"<p>Die Kolbenringe sind von hoher europ\u00e4ischer Qualit\u00e4t und die kompatiblen Modelle wurden mit gro\u00dfer Sorgfalt ausgesucht: Kubota Z402 Aixam 400 (1997-2004), 400.4 (1997-2004), 400 Evolution (1997-2004), 500.4 (1997-2004), 500.4 Minivan (1997-2004), 500.4 Pick-Up (1997-2004) 721 (2005-2008), 741 (2005-2008), Scouty 2005-2008, Crossline 2005-2008, City 2008-2010, Roadline 2008-2010 Crossline 2008-2010, Scouty 2008-2010, City 2010-2013, Crossline 2010-2013, Crossover&hellip;<\/p>\n","protected":false},"featured_media":32875,"comment_status":"open","ping_status":"closed","template":"","meta":[],"product_cat":[418],"product_tag":[3895,2611],"class_list":{"0":"post-33496","1":"product","2":"type-product","3":"status-publish","4":"has-post-thumbnail","6":"product_cat-kolbenringe","7":"product_tag-snelparts-de","8":"product_tag-z402-de","9":"pa_merk-kubota-de","10":"pa_motor-z402-de","12":"first","13":"instock","14":"sale","15":"taxable","16":"shipping-taxable","17":"purchasable","18":"product-type-simple","19":"col-xs-6 col-sm-4","20":"col-md-3 col-lg-3","21":"un-4-cols"},"_links":{"self":[{"href":"https:\/\/shop4trac.com\/de\/wp-json\/wp\/v2\/product\/33496","targetHints":{"allow":["GET"]}}],"collection":[{"href":"https:\/\/shop4trac.com\/de\/wp-json\/wp\/v2\/product"}],"about":[{"href":"https:\/\/shop4trac.com\/de\/wp-json\/wp\/v2\/types\/product"}],"replies":[{"embeddable":true,"href":"https:\/\/shop4trac.com\/de\/wp-json\/wp\/v2\/comments?post=33496"}],"wp:featuredmedia":[{"embeddable":true,"href":"https:\/\/shop4trac.com\/de\/wp-json\/wp\/v2\/media\/32875"}],"wp:attachment":[{"href":"https:\/\/shop4trac.com\/de\/wp-json\/wp\/v2\/media?parent=33496"}],"wp:term":[{"taxonomy":"product_cat","embeddable":true,"href":"https:\/\/shop4trac.com\/de\/wp-json\/wp\/v2\/product_cat?post=33496"},{"taxonomy":"product_tag","embeddable":true,"href":"https:\/\/shop4trac.com\/de\/wp-json\/wp\/v2\/product_tag?post=33496"}],"curies":[{"name":"wp","href":"https:\/\/api.w.org\/{rel}","templated":true}]}}