{"id":33380,"date":"2021-03-04T18:22:42","date_gmt":"2021-03-04T17:22:42","guid":{"rendered":"https:\/\/shop4trac.com\/?post_type=product&#038;p=33380"},"modified":"2026-03-04T10:00:53","modified_gmt":"2026-03-04T09:00:53","slug":"hydraulik-filter-iseki-th-tf","status":"publish","type":"product","link":"https:\/\/shop4trac.com\/de\/filter\/hydraulikfilter\/hydraulik-filter-iseki-th-tf\/","title":{"rendered":"Hydraulikfilter Iseki TH | TF | TG GEAS | MF 1529 \u2013 1552"},"content":{"rendered":"<p><strong>Hydraulikfilter in der gleichen L\u00e4nge wie Originalgr\u00f6\u00dfe! Im Folgenden sind die kompatiblen Modelle aufgef\u00fchrt:<\/strong><\/p>\n<p><strong>Iseki<\/strong><\/p>\n<ul>\n<li>AT25, NTA25<\/li>\n<li>TH4295, TH5370, TH5420<\/li>\n<li>SF450<\/li>\n<li>TF223<\/li>\n<li>TG21, TG23, TG25<\/li>\n<li>TG21, TG23, TG25, TG29, TG31, TG33<\/li>\n<li>TG233, TG253, TG273, TG293<\/li>\n<li>TG313, TG333<\/li>\n<li>TGS25, TGS29, TGS30, TGS33, TGS278, TGS338<\/li>\n<li>TG5330, TG5390, TG5470<\/li>\n<li>TK37, TK538 Turbolader<\/li>\n<li>5470<\/li>\n<li>GEAS21, GEAS23, GEAS25 GEAS21, GEAS23, GEAS25, GEAS29, GEAS31<\/li>\n<li>GEAS33 GEAS233, GEAS253, GEAS273, GEAS293 GEAS313, GEAS333<\/li>\n<\/ul>\n<p><strong>Massey Ferguson<\/strong><\/p>\n<ul>\n<li>1529, 1531, 1532, 1533, 1530, 1552<\/li>\n<\/ul>\n<p><strong>Herausforderer<\/strong><\/p>\n<ul>\n<li>MT265, MT275<\/li>\n<\/ul>\n<p><strong>Gr\u00f6\u00dfen<\/strong>:<\/p>\n<ul>\n<li>H\u00f6he: 202 mm<\/li>\n<li>Durchmesser: 113MM<\/li>\n<li>Gewinde: 1&#8243;1\/4-12UNF<\/li>\n<\/ul>\n<p><strong>OEM als Referenz:<\/strong><\/p>\n<ul>\n<li>174250833200 ISEKI<\/li>\n<li>1643-515-202-10, 164351520210<\/li>\n<li>1742-508-332-10<\/li>\n<li>1742-508-332-00<\/li>\n<li>180950820200 ISEKI<\/li>\n<li>HC47010 SAKURA<\/li>\n<li>SFH8332 SICHERER FILTER<\/li>\n<li>SPH94095 SF<\/li>\n<\/ul>\n","protected":false},"excerpt":{"rendered":"<p>Hydraulikfilter in der gleichen L\u00e4nge wie Originalgr\u00f6\u00dfe! Im Folgenden sind die kompatiblen Modelle aufgef\u00fchrt: Iseki AT25, NTA25 TH4295, TH5370, TH5420 SF450 TF223 TG21, TG23, TG25 TG21, TG23, TG25, TG29, TG31, TG33 TG233, TG253, TG273, TG293 TG313, TG333 TGS25, TGS29, TGS30, TGS33, TGS278, TGS338 TG5330, TG5390, TG5470 TK37, TK538 Turbolader 5470 GEAS21, GEAS23, GEAS25 GEAS21, GEAS23,&hellip;<\/p>\n","protected":false},"featured_media":33387,"comment_status":"open","ping_status":"closed","template":"","meta":[],"product_cat":[383],"product_tag":[3895],"class_list":{"0":"post-33380","1":"product","2":"type-product","3":"status-publish","4":"has-post-thumbnail","6":"product_cat-hydraulikfilter","7":"product_tag-snelparts-de","8":"pa_merk-iseki-de","9":"pa_merk-massey-ferguson-de","11":"first","12":"instock","13":"sale","14":"taxable","15":"shipping-taxable","16":"purchasable","17":"product-type-simple","18":"col-xs-6 col-sm-4","19":"col-md-3 col-lg-3","20":"un-4-cols"},"_links":{"self":[{"href":"https:\/\/shop4trac.com\/de\/wp-json\/wp\/v2\/product\/33380","targetHints":{"allow":["GET"]}}],"collection":[{"href":"https:\/\/shop4trac.com\/de\/wp-json\/wp\/v2\/product"}],"about":[{"href":"https:\/\/shop4trac.com\/de\/wp-json\/wp\/v2\/types\/product"}],"replies":[{"embeddable":true,"href":"https:\/\/shop4trac.com\/de\/wp-json\/wp\/v2\/comments?post=33380"}],"wp:featuredmedia":[{"embeddable":true,"href":"https:\/\/shop4trac.com\/de\/wp-json\/wp\/v2\/media\/33387"}],"wp:attachment":[{"href":"https:\/\/shop4trac.com\/de\/wp-json\/wp\/v2\/media?parent=33380"}],"wp:term":[{"taxonomy":"product_cat","embeddable":true,"href":"https:\/\/shop4trac.com\/de\/wp-json\/wp\/v2\/product_cat?post=33380"},{"taxonomy":"product_tag","embeddable":true,"href":"https:\/\/shop4trac.com\/de\/wp-json\/wp\/v2\/product_tag?post=33380"}],"curies":[{"name":"wp","href":"https:\/\/api.w.org\/{rel}","templated":true}]}}