{"id":31545,"date":"2021-02-05T18:20:52","date_gmt":"2021-02-05T17:20:52","guid":{"rendered":"https:\/\/shop4trac.com\/unkategorisiert\/olfilter-iseki-ta-527-ta530\/"},"modified":"2025-08-01T18:13:24","modified_gmt":"2025-08-01T16:13:24","slug":"olfilter-iseki-ta-527-ta530","status":"publish","type":"product","link":"https:\/\/shop4trac.com\/de\/filter\/oelfilter\/olfilter-iseki-ta-527-ta530\/","title":{"rendered":"\u00d6lfilter Iseki TA 527 | TA530"},"content":{"rendered":"<p>Au\u00dfen \u00d8(A)65 mm<\/p>\n<p>H\u00f6he (H)71 mm<\/p>\n<p>Gewinde (G)N\/A 3\/4-16<\/p>\n<p><strong>Referenznummer zur \u00dcberpr\u00fcfung:<\/strong><\/p>\n<ul>\n<li>Donaldson P502015<\/li>\n<li>ISEKI 6213-240-0021-0<\/li>\n<li>Iseki 62132400020<\/li>\n<li>JD AM107423<\/li>\n<li>KEES 363312<\/li>\n<li>SNAPPER 77355<\/li>\n<\/ul>\n","protected":false},"excerpt":{"rendered":"<p>Au\u00dfen \u00d8(A)65 mm H\u00f6he (H)71 mm Gewinde (G)N\/A 3\/4-16 Referenznummer zur \u00dcberpr\u00fcfung: Donaldson P502015 ISEKI 6213-240-0021-0 Iseki 62132400020 JD AM107423 KEES 363312 SNAPPER 77355<\/p>\n","protected":false},"featured_media":31539,"comment_status":"open","ping_status":"open","template":"","meta":[],"product_cat":[385],"product_tag":[3895],"class_list":{"0":"post-31545","1":"product","2":"type-product","3":"status-publish","4":"has-post-thumbnail","6":"product_cat-oelfilter","7":"product_tag-snelparts-de","8":"pa_merk-iseki-de","10":"first","11":"instock","12":"taxable","13":"shipping-taxable","14":"purchasable","15":"product-type-simple","16":"col-xs-6 col-sm-4","17":"col-md-3 col-lg-3","18":"un-4-cols"},"_links":{"self":[{"href":"https:\/\/shop4trac.com\/de\/wp-json\/wp\/v2\/product\/31545","targetHints":{"allow":["GET"]}}],"collection":[{"href":"https:\/\/shop4trac.com\/de\/wp-json\/wp\/v2\/product"}],"about":[{"href":"https:\/\/shop4trac.com\/de\/wp-json\/wp\/v2\/types\/product"}],"replies":[{"embeddable":true,"href":"https:\/\/shop4trac.com\/de\/wp-json\/wp\/v2\/comments?post=31545"}],"wp:featuredmedia":[{"embeddable":true,"href":"https:\/\/shop4trac.com\/de\/wp-json\/wp\/v2\/media\/31539"}],"wp:attachment":[{"href":"https:\/\/shop4trac.com\/de\/wp-json\/wp\/v2\/media?parent=31545"}],"wp:term":[{"taxonomy":"product_cat","embeddable":true,"href":"https:\/\/shop4trac.com\/de\/wp-json\/wp\/v2\/product_cat?post=31545"},{"taxonomy":"product_tag","embeddable":true,"href":"https:\/\/shop4trac.com\/de\/wp-json\/wp\/v2\/product_tag?post=31545"}],"curies":[{"name":"wp","href":"https:\/\/api.w.org\/{rel}","templated":true}]}}