{"id":31387,"date":"2021-02-04T18:06:25","date_gmt":"2021-02-04T17:06:25","guid":{"rendered":"https:\/\/shop4trac.com\/?post_type=product&#038;p=31387"},"modified":"2026-04-02T19:20:05","modified_gmt":"2026-04-02T18:20:05","slug":"krafstofffilter-kubota-hinomoto-p550127","status":"publish","type":"product","link":"https:\/\/shop4trac.com\/de\/filter\/kraftstofffilter\/krafstofffilter-kubota-hinomoto-p550127\/","title":{"rendered":"Kraftstofffilter | Kubota | hinomoto | P550127"},"content":{"rendered":"<p>Gr\u00f6\u00dfe:<\/p>\n<p><strong>Innendurchmesser der Dichtung<\/strong><br \/>\n62,2 mm<br \/>\n<strong>Au\u00dfendurchmesser der Dichtung<\/strong><br \/>\n71,2 mm<br \/>\n<strong>L\u00e4nge<\/strong><br \/>\n85 mm<br \/>\n<strong>Au\u00dfendurchmesser mm<\/strong><br \/>\n78,3 mm<\/p>\n<p><strong>Hinomoto<\/strong>:<br \/>\nE14, E15, E16, E18, E21, E23, E25<br \/>\nN209, N239, N249, N279<\/p>\n<p>OEM-Codes zum Vergleich:<\/p>\n<ul>\n<li>P550127<\/li>\n<li>15221-4317-0<\/li>\n<\/ul>\n<p>AC: TP1200 \u2013 ALCO: SP903 \u2013 ALLIS CHALMERS: 2098616, 72098616, 9910211, 99102121 \u2013 AMC: 502C, DF7751, FC11050, SFF1131 \u2013 AMERICAN PARTS: 3323, 95390 \u2013 ASAHI: DF7751, F7751A \u2013 AVANT: 64626 \u2013 BALDWIN: BF7683, BF940 \u2013 BIG A: 3323, 95390 \u2013 BOBCAT-MELROE: 22283360, 6640801 \u2013 CARQUEST: 86390 \u2013 CASE: 1959599C1, 1959599C2, 1959638C1, 200040A1 \u2013 CATERPILLAR: 3I1591 \u2013 CAV: 7176527 \u2013 CHAMP: FC033, FP590F \u2013 CHAMPION LABORATORIES: FP590F \u2013 CLARK: 18026, 3779851, 6599194, 6640801 \u2013 CLARK,J.L.: 3779851 \u2013 CLEAN: DN813 \u2013 COOPERS: FSM4027 \u2013 CROSLAND: 5004 \u2013 DAEWOO: 24716008 \u2013 DAIHATSU: 1522143080, 1522143081, 2303087306, 2330087307, 2330087309, 2330337307, 2330387306, 2330387306000, 2330387307, 2330387307000, 2330478010, 2330D87307 \u2013 DRESSER: 1959517C1, 1959599C1 \u2013 EXCEL: 042341, 42341 \u2013 EXMAN: 502C, DF7751, FC11050, SFF1131 \u2013 EXXEL PTY LTD: 14240033 \u2013 FIAAM: FT5006 \u2013 FIAT: 72098616, 74531050, 745310508, 99102121 \u2013 FLEETGUARD: FF42003, FF42003J, FF5106, FF5129, FF5147, FF5226 \u2013 FLEETRITE: FFR85106, FFR85129, FFR85147, FFR85226 \u2013 FORD: 9576P550127 \u2013 FRAM: P4766, P7514, P7514BLK, P7572 \u2013 FREIGHTLINER: DNP550127 \u2013 FURUKAWA: 1959517C1 \u2013 GENERAC: 642380325 \u2013 GM: 25013415, 25013416 \u2013 GREYFRIARS: 828S \u2013 HASTINGS: 847, FF1119, FF847 \u2013 HINO: 234011130, 234011131, 234011132, 234011133 \u2013 1522143080 \u2013 36870566 \u2013 TEXTRON: 2500809, 555405 \u2013 JCB: 2601702 \u2013 JOHN DEERE: CH14467, CH16885, TT223816 \u2013 JURA FILTRATION: SN25106 \u2013 KOHLER: 252765, 252898 \u2013 KRALINATOR: F142 \u2013 KUBOTA: 1522143080, 1522143081, 1522143170, 1522143171, 1552143080, 5471123410, 7000043080, 7000043081 \u2013 LOESING: 025106 \u2013 LUBER-FINER: FP590F \u2013 MANITOU: 554655 \u2013 MANN &amp; HUMMEL: FP7514, WK812 \u2013 MASSEY FERGUSON: 3280552M1, 3280552M91, 3282454M91, TRA8023395 \u2013 MINNPAR: 4531050 \u2013 MITSUBISHI: 234011130, 234011131 \u2013 MORBARK: 29211628 \u2013 NAPA: 3390 \u2013 NAVISTAR: 1959517C1, 1959599C1 \u2013 NIPPARTS: 133611 \u2013 OWATONNA: 42534636 \u2013 PERRIN MANUFACTURING: 2244 \u2013 POWER BOSS: 3303324 \u2013 PUROLATOR: F50262, PER262F \u2013 : 1522143080, 1522143081 \u2013 RYCO: Z132 \u2013 SAKAI: 4022090060 \u2013 SAKURA: FC1302 \u2013 SCHUPP AG: SK3712 \u2013 SOPARIS: CVN9236 \u2013 SURE FILTER: SFF1131, SFF5127 \u2013 TAKEUCHI: 11980255801 \u2013 THOMAS EQUIP: 018685 \u2013 TOKYO ROKI: 2281251100, FC707 \u2013 TOYOTA: 2330387037, 2330387307, 234011132 \u2013 UNITED CENTRAL INDUSTRIAL SUPP: 688292 \u2013 UNIVERSAL: 298854 \u2013 VERMEER: 218420073 \u2013 VIC: FC707A \u2013 VMC: FF550127 \u2013 WALGAHN-MOTORENTECHN: 00811936 \u2013 WIX: 33390 \u2013 WOODGATE: WGF5106, WGF5129 \u2013 YANMAR: 11980255801, 12947055701<\/p>\n<p>&nbsp;<\/p>\n","protected":false},"excerpt":{"rendered":"<p>Gr\u00f6\u00dfe: Innendurchmesser der Dichtung 62,2 mm Au\u00dfendurchmesser der Dichtung 71,2 mm L\u00e4nge 85 mm Au\u00dfendurchmesser mm 78,3 mm Hinomoto: E14, E15, E16, E18, E21, E23, E25 N209, N239, N249, N279 OEM-Codes zum Vergleich: P550127 15221-4317-0 AC: TP1200 \u2013 ALCO: SP903 \u2013 ALLIS CHALMERS: 2098616, 72098616, 9910211, 99102121 \u2013 AMC: 502C, DF7751, FC11050, SFF1131 \u2013 AMERICAN&hellip;<\/p>\n","protected":false},"featured_media":88626,"comment_status":"open","ping_status":"closed","template":"","meta":[],"product_cat":[381],"product_tag":[3895],"class_list":{"0":"post-31387","1":"product","2":"type-product","3":"status-publish","4":"has-post-thumbnail","6":"product_cat-kraftstofffilter","7":"product_tag-snelparts-de","8":"pa_merk-hinomoto-de","9":"pa_merk-kubota-de","11":"first","12":"instock","13":"taxable","14":"shipping-taxable","15":"purchasable","16":"product-type-simple","17":"col-xs-6 col-sm-4","18":"col-md-3 col-lg-3","19":"un-4-cols"},"_links":{"self":[{"href":"https:\/\/shop4trac.com\/de\/wp-json\/wp\/v2\/product\/31387","targetHints":{"allow":["GET"]}}],"collection":[{"href":"https:\/\/shop4trac.com\/de\/wp-json\/wp\/v2\/product"}],"about":[{"href":"https:\/\/shop4trac.com\/de\/wp-json\/wp\/v2\/types\/product"}],"replies":[{"embeddable":true,"href":"https:\/\/shop4trac.com\/de\/wp-json\/wp\/v2\/comments?post=31387"}],"wp:featuredmedia":[{"embeddable":true,"href":"https:\/\/shop4trac.com\/de\/wp-json\/wp\/v2\/media\/88626"}],"wp:attachment":[{"href":"https:\/\/shop4trac.com\/de\/wp-json\/wp\/v2\/media?parent=31387"}],"wp:term":[{"taxonomy":"product_cat","embeddable":true,"href":"https:\/\/shop4trac.com\/de\/wp-json\/wp\/v2\/product_cat?post=31387"},{"taxonomy":"product_tag","embeddable":true,"href":"https:\/\/shop4trac.com\/de\/wp-json\/wp\/v2\/product_tag?post=31387"}],"curies":[{"name":"wp","href":"https:\/\/api.w.org\/{rel}","templated":true}]}}