{"id":30522,"date":"2021-01-19T11:34:18","date_gmt":"2021-01-19T10:34:18","guid":{"rendered":"https:\/\/shop4trac.com\/?post_type=product&#038;p=30522"},"modified":"2026-01-20T20:49:44","modified_gmt":"2026-01-20T19:49:44","slug":"kopfdichtung-l2e-motor","status":"publish","type":"product","link":"https:\/\/shop4trac.com\/de\/motorteile\/kopfdichtungen\/kopfdichtung-l2e-motor\/","title":{"rendered":"Kopfdichtung Mitsubishi L2E \u2013 L2E-61 Casalini | Sol\u00e9 | Vetus"},"content":{"rendered":"<p>Diese Kopfdichtung ist von <strong>hoher<\/strong> Qualit\u00e4t und die kompatiblen Modelle wurden mit gr\u00f6\u00dfter Sorgfalt ausgew\u00e4hlt!<\/p>\n<p><strong> Mitsubishi-Motor<\/strong><\/p>\n<ul>\n<li>L2E-31MR, L2E-61ES, L2E-61SDH, L2E-61WH, L2E<\/li>\n<\/ul>\n<p><strong>AMI Stromaggregat<\/strong><\/p>\n<ul>\n<li>GS 0007 M 32S<\/li>\n<\/ul>\n<p><strong>Rotluchs<\/strong><\/p>\n<ul>\n<li>X119<\/li>\n<\/ul>\n<p><strong>Casalini<\/strong><\/p>\n<ul>\n<li>M10<\/li>\n<\/ul>\n<p><strong>Giese BHKW<\/strong><\/p>\n<ul>\n<li>HB 3-5<\/li>\n<\/ul>\n<p><strong>Sol\u00e9 Diesel<\/strong><\/p>\n<ul>\n<li>G5-28V, Marine Gen Set, Marine Mini 17, Marine G-8T-3, Marine Mini 11\/E, Marine G-8M-3, Marine Anwendung<\/li>\n<\/ul>\n<p><strong>Power Fab<\/strong><\/p>\n<ul>\n<li>Mini<\/li>\n<\/ul>\n<p><strong>Optimess BHKW<\/strong><\/p>\n<ul>\n<li>Tiger 4\/8 PPN<\/li>\n<\/ul>\n<p><strong>Mitsubishi Transport Refridgeration<\/strong><\/p>\n<ul>\n<li>TNW4E, TNW5EA, TU42DX, TNW4EA, TU42D, TNW5E<\/li>\n<\/ul>\n<p><strong>Ref-Trans<\/strong><\/p>\n<ul>\n<li>Ref-Unit, K\u00fchlaggregat<\/li>\n<\/ul>\n<p><strong>Ingersoll Rand<\/strong><\/p>\n<ul>\n<li>FX 130, G8<\/li>\n<\/ul>\n<p><strong>Pel Job<\/strong><\/p>\n<ul>\n<li>EB10, ED750<\/li>\n<\/ul>\n<p><strong>Teksan-Generator<\/strong><\/p>\n<ul>\n<li>TJ10MS<\/li>\n<\/ul>\n<p><strong>Weidemann Radlader<\/strong><\/p>\n<ul>\n<li>811D\/M, 1010D\/M, 911D\/M<\/li>\n<\/ul>\n<p><strong>Vetus<\/strong><\/p>\n<ul>\n<li>M2.06<\/li>\n<\/ul>\n<p><strong>Bohren<\/strong><\/p>\n<ul>\n<li>76,5 mm<\/li>\n<\/ul>\n<p><strong>OEM als Referenz<\/strong><\/p>\n<ul>\n<li>MM43246201<\/li>\n<\/ul>\n","protected":false},"excerpt":{"rendered":"<p>Diese Kopfdichtung ist von hoher Qualit\u00e4t und die kompatiblen Modelle wurden mit gr\u00f6\u00dfter Sorgfalt ausgew\u00e4hlt! Mitsubishi-Motor L2E-31MR, L2E-61ES, L2E-61SDH, L2E-61WH, L2E AMI Stromaggregat GS 0007 M 32S Rotluchs X119 Casalini M10 Giese BHKW HB 3-5 Sol\u00e9 Diesel G5-28V, Marine Gen Set, Marine Mini 17, Marine G-8T-3, Marine Mini 11\/E, Marine G-8M-3, Marine Anwendung Power Fab&hellip;<\/p>\n","protected":false},"featured_media":86858,"comment_status":"open","ping_status":"closed","template":"","meta":[],"product_cat":[411],"product_tag":[3895],"class_list":{"0":"post-30522","1":"product","2":"type-product","3":"status-publish","4":"has-post-thumbnail","6":"product_cat-kopfdichtungen","7":"product_tag-snelparts-de","8":"pa_merk-bobcat-de","9":"pa_merk-casalini-de","10":"pa_merk-kumiai-de","11":"pa_merk-mitsubishi-de","12":"pa_merk-vetus-de","13":"pa_merk-weidemann-de","14":"pa_motor-l2e-de","16":"first","17":"instock","18":"taxable","19":"shipping-taxable","20":"purchasable","21":"product-type-simple","22":"col-xs-6 col-sm-4","23":"col-md-3 col-lg-3","24":"un-4-cols"},"_links":{"self":[{"href":"https:\/\/shop4trac.com\/de\/wp-json\/wp\/v2\/product\/30522","targetHints":{"allow":["GET"]}}],"collection":[{"href":"https:\/\/shop4trac.com\/de\/wp-json\/wp\/v2\/product"}],"about":[{"href":"https:\/\/shop4trac.com\/de\/wp-json\/wp\/v2\/types\/product"}],"replies":[{"embeddable":true,"href":"https:\/\/shop4trac.com\/de\/wp-json\/wp\/v2\/comments?post=30522"}],"wp:featuredmedia":[{"embeddable":true,"href":"https:\/\/shop4trac.com\/de\/wp-json\/wp\/v2\/media\/86858"}],"wp:attachment":[{"href":"https:\/\/shop4trac.com\/de\/wp-json\/wp\/v2\/media?parent=30522"}],"wp:term":[{"taxonomy":"product_cat","embeddable":true,"href":"https:\/\/shop4trac.com\/de\/wp-json\/wp\/v2\/product_cat?post=30522"},{"taxonomy":"product_tag","embeddable":true,"href":"https:\/\/shop4trac.com\/de\/wp-json\/wp\/v2\/product_tag?post=30522"}],"curies":[{"name":"wp","href":"https:\/\/api.w.org\/{rel}","templated":true}]}}