{"id":24816,"date":"2020-07-06T16:33:29","date_gmt":"2020-07-06T15:33:29","guid":{"rendered":"https:\/\/shop4trac.com\/unkategorisiert\/frasmesser-bodenfrase-type-4-10x30mm-iseki\/"},"modified":"2025-08-01T18:17:11","modified_gmt":"2025-08-01T16:17:11","slug":"frasmesser-bodenfrase-type-4-10x30mm-iseki","status":"publish","type":"product","link":"https:\/\/shop4trac.com\/de\/sonstige-teile\/frasmesser-bodenfrase\/frasmesser-bodenfrase-type-4-10x30mm-iseki\/","title":{"rendered":"Fr\u00e4smesser Bodenfr\u00e4se \u2013 Type 4 (10x30mm) | Iseki"},"content":{"rendered":"<p>Fr\u00e4senmesser geeignet f\u00fcr Bodenfr\u00e4se f\u00fcr japanische Iseki (Mini) Traktoren \u00fcber 20 PS (f\u00fcr Bodenfr\u00e4se zwischen 140 cm und 170 cm Breite)<\/p>\n<p>Ma\u00dfe:<\/p>\n<p>L\u00e4nge: 230 mm<br \/>\nDurchmesser: 10 mm<br \/>\nMaterialst\u00e4rke: 10 mm<\/p>\n","protected":false},"excerpt":{"rendered":"<p>Fr\u00e4senmesser geeignet f\u00fcr Bodenfr\u00e4se f\u00fcr japanische Iseki (Mini) Traktoren \u00fcber 20 PS (f\u00fcr Bodenfr\u00e4se zwischen 140 cm und 170 cm Breite) Ma\u00dfe: L\u00e4nge: 230 mm Durchmesser: 10 mm Materialst\u00e4rke: 10 mm<\/p>\n","protected":false},"featured_media":25244,"comment_status":"open","ping_status":"open","template":"","meta":[],"product_cat":[2070],"product_tag":[3895],"class_list":{"0":"post-24816","1":"product","2":"type-product","3":"status-publish","4":"has-post-thumbnail","6":"product_cat-frasmesser-bodenfrase","7":"product_tag-snelparts-de","8":"pa_merk-iseki-de","10":"first","11":"outofstock","12":"taxable","13":"shipping-taxable","14":"purchasable","15":"product-type-simple","16":"col-xs-6 col-sm-4","17":"col-md-3 col-lg-3","18":"un-4-cols"},"_links":{"self":[{"href":"https:\/\/shop4trac.com\/de\/wp-json\/wp\/v2\/product\/24816","targetHints":{"allow":["GET"]}}],"collection":[{"href":"https:\/\/shop4trac.com\/de\/wp-json\/wp\/v2\/product"}],"about":[{"href":"https:\/\/shop4trac.com\/de\/wp-json\/wp\/v2\/types\/product"}],"replies":[{"embeddable":true,"href":"https:\/\/shop4trac.com\/de\/wp-json\/wp\/v2\/comments?post=24816"}],"wp:featuredmedia":[{"embeddable":true,"href":"https:\/\/shop4trac.com\/de\/wp-json\/wp\/v2\/media\/25244"}],"wp:attachment":[{"href":"https:\/\/shop4trac.com\/de\/wp-json\/wp\/v2\/media?parent=24816"}],"wp:term":[{"taxonomy":"product_cat","embeddable":true,"href":"https:\/\/shop4trac.com\/de\/wp-json\/wp\/v2\/product_cat?post=24816"},{"taxonomy":"product_tag","embeddable":true,"href":"https:\/\/shop4trac.com\/de\/wp-json\/wp\/v2\/product_tag?post=24816"}],"curies":[{"name":"wp","href":"https:\/\/api.w.org\/{rel}","templated":true}]}}