{"id":24812,"date":"2020-07-06T15:42:26","date_gmt":"2020-07-06T14:42:26","guid":{"rendered":"https:\/\/shop4trac.com\/unkategorisiert\/frasmesser-bodenfrase-type-1-winkelmesser\/"},"modified":"2025-08-01T18:17:32","modified_gmt":"2025-08-01T16:17:32","slug":"frasmesser-bodenfrase-type-1-winkelmesser","status":"publish","type":"product","link":"https:\/\/shop4trac.com\/de\/sonstige-teile\/frasmesser-bodenfrase\/frasmesser-bodenfrase-type-1-winkelmesser\/","title":{"rendered":"Fr\u00e4smesser Bodenfr\u00e4se \u2013 Type 1 | Winkelmesser"},"content":{"rendered":"<p>Fr\u00e4senmesser geeignet f\u00fcr Bodenfr\u00e4se f\u00fcr japanische (Mini) Traktoren zwischen 10 und 15 PS (f\u00fcr Bodenfr\u00e4se zwischen 100 cm und 120 cm Breite)<\/p>\n<p>Typen: Iseki, Kubota, Mitsubishi, Noda, Satoh, Shibaura, Suzue, Yanmar<\/p>\n<p>Ma\u00dfe:<\/p>\n<p>L\u00e4nge: 200 mm<br \/>\nDurchmesser: 11mm<br \/>\nMaterialst\u00e4rke: 9mm<\/p>\n","protected":false},"excerpt":{"rendered":"<p>Fr\u00e4senmesser geeignet f\u00fcr Bodenfr\u00e4se f\u00fcr japanische (Mini) Traktoren zwischen 10 und 15 PS (f\u00fcr Bodenfr\u00e4se zwischen 100 cm und 120 cm Breite) Typen: Iseki, Kubota, Mitsubishi, Noda, Satoh, Shibaura, Suzue, Yanmar Ma\u00dfe: L\u00e4nge: 200 mm Durchmesser: 11mm Materialst\u00e4rke: 9mm<\/p>\n","protected":false},"featured_media":25208,"comment_status":"open","ping_status":"open","template":"","meta":[],"product_cat":[2070],"product_tag":[3895],"class_list":{"0":"post-24812","1":"product","2":"type-product","3":"status-publish","4":"has-post-thumbnail","6":"product_cat-frasmesser-bodenfrase","7":"product_tag-snelparts-de","8":"pa_merk-iseki-de","9":"pa_merk-kubota-de","10":"pa_merk-mitsubishi-de","11":"pa_merk-noda-de","12":"pa_merk-satoh-de","13":"pa_merk-shibaura-de","14":"pa_merk-suzue-de","15":"pa_merk-yanmar-de","17":"first","18":"outofstock","19":"taxable","20":"shipping-taxable","21":"purchasable","22":"product-type-simple","23":"col-xs-6 col-sm-4","24":"col-md-3 col-lg-3","25":"un-4-cols"},"_links":{"self":[{"href":"https:\/\/shop4trac.com\/de\/wp-json\/wp\/v2\/product\/24812","targetHints":{"allow":["GET"]}}],"collection":[{"href":"https:\/\/shop4trac.com\/de\/wp-json\/wp\/v2\/product"}],"about":[{"href":"https:\/\/shop4trac.com\/de\/wp-json\/wp\/v2\/types\/product"}],"replies":[{"embeddable":true,"href":"https:\/\/shop4trac.com\/de\/wp-json\/wp\/v2\/comments?post=24812"}],"wp:featuredmedia":[{"embeddable":true,"href":"https:\/\/shop4trac.com\/de\/wp-json\/wp\/v2\/media\/25208"}],"wp:attachment":[{"href":"https:\/\/shop4trac.com\/de\/wp-json\/wp\/v2\/media?parent=24812"}],"wp:term":[{"taxonomy":"product_cat","embeddable":true,"href":"https:\/\/shop4trac.com\/de\/wp-json\/wp\/v2\/product_cat?post=24812"},{"taxonomy":"product_tag","embeddable":true,"href":"https:\/\/shop4trac.com\/de\/wp-json\/wp\/v2\/product_tag?post=24812"}],"curies":[{"name":"wp","href":"https:\/\/api.w.org\/{rel}","templated":true}]}}