{"id":24209,"date":"2020-06-12T11:14:52","date_gmt":"2020-06-12T10:14:52","guid":{"rendered":"https:\/\/shop4trac.com\/unkategorisiert\/ausrucklager-hinomoto-type-1-2\/"},"modified":"2026-02-04T22:01:52","modified_gmt":"2026-02-04T21:01:52","slug":"druckplatte-hinomoto-type-1","status":"publish","type":"product","link":"https:\/\/shop4trac.com\/de\/kupplung-getriebe\/druckplatte\/druckplatte-hinomoto-type-1\/","title":{"rendered":"Kupplungsautomat Hinomoto C142 \u2013 C174 | E14 \u2013 E154 | Gutbrod 4000 \u2013 4200 | 4250"},"content":{"rendered":"<h3><b>Kupplungsautomat \u2013 Hochwertige Qualit\u00e4t<\/b><\/h3>\n<p class=\"p3\">Zuverl\u00e4ssige und langlebige <span class=\"s2\"><b>Druckgruppe<\/b><\/span>, geeignet f\u00fcr verschiedene Kleintraktoren. Hergestellt aus verschlei\u00dffesten Materialien f\u00fcr eine optimale Kraft\u00fcbertragung und lange Lebensdauer. <\/p>\n<p class=\"p3\">\u2705 Best\u00e4ndig gegen hohe Belastungen<\/p>\n<p class=\"p3\">\u2705 Sofort montagefertig<\/p>\n<p class=\"p3\">Ideal als Ersatz bei Verschlei\u00df oder einer defekten Kupplung.<\/p>\n<p><strong>Technische Daten<\/strong><\/p>\n<ul>\n<li>Durchmesser: 7,25\u2033, 185 mm<\/li>\n<\/ul>\n<p><strong>Hinomoto<\/strong><\/p>\n<ul>\n<li>C142, C144, C172, C174<\/li>\n<li>CX13, CX14, CX16, CX18, CX19, CX130, CX140, CX150<\/li>\n<li>\n<div>\n<p>E14, E15, E16, E150, E154<\/p>\n<\/div>\n<\/li>\n<\/ul>\n<p><strong>Massey Ferguson<\/strong><\/p>\n<ul>\n<li>1010<\/li>\n<\/ul>\n<p><strong>Allis Chalmers <\/strong><\/p>\n<ul>\n<li>5015<\/li>\n<\/ul>\n<p><strong>Deutz-Allis<\/strong><\/p>\n<ul>\n<li>5215<\/li>\n<\/ul>\n<p><strong>Vereinfachung<\/strong><\/p>\n<ul>\n<li>9518<\/li>\n<\/ul>\n<p><strong>Gutbrod<\/strong><\/p>\n<ul>\n<li>4000, 4200, 4250<\/li>\n<li>4200H, 4250H<\/li>\n<\/ul>\n<p><strong>Suzue<\/strong><\/p>\n<ul>\n<li>150, 170, M1503, M1803, M2001<\/li>\n<\/ul>\n<p><strong>OEM als Referenz<\/strong><\/p>\n<ul>\n<li>6192-6120-00-1, 2402-3200-00, 3002-3201-00, 6072-6120-00-1, 3002-3110-00, 6192-6110-00-1, 2402-3100-00, 2402-3305-00, 3281108M1, 72100765, 40TKD01, 0050-6002-04-0<\/li>\n<\/ul>\n","protected":false},"excerpt":{"rendered":"<p>Kupplungsautomat \u2013 Hochwertige Qualit\u00e4t Zuverl\u00e4ssige und langlebige Druckgruppe, geeignet f\u00fcr verschiedene Kleintraktoren. Hergestellt aus verschlei\u00dffesten Materialien f\u00fcr eine optimale Kraft\u00fcbertragung und lange Lebensdauer. \u2705 Best\u00e4ndig gegen hohe Belastungen \u2705 Sofort montagefertig Ideal als Ersatz bei Verschlei\u00df oder einer defekten Kupplung. Technische Daten Durchmesser: 7,25\u2033, 185 mm Hinomoto C142, C144, C172, C174 CX13, CX14, CX16, CX18,&hellip;<\/p>\n","protected":false},"featured_media":74689,"comment_status":"open","ping_status":"open","template":"","meta":[],"product_cat":[2023],"product_tag":[3895],"class_list":{"0":"post-24209","1":"product","2":"type-product","3":"status-publish","4":"has-post-thumbnail","6":"product_cat-druckplatte","7":"product_tag-snelparts-de","8":"pa_merk-allis-chalmers-de","9":"pa_merk-deutz-allis-de","10":"pa_merk-gutbrod-de","11":"pa_merk-hinomoto-de","12":"pa_merk-massey-ferguson-de","13":"pa_merk-simplicity-de","14":"pa_merk-suzue-de","16":"first","17":"instock","18":"sale","19":"taxable","20":"shipping-taxable","21":"purchasable","22":"product-type-simple","23":"col-xs-6 col-sm-4","24":"col-md-3 col-lg-3","25":"un-4-cols"},"_links":{"self":[{"href":"https:\/\/shop4trac.com\/de\/wp-json\/wp\/v2\/product\/24209","targetHints":{"allow":["GET"]}}],"collection":[{"href":"https:\/\/shop4trac.com\/de\/wp-json\/wp\/v2\/product"}],"about":[{"href":"https:\/\/shop4trac.com\/de\/wp-json\/wp\/v2\/types\/product"}],"replies":[{"embeddable":true,"href":"https:\/\/shop4trac.com\/de\/wp-json\/wp\/v2\/comments?post=24209"}],"wp:featuredmedia":[{"embeddable":true,"href":"https:\/\/shop4trac.com\/de\/wp-json\/wp\/v2\/media\/74689"}],"wp:attachment":[{"href":"https:\/\/shop4trac.com\/de\/wp-json\/wp\/v2\/media?parent=24209"}],"wp:term":[{"taxonomy":"product_cat","embeddable":true,"href":"https:\/\/shop4trac.com\/de\/wp-json\/wp\/v2\/product_cat?post=24209"},{"taxonomy":"product_tag","embeddable":true,"href":"https:\/\/shop4trac.com\/de\/wp-json\/wp\/v2\/product_tag?post=24209"}],"curies":[{"name":"wp","href":"https:\/\/api.w.org\/{rel}","templated":true}]}}