{"id":24196,"date":"2020-06-12T13:55:42","date_gmt":"2020-06-12T12:55:42","guid":{"rendered":"https:\/\/shop4trac.com\/unkategorisiert\/ausrucklager-mitsubishi-type-1-2\/"},"modified":"2025-08-01T18:19:58","modified_gmt":"2025-08-01T16:19:58","slug":"druckplatte-mitsubishi-type-1","status":"publish","type":"product","link":"https:\/\/shop4trac.com\/de\/kupplung-getriebe\/druckplatte\/druckplatte-mitsubishi-type-1\/","title":{"rendered":"Kupplungsautomat Mitsubishi D1100 \u2013 D1500 | D1550 \u2013 MT1601 | MT372 | Case 234 \u2013 235"},"content":{"rendered":"<h3><b>Kupplungsautomat \u2013 Hochwertige Qualit\u00e4t<\/b><\/h3>\n<p class=\"p3\">Zuverl\u00e4ssige und langlebige <span class=\"s2\"><b>Druckgruppe<\/b><\/span>, geeignet f\u00fcr verschiedene Kleintraktoren. Hergestellt aus verschlei\u00dffesten Materialien f\u00fcr eine optimale Kraft\u00fcbertragung und lange Lebensdauer. <\/p>\n<p class=\"p3\">\u2705 Best\u00e4ndig gegen hohe Belastungen<\/p>\n<p class=\"p3\">\u2705 Sofort montagefertig<\/p>\n<p class=\"p3\">Ideal als Ersatz bei Verschlei\u00df oder einer defekten Kupplung.<\/p>\n<p><strong>Technische Daten<\/strong><\/p>\n<ul>\n<li>Durchmesser: 7,25\u2033, 185 mm<\/li>\n<\/ul>\n<p><strong>Fall<\/strong><\/p>\n<ul>\n<li>234, 235<\/li>\n<\/ul>\n<p><strong>Mitsubishi<\/strong><\/p>\n<ul>\n<li>D1100, D1300, D1350, D1450, D1500VFD (KE75)<\/li>\n<li>D1550, MT1301, MT1401, MT1601<\/li>\n<li>MT14, MT15, MT16, MT160, MT180, MTE1800<\/li>\n<li>MT372, S370, S373, S470<\/li>\n<\/ul>\n<p><strong>OEM als Referenz<\/strong><\/p>\n<ul>\n<li>1273243C1, 3282560M1, 3284872M1, 3754712M91, 7064317M91, 72100762, 72101481<\/li>\n<\/ul>\n","protected":false},"excerpt":{"rendered":"<p>Kupplungsautomat \u2013 Hochwertige Qualit\u00e4t Zuverl\u00e4ssige und langlebige Druckgruppe, geeignet f\u00fcr verschiedene Kleintraktoren. Hergestellt aus verschlei\u00dffesten Materialien f\u00fcr eine optimale Kraft\u00fcbertragung und lange Lebensdauer. \u2705 Best\u00e4ndig gegen hohe Belastungen \u2705 Sofort montagefertig Ideal als Ersatz bei Verschlei\u00df oder einer defekten Kupplung. Technische Daten Durchmesser: 7,25\u2033, 185 mm Fall 234, 235 Mitsubishi D1100, D1300, D1350, D1450, D1500VFD&hellip;<\/p>\n","protected":false},"featured_media":39983,"comment_status":"open","ping_status":"open","template":"","meta":[],"product_cat":[2023,392],"product_tag":[3895],"class_list":{"0":"post-24196","1":"product","2":"type-product","3":"status-publish","4":"has-post-thumbnail","6":"product_cat-druckplatte","7":"product_cat-kupplung-getriebe","8":"product_tag-snelparts-de","9":"pa_merk-case-de","10":"pa_merk-mitsubishi-de","12":"first","13":"instock","14":"sale","15":"taxable","16":"shipping-taxable","17":"purchasable","18":"product-type-simple","19":"col-xs-6 col-sm-4","20":"col-md-3 col-lg-3","21":"un-4-cols"},"_links":{"self":[{"href":"https:\/\/shop4trac.com\/de\/wp-json\/wp\/v2\/product\/24196","targetHints":{"allow":["GET"]}}],"collection":[{"href":"https:\/\/shop4trac.com\/de\/wp-json\/wp\/v2\/product"}],"about":[{"href":"https:\/\/shop4trac.com\/de\/wp-json\/wp\/v2\/types\/product"}],"replies":[{"embeddable":true,"href":"https:\/\/shop4trac.com\/de\/wp-json\/wp\/v2\/comments?post=24196"}],"wp:featuredmedia":[{"embeddable":true,"href":"https:\/\/shop4trac.com\/de\/wp-json\/wp\/v2\/media\/39983"}],"wp:attachment":[{"href":"https:\/\/shop4trac.com\/de\/wp-json\/wp\/v2\/media?parent=24196"}],"wp:term":[{"taxonomy":"product_cat","embeddable":true,"href":"https:\/\/shop4trac.com\/de\/wp-json\/wp\/v2\/product_cat?post=24196"},{"taxonomy":"product_tag","embeddable":true,"href":"https:\/\/shop4trac.com\/de\/wp-json\/wp\/v2\/product_tag?post=24196"}],"curies":[{"name":"wp","href":"https:\/\/api.w.org\/{rel}","templated":true}]}}