{"id":24183,"date":"2020-06-16T15:01:03","date_gmt":"2020-06-16T14:01:03","guid":{"rendered":"https:\/\/shop4trac.com\/unkategorisiert\/ausrucklager-yanmar-type-4\/"},"modified":"2025-08-01T18:18:51","modified_gmt":"2025-08-01T16:18:51","slug":"druckplatte-yanmar-type-4","status":"publish","type":"product","link":"https:\/\/shop4trac.com\/de\/kupplung-getriebe\/druckplatte\/druckplatte-yanmar-type-4\/","title":{"rendered":"Kupplungsautomat Yanmar YM330 \u2013 YM3000"},"content":{"rendered":"<p class=\"p1\"><b>Kupplungsautomat \u2013 Erstklassige Qualit\u00e4t<\/b><b><\/b><\/p>\n<p class=\"p2\">Kupplungsautomat von h\u00f6chster Qualit\u00e4t, geeignet f\u00fcr diverse Kleintraktoren. Gefertigt aus robusten, verschlei\u00dffesten Materialien f\u00fcr eine konstante und leistungsstarke Kraft\u00fcbertragung. <\/p>\n<p class=\"p2\">\u2705 Robust und zuverl\u00e4ssig<\/p>\n<p class=\"p2\">\u2705 Bereit zur sofortigen Montage<\/p>\n<p class=\"p2\">Perfekt als Ersatz f\u00fcr eine abgenutzte oder defekte Druckgruppe.<\/p>\n<p class=\"p1\"><b>Technische Spezifikationen:<\/b><b><\/b><\/p>\n<ul>\n<li>\n<p class=\"p1\">Format: 8-1\/2&#8243; (216 mm)<\/p>\n<\/li>\n<li>\n<p class=\"p1\">Typ: Einfache (single) Druckgruppe<\/p>\n<\/li>\n<\/ul>\n<p><strong>Yanmar<\/strong><\/p>\n<ul>\n<li>YM330, YM2200, YM2500, YM2700, YM3000<\/li>\n<\/ul>\n<p><strong>John Deere<\/strong><\/p>\n<ul>\n<li>850, 950<\/li>\n<\/ul>\n","protected":false},"excerpt":{"rendered":"<p>Kupplungsautomat \u2013 Erstklassige Qualit\u00e4t Kupplungsautomat von h\u00f6chster Qualit\u00e4t, geeignet f\u00fcr diverse Kleintraktoren. Gefertigt aus robusten, verschlei\u00dffesten Materialien f\u00fcr eine konstante und leistungsstarke Kraft\u00fcbertragung. \u2705 Robust und zuverl\u00e4ssig \u2705 Bereit zur sofortigen Montage Perfekt als Ersatz f\u00fcr eine abgenutzte oder defekte Druckgruppe. Technische Spezifikationen: Format: 8-1\/2&#8243; (216 mm) Typ: Einfache (single) Druckgruppe Yanmar YM330, YM2200, YM2500,&hellip;<\/p>\n","protected":false},"featured_media":155020,"comment_status":"open","ping_status":"closed","template":"","meta":[],"product_cat":[2023],"product_tag":[3895],"class_list":{"0":"post-24183","1":"product","2":"type-product","3":"status-publish","4":"has-post-thumbnail","6":"product_cat-druckplatte","7":"product_tag-snelparts-de","8":"pa_merk-yanmar-de","10":"first","11":"instock","12":"sale","13":"taxable","14":"shipping-taxable","15":"purchasable","16":"product-type-simple","17":"col-xs-6 col-sm-4","18":"col-md-3 col-lg-3","19":"un-4-cols"},"_links":{"self":[{"href":"https:\/\/shop4trac.com\/de\/wp-json\/wp\/v2\/product\/24183","targetHints":{"allow":["GET"]}}],"collection":[{"href":"https:\/\/shop4trac.com\/de\/wp-json\/wp\/v2\/product"}],"about":[{"href":"https:\/\/shop4trac.com\/de\/wp-json\/wp\/v2\/types\/product"}],"replies":[{"embeddable":true,"href":"https:\/\/shop4trac.com\/de\/wp-json\/wp\/v2\/comments?post=24183"}],"wp:featuredmedia":[{"embeddable":true,"href":"https:\/\/shop4trac.com\/de\/wp-json\/wp\/v2\/media\/155020"}],"wp:attachment":[{"href":"https:\/\/shop4trac.com\/de\/wp-json\/wp\/v2\/media?parent=24183"}],"wp:term":[{"taxonomy":"product_cat","embeddable":true,"href":"https:\/\/shop4trac.com\/de\/wp-json\/wp\/v2\/product_cat?post=24183"},{"taxonomy":"product_tag","embeddable":true,"href":"https:\/\/shop4trac.com\/de\/wp-json\/wp\/v2\/product_tag?post=24183"}],"curies":[{"name":"wp","href":"https:\/\/api.w.org\/{rel}","templated":true}]}}