{"id":23676,"date":"2020-06-11T09:56:47","date_gmt":"2020-06-11T08:56:47","guid":{"rendered":"https:\/\/shop4trac.com\/unkategorisiert\/ausrucklager-hinomoto-type-1\/"},"modified":"2026-04-01T17:41:08","modified_gmt":"2026-04-01T16:41:08","slug":"ausrucklager-hinomoto-type-1","status":"publish","type":"product","link":"https:\/\/shop4trac.com\/de\/kupplung-getriebe\/ausrucklager\/ausrucklager-hinomoto-type-1\/","title":{"rendered":"Ausr\u00fccklager Hinomoto C142 \u2013 C174 | CX13 \u2013 CX19 | E14 \u2013 E184 | Gutbrod 4000 \u2013 4250 | Allis 5015 \u2013 5215"},"content":{"rendered":"<p class=\"p1\">Sorgen Sie mit diesem <span class=\"s1\"><b>hochwertigen Ausr\u00fccklager f\u00fcr<\/b><\/span> einen reibungslosen und zuverl\u00e4ssigen Betrieb Ihrer Kupplung.<\/p>\n<p class=\"p1\">Dieses Kupplungsausr\u00fccklager ist aus langlebigen Materialien gefertigt, die hohen Belastungen und langem Gebrauch standhalten und so eine optimale Kraft\u00fcbertragung und minimalen Verschlei\u00df Ihrer Kupplung gew\u00e4hrleisten.<\/p>\n<p><strong>Technische Daten<\/strong><\/p>\n<p><strong>Ma\u00dfe \u2013 Abmessungen <\/strong>40x64x16<\/p>\n<p><strong>Gewicht<\/strong> : 0,25 kg<\/p>\n<p>Zugeh\u00f6rige Modelle<\/p>\n<p><strong>Hinomoto<\/strong><\/p>\n<ul>\n<li>C142, C144, C172, C174, E14, E15, E16, E150, E152, E154, E184,<\/li>\n<li>E204, E224, E1804, E2004, E2304, E2804<\/li>\n<li>CX13, CX14, CX16, CX18, CX19, CX130, CX140, CX150, CX160, CX180, CX200<\/li>\n<\/ul>\n<p><strong>Massey Ferguson<\/strong><\/p>\n<ul>\n<li>205, 1010, 1020<\/li>\n<\/ul>\n<p><strong>Allis Chalmers <\/strong><\/p>\n<ul>\n<li>5015, 5215<\/li>\n<\/ul>\n<p><strong>Deutz-Allis<\/strong><\/p>\n<ul>\n<li>5215<\/li>\n<\/ul>\n<p><strong>Vereinfachung<\/strong><\/p>\n<ul>\n<li>9518<\/li>\n<\/ul>\n<p><strong>Gutbrod<\/strong><\/p>\n<ul>\n<li>4000, 4200, 4250<\/li>\n<\/ul>\n<p class=\"page-title\"><strong>OEM als Referenz<\/strong><\/p>\n<ul>\n<li>2402-3305-00, 3281108M1, 72100765<\/li>\n<\/ul>\n","protected":false},"excerpt":{"rendered":"<p>Sorgen Sie mit diesem hochwertigen Ausr\u00fccklager f\u00fcr einen reibungslosen und zuverl\u00e4ssigen Betrieb Ihrer Kupplung. Dieses Kupplungsausr\u00fccklager ist aus langlebigen Materialien gefertigt, die hohen Belastungen und langem Gebrauch standhalten und so eine optimale Kraft\u00fcbertragung und minimalen Verschlei\u00df Ihrer Kupplung gew\u00e4hrleisten. Technische Daten Ma\u00dfe \u2013 Abmessungen 40x64x16 Gewicht : 0,25 kg Zugeh\u00f6rige Modelle Hinomoto C142, C144, C172,&hellip;<\/p>\n","protected":false},"featured_media":78869,"comment_status":"open","ping_status":"open","template":"","meta":[],"product_cat":[2007],"product_tag":[3895],"class_list":{"0":"post-23676","1":"product","2":"type-product","3":"status-publish","4":"has-post-thumbnail","6":"product_cat-ausrucklager","7":"product_tag-snelparts-de","8":"pa_merk-allis-chalmers-de","9":"pa_merk-deutz-de","10":"pa_merk-gutbrod-de","11":"pa_merk-hinomoto-de","12":"pa_merk-massey-ferguson-de","14":"first","15":"instock","16":"sale","17":"taxable","18":"shipping-taxable","19":"purchasable","20":"product-type-simple","21":"col-xs-6 col-sm-4","22":"col-md-3 col-lg-3","23":"un-4-cols"},"_links":{"self":[{"href":"https:\/\/shop4trac.com\/de\/wp-json\/wp\/v2\/product\/23676","targetHints":{"allow":["GET"]}}],"collection":[{"href":"https:\/\/shop4trac.com\/de\/wp-json\/wp\/v2\/product"}],"about":[{"href":"https:\/\/shop4trac.com\/de\/wp-json\/wp\/v2\/types\/product"}],"replies":[{"embeddable":true,"href":"https:\/\/shop4trac.com\/de\/wp-json\/wp\/v2\/comments?post=23676"}],"wp:featuredmedia":[{"embeddable":true,"href":"https:\/\/shop4trac.com\/de\/wp-json\/wp\/v2\/media\/78869"}],"wp:attachment":[{"href":"https:\/\/shop4trac.com\/de\/wp-json\/wp\/v2\/media?parent=23676"}],"wp:term":[{"taxonomy":"product_cat","embeddable":true,"href":"https:\/\/shop4trac.com\/de\/wp-json\/wp\/v2\/product_cat?post=23676"},{"taxonomy":"product_tag","embeddable":true,"href":"https:\/\/shop4trac.com\/de\/wp-json\/wp\/v2\/product_tag?post=23676"}],"curies":[{"name":"wp","href":"https:\/\/api.w.org\/{rel}","templated":true}]}}