{"id":23672,"date":"2020-06-11T11:23:44","date_gmt":"2020-06-11T10:23:44","guid":{"rendered":"https:\/\/shop4trac.com\/unkategorisiert\/ausrucklager-iseki-type-3\/"},"modified":"2025-12-23T10:06:03","modified_gmt":"2025-12-23T08:06:03","slug":"ausrucklager-iseki-type-3","status":"publish","type":"product","link":"https:\/\/shop4trac.com\/de\/kupplung-getriebe\/ausrucklager\/ausrucklager-iseki-type-3\/","title":{"rendered":"Ausr\u00fccklager Iseki TU120 \u2013 TU177 | TM15-TM17 | TH18 \u2013 TH22"},"content":{"rendered":"<p class=\"p1\">Sorgen Sie mit diesem <span class=\"s1\"><b>hochwertigen Ausr\u00fccklager f\u00fcr<\/b><\/span> einen reibungslosen und zuverl\u00e4ssigen Betrieb Ihrer Kupplung.<\/p>\n<p class=\"p1\">Dieses Kupplungsausr\u00fccklager ist aus langlebigen Materialien gefertigt, die hohen Belastungen und langem Gebrauch standhalten und so eine optimale Kraft\u00fcbertragung und minimalen Verschlei\u00df Ihrer Kupplung gew\u00e4hrleisten.<\/p>\n<p><strong>Technische Daten<\/strong><\/p>\n<ul>\n<li><strong>Gewicht<\/strong> : 0,35 kg<\/li>\n<li><strong>Abmessungen<\/strong> : 67x38x14,5\/16mm<\/li>\n<\/ul>\n<p>Anwendung f\u00fcr Maschinen und Traktoren<\/p>\n<p><strong>Iseki<\/strong><\/p>\n<ul>\n<li>TU120, TU125, TU127, TU130, TU135, TU137, TU140, TU145, TU147, TU150, TU155, TU157, TU160, TU165, TU167, TU170, TU175, TU177, TU318<\/li>\n<li>TU1400, TU1400F TU1500, TU1500F TU1600, TU1600F TU1401, TU1501, TU1601<\/li>\n<li>TM3160, TM3265, TM3245, TM3247, TM3215, TM3217<\/li>\n<li>Sial 3, TF3, Sial 5, TF5, Sial15, TF15, Sial 20, TF20<\/li>\n<li>TM17, TM15, TM217, TM223<\/li>\n<li>3015<\/li>\n<li>TH18, TH20, TH22 \u2013 <strong>SIAL-J\u00e4ger<\/strong><\/li>\n<li>\n<div class=\"flex-1 overflow-hidden\">\n<div class=\"react-scroll-to-bottom--css-qcbqu-79elbk h-full\">\n<div class=\"react-scroll-to-bottom--css-qcbqu-1n7m0yu\">\n<div class=\"flex flex-col pb-9 text-sm\">\n<div class=\"w-full text-token-text-primary\" data-testid=\"conversation-turn-24\">\n<div class=\"px-4 py-2 justify-center text-base md:gap-6 m-auto\">\n<div class=\"flex flex-1 text-base mx-auto gap-3 md:px-5 lg:px-1 xl:px-5 md:max-w-3xl lg:max-w-[40rem] xl:max-w-[48rem] } group final-completion\">\n<div class=\"relative flex w-full flex-col lg:w-[calc(100%-115px)] agent-turn\">\n<div class=\"flex-col gap-1 md:gap-3\">\n<div class=\"flex flex-grow flex-col max-w-full\">\n<div class=\"min-h-[20px] text-message flex flex-col items-start gap-3 whitespace-pre-wrap break-words [.text-message+&amp;]:mt-5 overflow-x-auto\" data-message-author-role=\"assistant\" data-message-id=\"c6a569f9-ca6e-411d-9ea4-299342c979d0\">\n<div class=\"markdown prose w-full break-words dark:prose-invert light\">\n<p>3015, 3020<\/p>\n<\/div>\n<\/div>\n<\/div>\n<\/div>\n<\/div>\n<\/div>\n<\/div>\n<\/div>\n<\/div>\n<\/div>\n<\/div>\n<\/div>\n<\/li>\n<\/ul>\n<p><strong>Ford<\/strong><\/p>\n<ul>\n<li>1110, 1120, 1210, 1215, 1220, 1300, TC18, TC21,<\/li>\n<\/ul>\n<p><strong>Neuholland<\/strong><\/p>\n<ul>\n<li>TC23, TC24D, TC24DA<\/li>\n<\/ul>\n<p><strong>OEM als Referenz<\/strong><\/p>\n<ul>\n<li>1491-120-001-00<\/li>\n<\/ul>\n<p>&nbsp;<\/p>\n","protected":false},"excerpt":{"rendered":"<p>Sorgen Sie mit diesem hochwertigen Ausr\u00fccklager f\u00fcr einen reibungslosen und zuverl\u00e4ssigen Betrieb Ihrer Kupplung. Dieses Kupplungsausr\u00fccklager ist aus langlebigen Materialien gefertigt, die hohen Belastungen und langem Gebrauch standhalten und so eine optimale Kraft\u00fcbertragung und minimalen Verschlei\u00df Ihrer Kupplung gew\u00e4hrleisten. Technische Daten Gewicht : 0,35 kg Abmessungen : 67x38x14,5\/16mm Anwendung f\u00fcr Maschinen und Traktoren Iseki TU120,&hellip;<\/p>\n","protected":false},"featured_media":77894,"comment_status":"open","ping_status":"open","template":"","meta":[],"product_cat":[2007],"product_tag":[3895],"class_list":{"0":"post-23672","1":"product","2":"type-product","3":"status-publish","4":"has-post-thumbnail","6":"product_cat-ausrucklager","7":"product_tag-snelparts-de","8":"pa_merk-ford-de","9":"pa_merk-iseki-de","11":"first","12":"instock","13":"sale","14":"taxable","15":"shipping-taxable","16":"purchasable","17":"product-type-simple","18":"col-xs-6 col-sm-4","19":"col-md-3 col-lg-3","20":"un-4-cols"},"_links":{"self":[{"href":"https:\/\/shop4trac.com\/de\/wp-json\/wp\/v2\/product\/23672","targetHints":{"allow":["GET"]}}],"collection":[{"href":"https:\/\/shop4trac.com\/de\/wp-json\/wp\/v2\/product"}],"about":[{"href":"https:\/\/shop4trac.com\/de\/wp-json\/wp\/v2\/types\/product"}],"replies":[{"embeddable":true,"href":"https:\/\/shop4trac.com\/de\/wp-json\/wp\/v2\/comments?post=23672"}],"wp:featuredmedia":[{"embeddable":true,"href":"https:\/\/shop4trac.com\/de\/wp-json\/wp\/v2\/media\/77894"}],"wp:attachment":[{"href":"https:\/\/shop4trac.com\/de\/wp-json\/wp\/v2\/media?parent=23672"}],"wp:term":[{"taxonomy":"product_cat","embeddable":true,"href":"https:\/\/shop4trac.com\/de\/wp-json\/wp\/v2\/product_cat?post=23672"},{"taxonomy":"product_tag","embeddable":true,"href":"https:\/\/shop4trac.com\/de\/wp-json\/wp\/v2\/product_tag?post=23672"}],"curies":[{"name":"wp","href":"https:\/\/api.w.org\/{rel}","templated":true}]}}