{"id":19822,"date":"2020-02-29T16:47:20","date_gmt":"2020-02-29T15:47:20","guid":{"rendered":"https:\/\/shop4trac.com\/unkategorisiert\/schwarzer-dichtungsmacher-wynns-black-gasket-maker\/"},"modified":"2025-12-01T19:38:30","modified_gmt":"2025-12-01T17:38:30","slug":"schwarzer-dichtungsmacher-wynns-black-gasket-maker","status":"publish","type":"product","link":"https:\/\/shop4trac.com\/de\/motorteile\/flussigdichtung\/schwarzer-dichtungsmacher-wynns-black-gasket-maker\/","title":{"rendered":"Fl\u00fcssigdichtung Iseki | Kubota | Yanmar | Shibaura"},"content":{"rendered":"<p>Teile Ihres Minitraktors enthalten oft nicht alle Dichtungen. Die L\u00f6sung hierf\u00fcr ist eine Fl\u00fcssigdichtung, die das Teil abdichtet und ein Auslaufen verhindert. Black Gasket Maker ist ein flexibler, wasserfester F\u00fcll- und Klebstoff, der hohen Temperaturen standh\u00e4lt. Es handelt sich um ein Produkt auf Polysiloxanbasis in einer Druckkartusche zur schnellen und einfachen Herstellung von Dichtungen und Dichtringen.     <b>Eigenschaften<\/b><\/p>\n<ul>\n<li>Best\u00e4ndig gegen \u00d6le, Getriebe\u00f6le, Wasser, Frostschutzmittel, Fette, Rauch und hei\u00dfe giftige Gase.<\/li>\n<li>Ersetzt Kork-, Filz-, Papier- und Gummidichtungen.<\/li>\n<li>Best\u00e4ndig gegen niedrige Temperaturen bis -40 \u00b0C (Dauer) und hohe Temperaturen bis 232 \u00b0C (Dauer) und 300 \u00b0C (kurzzeitig).<\/li>\n<li>Ist unsch\u00e4dlich f\u00fcr elektronische Sensoren und Katalysatoren.<\/li>\n<li>Nach vollst\u00e4ndiger Aush\u00e4rtung ist kein Nachziehen erforderlich.<\/li>\n<li>Erfordert kein Mischen (eine Komponente).<\/li>\n<li><span style=\"text-decoration: underline\">Inhalt: 100 oder 75 ml<\/span><\/li>\n<\/ul>\n<p><b>Anwendungen<\/b><\/p>\n<ul>\n<li>Ideal f\u00fcr die Herstellung von Ersatzdichtungen und Dichtungen f\u00fcr Motorteile (Ventildeckel, Getriebe- und \u00d6lwannen, Wasserpumpen, Thermostatgeh\u00e4use), Beleuchtungsarmaturen, Heizsysteme, Klimaanlagen, Karosserien, Industrie\u00f6fen, \u00d6fen, Fensterdichtungen und viele andere Anwendungen.<\/li>\n<li>Nicht auf Kopfdichtungen oder bei st\u00e4ndigem Kontakt mit Benzin auftragen.<\/li>\n<li>Nicht f\u00fcr Dichtungen verwenden, die tiefer als 10 mm sind.<\/li>\n<li>Vermeiden Sie w\u00e4hrend der Aush\u00e4rtung den Kontakt mit L\u00f6sungsmittelreinigern.<\/li>\n<\/ul>\n<p><b>Gebrauchsanweisung<\/b><\/p>\n<ul>\n<li>Entfernen Sie die Plastiklasche (1).<\/li>\n<li>Entfernen Sie die Kappe vom Auslauf (2).<\/li>\n<li>Der Untergrund muss sauber, trocken und fettfrei sein.<\/li>\n<li>Tragen Sie Gasket Maker auf, indem Sie es leicht zusammendr\u00fccken und die T\u00fclle \u00fcber die Oberfl\u00e4che ziehen (4).<\/li>\n<li>Montieren Sie die Teile sofort.<\/li>\n<li>Mit der Hand anziehen, bis das Produkt um den Flansch herum austritt.<\/li>\n<li>Eine Stunde aush\u00e4rten lassen und dann um \u00bc bis \u00bd Umdrehung festziehen.<\/li>\n<li>Nach einer Stunde bildet sich eine trockene Schicht, die vollst\u00e4ndige Aush\u00e4rtung erfolgt nach 24 Stunden.<\/li>\n<li>Reinigen Sie nach dem Gebrauch den Ausguss und setzen Sie die Kappe wieder auf.<\/li>\n<li>Wenn das Produkt im Auslauf ausgeh\u00e4rtet ist, schrauben Sie den Auslauf ab und entfernen Sie das ausgeh\u00e4rtete Produkt.<\/li>\n<li>Wenn die Anwendung nach der Herstellung der Dichtung eine Demontage erfordert, tragen Sie Gasket Maker wie gewohnt auf, tragen Sie jedoch eine d\u00fcnne \u00d6lschicht auf die der Dichtung gegen\u00fcberliegende Oberfl\u00e4che auf, bevor Sie die beiden Oberfl\u00e4chen verbinden.<\/li>\n<\/ul>\n<p>&nbsp;<\/p>\n","protected":false},"excerpt":{"rendered":"<p>Teile Ihres Minitraktors enthalten oft nicht alle Dichtungen. Die L\u00f6sung hierf\u00fcr ist eine Fl\u00fcssigdichtung, die das Teil abdichtet und ein Auslaufen verhindert. Black Gasket Maker ist ein flexibler, wasserfester F\u00fcll- und Klebstoff, der hohen Temperaturen standh\u00e4lt. Es handelt sich um ein Produkt auf Polysiloxanbasis in einer Druckkartusche zur schnellen und einfachen Herstellung von Dichtungen und&hellip;<\/p>\n","protected":false},"featured_media":129547,"comment_status":"open","ping_status":"open","template":"","meta":[],"product_cat":[416,398],"product_tag":[3895],"class_list":{"0":"post-19822","1":"product","2":"type-product","3":"status-publish","4":"has-post-thumbnail","6":"product_cat-flussigdichtung","7":"product_cat-sonstige-teile","8":"product_tag-snelparts-de","9":"pa_merk-bobcat-de","10":"pa_merk-bolens-de","11":"pa_merk-case-de","12":"pa_merk-ford-de","13":"pa_merk-gutbrod-de","14":"pa_merk-hinomoto-de","15":"pa_merk-holder-de","16":"pa_merk-iseki-de","17":"pa_merk-kubota-de","18":"pa_merk-kumiai-de","19":"pa_merk-mitsubishi-de","20":"pa_merk-new-holland-de","21":"pa_merk-noda-de","22":"pa_merk-satoh-de","23":"pa_merk-shibaura-de","24":"pa_merk-suzue-de","25":"pa_merk-yanmar-de","26":"pa_merk-zen-noh-de","28":"first","29":"instock","30":"sale","31":"taxable","32":"shipping-taxable","33":"purchasable","34":"product-type-variable","35":"col-xs-6 col-sm-4","36":"col-md-3 col-lg-3","37":"un-4-cols"},"_links":{"self":[{"href":"https:\/\/shop4trac.com\/de\/wp-json\/wp\/v2\/product\/19822","targetHints":{"allow":["GET"]}}],"collection":[{"href":"https:\/\/shop4trac.com\/de\/wp-json\/wp\/v2\/product"}],"about":[{"href":"https:\/\/shop4trac.com\/de\/wp-json\/wp\/v2\/types\/product"}],"replies":[{"embeddable":true,"href":"https:\/\/shop4trac.com\/de\/wp-json\/wp\/v2\/comments?post=19822"}],"wp:featuredmedia":[{"embeddable":true,"href":"https:\/\/shop4trac.com\/de\/wp-json\/wp\/v2\/media\/129547"}],"wp:attachment":[{"href":"https:\/\/shop4trac.com\/de\/wp-json\/wp\/v2\/media?parent=19822"}],"wp:term":[{"taxonomy":"product_cat","embeddable":true,"href":"https:\/\/shop4trac.com\/de\/wp-json\/wp\/v2\/product_cat?post=19822"},{"taxonomy":"product_tag","embeddable":true,"href":"https:\/\/shop4trac.com\/de\/wp-json\/wp\/v2\/product_tag?post=19822"}],"curies":[{"name":"wp","href":"https:\/\/api.w.org\/{rel}","templated":true}]}}