{"id":19260,"date":"2020-02-29T16:44:17","date_gmt":"2020-02-29T15:44:17","guid":{"rendered":"https:\/\/shop4trac.com\/unkategorisiert\/hydraulikfilter-kubota\/"},"modified":"2026-01-27T11:01:10","modified_gmt":"2026-01-27T10:01:10","slug":"hydraulikfilter-kubota","status":"publish","type":"product","link":"https:\/\/shop4trac.com\/de\/filter\/hydraulikfilter\/hydraulikfilter-kubota\/","title":{"rendered":"Hydraulikfilter | Kubota A-15 \u2013 A-195 | GB16 \u2013 GB20 | B1410 bis B9200"},"content":{"rendered":"<p>Hydraulikfilter passend f\u00fcr diverse Kubotas:<\/p>\n<p><strong>Gr\u00f6\u00dfen:<\/strong><\/p>\n<ul>\n<li>Gewinde: M20X1,5<\/li>\n<li>Durchmesser: 84 mm<\/li>\n<li>L\u00e4nge: 140mm<\/li>\n<\/ul>\n<p><strong>Kubota  <\/strong><\/p>\n<ul>\n<li class=\"p1\">L1802, L2002, L2202, L2402, L2602<\/li>\n<li class=\"p1\">L1-18, L1-20, L1-22, L1-24, L1-26, L1-185, L1-205, L1-225, L1-245<\/li>\n<li class=\"p1\">A-15, A-155, A-17, A175, A-19, A-195<\/li>\n<li class=\"p1\">GB16, GB18, GB20<\/li>\n<li class=\"p1\">GT3, GT5, GT8<\/li>\n<li class=\"p1\">B1220, B1410, B1610, B2420, B1620, B1700, B1710, B1820, B1830, B2100, B2110, B2120, B2150, B2210, B2320, B2400, B2410, B2420, B2530, B26, B2620, B2630, B2710, B2910, B2920<\/li>\n<\/ul>\n<ul>\n<li class=\"p1\">B3030, B3200, B72, B7400, B7410, B7500, B7510, B7610, B7800, B9200<\/li>\n<li class=\"p1\">X20, X24<\/li>\n<\/ul>\n<p><strong>Kubota<\/strong><\/p>\n<ul>\n<li>CX-Serie\n<ul>\n<li>CX13, CX14, CX15, CX16, CX18, CX19<\/li>\n<\/ul>\n<\/li>\n<\/ul>\n<p><strong>Hinomoto<\/strong><\/p>\n<ul>\n<li>CX16, CX18, CX19<\/li>\n<\/ul>\n<p><strong>OEM als Referenz:<\/strong><\/p>\n<ul>\n<li>3843037710 KUBOTA<\/li>\n<li>3843037714 KUBOTA<\/li>\n<li>HH67037710 KUBOTA<\/li>\n<\/ul>\n","protected":false},"excerpt":{"rendered":"<p>Hydraulikfilter passend f\u00fcr diverse Kubotas: Gr\u00f6\u00dfen: Gewinde: M20X1,5 Durchmesser: 84 mm L\u00e4nge: 140mm Kubota L1802, L2002, L2202, L2402, L2602 L1-18, L1-20, L1-22, L1-24, L1-26, L1-185, L1-205, L1-225, L1-245 A-15, A-155, A-17, A175, A-19, A-195 GB16, GB18, GB20 GT3, GT5, GT8 B1220, B1410, B1610, B2420, B1620, B1700, B1710, B1820, B1830, B2100, B2110, B2120, B2150, B2210, B2320,&hellip;<\/p>\n","protected":false},"featured_media":33278,"comment_status":"open","ping_status":"open","template":"","meta":[],"product_cat":[383],"product_tag":[3895],"class_list":{"0":"post-19260","1":"product","2":"type-product","3":"status-publish","4":"has-post-thumbnail","6":"product_cat-hydraulikfilter","7":"product_tag-snelparts-de","8":"pa_merk-hinomoto-de","9":"pa_merk-kubota-de","11":"first","12":"instock","13":"sale","14":"taxable","15":"shipping-taxable","16":"purchasable","17":"product-type-simple","18":"col-xs-6 col-sm-4","19":"col-md-3 col-lg-3","20":"un-4-cols"},"_links":{"self":[{"href":"https:\/\/shop4trac.com\/de\/wp-json\/wp\/v2\/product\/19260","targetHints":{"allow":["GET"]}}],"collection":[{"href":"https:\/\/shop4trac.com\/de\/wp-json\/wp\/v2\/product"}],"about":[{"href":"https:\/\/shop4trac.com\/de\/wp-json\/wp\/v2\/types\/product"}],"replies":[{"embeddable":true,"href":"https:\/\/shop4trac.com\/de\/wp-json\/wp\/v2\/comments?post=19260"}],"wp:featuredmedia":[{"embeddable":true,"href":"https:\/\/shop4trac.com\/de\/wp-json\/wp\/v2\/media\/33278"}],"wp:attachment":[{"href":"https:\/\/shop4trac.com\/de\/wp-json\/wp\/v2\/media?parent=19260"}],"wp:term":[{"taxonomy":"product_cat","embeddable":true,"href":"https:\/\/shop4trac.com\/de\/wp-json\/wp\/v2\/product_cat?post=19260"},{"taxonomy":"product_tag","embeddable":true,"href":"https:\/\/shop4trac.com\/de\/wp-json\/wp\/v2\/product_tag?post=19260"}],"curies":[{"name":"wp","href":"https:\/\/api.w.org\/{rel}","templated":true}]}}