{"id":19257,"date":"2020-02-29T16:44:17","date_gmt":"2020-02-29T15:44:17","guid":{"rendered":"https:\/\/shop4trac.com\/unkategorisiert\/hydrauliek-filter-kubota-gl\/"},"modified":"2026-03-31T13:57:21","modified_gmt":"2026-03-31T12:57:21","slug":"hydrauliek-filter-kubota-gl","status":"publish","type":"product","link":"https:\/\/shop4trac.com\/de\/filter\/hydraulikfilter\/hydrauliek-filter-kubota-gl\/","title":{"rendered":"Hydraulikfilter Kubota GL | Landini | Mitsubishi | Shibaura | Kioti"},"content":{"rendered":"<p>Hydraulikfilter, bei dem mit gr\u00f6\u00dfter Pr\u00e4zision nach kompatiblen Modellen gesucht wurde:<\/p>\n<p><strong>Technische Daten<\/strong><\/p>\n<ul>\n<li>L\u00e4nge 176 mm<\/li>\n<li>Durchmesser 98mm<\/li>\n<li>Gewinde: 1&#8243;1\/8-16UNF<\/li>\n<\/ul>\n<p><strong>Bobcat<\/strong><\/p>\n<ul>\n<li>CT122, CT225, CT230, CT235<\/li>\n<\/ul>\n<p><strong>Kioti<\/strong><\/p>\n<ul>\n<li>CK20, CK20HST, CK22, CK22HST, CK25HST, CK27HST, CK2810, CK30HST, CK35, CK3520C, CK35HST, CK4020C, CK4220C, CK4220CH<\/li>\n<li>CK2510, CK2610, CK3510, CK4010, DS3510<\/li>\n<\/ul>\n<p><strong>Mahindra<\/strong><\/p>\n<ul>\n<li>1533, 1538, 1626, 1635, 1640, 2615, 2615HST, 2815HST, 3016HST, 3316, 3316HST, 3616<\/li>\n<\/ul>\n<p><strong>Mitsubishi<\/strong><\/p>\n<ul>\n<li>MT22, MT23D, MT24, MT24D, MT25, MT26, MT2600, MT2600HST, MT28, MT3000, MT3000HST, MT3500, MT36<\/li>\n<\/ul>\n<p><strong>Neue Niederlande<\/strong><\/p>\n<ul>\n<li>2030 BOOMER, 2035 BOOMER, MC28, MC35, T1510, T1520, T1560, T1570, TC21D<\/li>\n<\/ul>\n<p><strong>Shibaura<\/strong><\/p>\n<ul>\n<li>CM284, CM314, CM364, CM374, ST318\/HST, ST321\/HST, ST324\/HST, ST329\/HST, ST333\/HST<\/li>\n<\/ul>\n<div class=\"flex-1 overflow-hidden\">\n<div class=\"react-scroll-to-bottom--css-rnygw-79elbk h-full\">\n<div class=\"react-scroll-to-bottom--css-rnygw-1n7m0yu\">\n<div class=\"flex flex-col pb-9 text-sm\">\n<div class=\"w-full text-token-text-primary\" data-testid=\"conversation-turn-33\">\n<div class=\"px-4 py-2 justify-center text-base md:gap-6 m-auto\">\n<div class=\"flex flex-1 text-base mx-auto gap-3 md:px-5 lg:px-1 xl:px-5 md:max-w-3xl lg:max-w-[40rem] xl:max-w-[48rem] group final-completion\">\n<div class=\"relative flex w-full flex-col lg:w-[calc(100%-115px)] agent-turn\">\n<div class=\"flex-col gap-1 md:gap-3\">\n<div class=\"flex flex-grow flex-col max-w-full\">\n<div class=\"min-h-[20px] text-message flex flex-col items-start gap-3 whitespace-pre-wrap break-words [.text-message+&amp;]:mt-5 overflow-x-auto\" data-message-author-role=\"assistant\" data-message-id=\"77f9a5dd-6f3d-4b65-a86d-bdb8977214e6\">\n<div class=\"markdown prose w-full break-words dark:prose-invert light\">\n<ul>\n<li>SP2540, SP3040, SP3540, SP3840, SP4540<\/li>\n<\/ul>\n<p><strong>Yanmar<\/strong><\/p>\n<ul>\n<li>AF17, AF18, AF180<\/li>\n<\/ul>\n<\/div>\n<\/div>\n<\/div>\n<\/div>\n<\/div>\n<\/div>\n<\/div>\n<\/div>\n<\/div>\n<\/div>\n<\/div>\n<\/div>\n<p><strong>Kubota<\/strong><\/p>\n<ul>\n<li>\n<div class=\"flex flex-grow flex-col max-w-full\">\n<div class=\"min-h-[20px] text-message flex flex-col items-start gap-3 whitespace-pre-wrap break-words [.text-message+&amp;]:mt-5 overflow-x-auto\" data-message-author-role=\"assistant\" data-message-id=\"ac8eb14d-2ae8-4488-9b1e-a7d6c382f049\">\n<div class=\"markdown prose w-full break-words dark:prose-invert light\">\n<p>GT19, GT21, GT23, GT25<\/p>\n<\/div>\n<\/div>\n<\/div>\n<\/li>\n<\/ul>\n<div class=\"flex-1 overflow-hidden\">\n<div class=\"react-scroll-to-bottom--css-rnygw-79elbk h-full\">\n<div class=\"react-scroll-to-bottom--css-rnygw-1n7m0yu\">\n<div class=\"flex flex-col pb-9 text-sm\">\n<div class=\"w-full text-token-text-primary\" data-testid=\"conversation-turn-31\">\n<div class=\"px-4 py-2 justify-center text-base md:gap-6 m-auto\">\n<div class=\"flex flex-1 text-base mx-auto gap-3 md:px-5 lg:px-1 xl:px-5 md:max-w-3xl lg:max-w-[40rem] xl:max-w-[48rem] group final-completion\">\n<div class=\"relative flex w-full flex-col lg:w-[calc(100%-115px)] agent-turn\">\n<div class=\"flex-col gap-1 md:gap-3\">\n<div class=\"flex flex-grow flex-col max-w-full\">\n<div class=\"min-h-[20px] text-message flex flex-col items-start gap-3 whitespace-pre-wrap break-words [.text-message+&amp;]:mt-5 overflow-x-auto\" data-message-author-role=\"assistant\" data-message-id=\"ec586c1a-5f7b-4927-8ec3-8cd82d48ccd5\">\n<div class=\"markdown prose w-full break-words dark:prose-invert light\">\n<ul>\n<li>  GL19, GL21, GL23, GL25, GL26, GL27, GL29, GL32, GL33, GL200, GL201, GL220, GL221, GL240, GL241, GL260, GL261, GL268, GL277, GL280, GL281<\/li>\n<\/ul>\n<\/div>\n<\/div>\n<\/div>\n<\/div>\n<\/div>\n<\/div>\n<\/div>\n<\/div>\n<\/div>\n<\/div>\n<\/div>\n<\/div>\n<ul>\n<li>B20, B21, L1-235, L2501DW, L2-622DHW, L2900DT, L2900DTGST, L2900F, L3010DT, L3010F, L3010GST, L3010HST, L3130DT, L3130F, L3130GST, L3130HST, L3240DT, L3 240F, L3240GST, L3240HST<\/li>\n<li>L3240HSTC, L3300, L3300DT, L3410DT, L3410GST, L3410HST, L3430DT, L3430GST, L3430HST, L3430HSTC, L3540GST, L3540HST, L3540HSTC, L35TL, L3600DT, L3600DTC\/GSTC, L3 600GST<\/li>\n<li>L3600HST, L3710DT, L3710GST, L3710HST, L3710HSTC, L3830DT, L3830F, L3830GST, L3830HST, L39, L3940DT, L3940GST, L3940HST, L3940HSTC, L4100HST, L4200, L4200DT GST, L4200DTGSTC, L4240DT<\/li>\n<li>L4240GST, L4240HST, L4240HSTC, L4300DT, L4300F, L4310DT, L4310F, L4310GST, L4310GSTC, L4310HST, L4310HSTC, L4330DT, L4330GST, L4330HST, L4330HSTC, L4350DT, L4 400DV, L4400DW, L4400FV, L4400FW, L4610GST, L4610HST, L4610HSTC<\/li>\n<li>L4630DT, L4630GST, L4630HST, L4630HSTC, L4740, L4850DT, L48TL, L5030GST, L5030HST, L5030HSTC, L5040, L5240, L5450, L5450DT, L5450DT, L5740, L6330<\/li>\n<li>M105SDSC, M105SDT, M105SHC, M105SHDC, M105XDTC, M108S, M108SDT, M110DT, M110DTC, M110FC, M120DT, M120DTC, M120FC, M125XDT, M125XDTC, M128XDT, M130X, M4700, M47 00DT, M4800SU<\/li>\n<li>M4900, M4900C, M4900DT, M4900DTC, M4900S, M4900SC, M4900SCS-F, M4900SD, M4900SDC, M4900SU, M4900SUD, M5040, M5040DT, M5040DTH, M5091, M5111, M5700, M57 00C, M5700DT, M5700DTC, M5700DT-N<\/li>\n<li>M5700HDC, M5700HD-F, M5700S, M5700SC, M5700SD, M5700SDC, M5700SDN<\/li>\n<li>M59, M6040, M6040DT, M6040DTH, M6040DTHQ, M6040DTN, M6060DTH, M6060DTHQ, M6800, M6800DT, M6800HD, M6800HDC, M6800S, M6800SC, M6800SD, M6800SDC, M6800SDT<\/li>\n<li>M7040, M7040DT, M7040DTH, M7040DTHQ, M7040DTN, M7040DTNQ, M7060DTH, M7060DTHQ, M7580DT, M8200, M8200C, M8200CCS, M8200DT, M8200DTC, M8200HD, M8200HDC, M854 0DTH, M8540DTHQ, M8540DTN, M8540DTQ, M8560DTH, M8560DTHQ<\/li>\n<li>M8580DT, M9000, M9000C, M9000DT, M9000DTC, M9000DTCCS, M9000DTH, M9000DTL, M9000DTM, M9000DTMC, M9000DTMCW, M9000DTMW, M9000DTQ, M9000HD, M9000HDC, M9000HDL , M9540DTH, M9540DTHL, M9540DTHQ<\/li>\n<li>M9540DTL, M9540DTQ, M9580DT, M9580DTC, M95SDSC, M96S, M9960DTH, M9960DTHQ, ME5700DTH, ME5700DTHQ, ME8200DTH, ME8200DTHQ, ME9000DTH, ME9000DTHL, ME9000DTHQ, MK5000, MX5 0 00DT, MX5000F, ST341, STV25, STW40<\/li>\n<\/ul>\n<p><strong>Landini<\/strong><\/p>\n<ul>\n<li>1-25, 1-30, 1-35, X10-25M, X10-30H, X10-30M, X10-35H,<\/li>\n<\/ul>\n<p><strong>OEM als Referenz<\/strong><\/p>\n<ul>\n<li>32590-38380, 33960-82630<\/li>\n<li>FOH-7710, 33960-82630, TA040-37710, HH330-82630, T0070-37710, T0070-37711<\/li>\n<li>T218538031, 87300043, 10352509000, 10352-509000, 87300044, P551779<\/li>\n<\/ul>\n","protected":false},"excerpt":{"rendered":"<p>Hydraulikfilter, bei dem mit gr\u00f6\u00dfter Pr\u00e4zision nach kompatiblen Modellen gesucht wurde: Technische Daten L\u00e4nge 176 mm Durchmesser 98mm Gewinde: 1&#8243;1\/8-16UNF Bobcat CT122, CT225, CT230, CT235 Kioti CK20, CK20HST, CK22, CK22HST, CK25HST, CK27HST, CK2810, CK30HST, CK35, CK3520C, CK35HST, CK4020C, CK4220C, CK4220CH CK2510, CK2610, CK3510, CK4010, DS3510 Mahindra 1533, 1538, 1626, 1635, 1640, 2615, 2615HST, 2815HST, 3016HST,&hellip;<\/p>\n","protected":false},"featured_media":96291,"comment_status":"open","ping_status":"closed","template":"","meta":[],"product_cat":[383],"product_tag":[3895],"class_list":{"0":"post-19257","1":"product","2":"type-product","3":"status-publish","4":"has-post-thumbnail","6":"product_cat-hydraulikfilter","7":"product_tag-snelparts-de","8":"pa_merk-bobcat-de","9":"pa_merk-kioti-de","10":"pa_merk-kubota-de","11":"pa_merk-landini-de","12":"pa_merk-mitsubishi-de","13":"pa_merk-shibaura-de","15":"first","16":"instock","17":"sale","18":"taxable","19":"shipping-taxable","20":"purchasable","21":"product-type-simple","22":"col-xs-6 col-sm-4","23":"col-md-3 col-lg-3","24":"un-4-cols"},"_links":{"self":[{"href":"https:\/\/shop4trac.com\/de\/wp-json\/wp\/v2\/product\/19257","targetHints":{"allow":["GET"]}}],"collection":[{"href":"https:\/\/shop4trac.com\/de\/wp-json\/wp\/v2\/product"}],"about":[{"href":"https:\/\/shop4trac.com\/de\/wp-json\/wp\/v2\/types\/product"}],"replies":[{"embeddable":true,"href":"https:\/\/shop4trac.com\/de\/wp-json\/wp\/v2\/comments?post=19257"}],"wp:featuredmedia":[{"embeddable":true,"href":"https:\/\/shop4trac.com\/de\/wp-json\/wp\/v2\/media\/96291"}],"wp:attachment":[{"href":"https:\/\/shop4trac.com\/de\/wp-json\/wp\/v2\/media?parent=19257"}],"wp:term":[{"taxonomy":"product_cat","embeddable":true,"href":"https:\/\/shop4trac.com\/de\/wp-json\/wp\/v2\/product_cat?post=19257"},{"taxonomy":"product_tag","embeddable":true,"href":"https:\/\/shop4trac.com\/de\/wp-json\/wp\/v2\/product_tag?post=19257"}],"curies":[{"name":"wp","href":"https:\/\/api.w.org\/{rel}","templated":true}]}}