{"id":19255,"date":"2020-02-29T16:44:17","date_gmt":"2020-02-29T15:44:17","guid":{"rendered":"https:\/\/shop4trac.com\/unkategorisiert\/hydrauliek-filter\/"},"modified":"2025-10-24T12:03:15","modified_gmt":"2025-10-24T10:03:15","slug":"hydrauliek-filter","status":"publish","type":"product","link":"https:\/\/shop4trac.com\/de\/filter\/hydraulikfilter\/hydrauliek-filter\/","title":{"rendered":"Mitsubishi MT Hydraulikfilter MT16 \u2013 MT20 | MT165 \u2013 MT205"},"content":{"rendered":"<p><span style=\"text-decoration: underline\">Hochwertiger<\/span> Hydraulikfilter passend f\u00fcr:<\/p>\n<p><strong>Mitsubishi<\/strong><\/p>\n<p>Neue MT-Serie:<\/p>\n<ul>\n<li>MT16, MT17, MT18, MT20<\/li>\n<li>MT165, MT185, MT205<\/li>\n<\/ul>\n<p><strong>Gewindegr\u00f6\u00dfe:<\/strong><\/p>\n<ul>\n<li>1 1\/8-16 UNF<\/li>\n<\/ul>\n<p><strong>H\u00f6he:<\/strong> 96 mm<\/p>\n<p><strong>Durchmesser<\/strong> 95 mm<\/p>\n<p>&nbsp;<\/p>\n","protected":false},"excerpt":{"rendered":"<p>Hochwertiger Hydraulikfilter passend f\u00fcr: Mitsubishi Neue MT-Serie: MT16, MT17, MT18, MT20 MT165, MT185, MT205 Gewindegr\u00f6\u00dfe: 1 1\/8-16 UNF H\u00f6he: 96 mm Durchmesser 95 mm &nbsp;<\/p>\n","protected":false},"featured_media":33328,"comment_status":"open","ping_status":"closed","template":"","meta":[],"product_cat":[383],"product_tag":[3895],"class_list":{"0":"post-19255","1":"product","2":"type-product","3":"status-publish","4":"has-post-thumbnail","6":"product_cat-hydraulikfilter","7":"product_tag-snelparts-de","8":"pa_merk-iseki-de","9":"pa_merk-mitsubishi-de","11":"first","12":"instock","13":"sale","14":"taxable","15":"shipping-taxable","16":"purchasable","17":"product-type-simple","18":"col-xs-6 col-sm-4","19":"col-md-3 col-lg-3","20":"un-4-cols"},"_links":{"self":[{"href":"https:\/\/shop4trac.com\/de\/wp-json\/wp\/v2\/product\/19255","targetHints":{"allow":["GET"]}}],"collection":[{"href":"https:\/\/shop4trac.com\/de\/wp-json\/wp\/v2\/product"}],"about":[{"href":"https:\/\/shop4trac.com\/de\/wp-json\/wp\/v2\/types\/product"}],"replies":[{"embeddable":true,"href":"https:\/\/shop4trac.com\/de\/wp-json\/wp\/v2\/comments?post=19255"}],"wp:featuredmedia":[{"embeddable":true,"href":"https:\/\/shop4trac.com\/de\/wp-json\/wp\/v2\/media\/33328"}],"wp:attachment":[{"href":"https:\/\/shop4trac.com\/de\/wp-json\/wp\/v2\/media?parent=19255"}],"wp:term":[{"taxonomy":"product_cat","embeddable":true,"href":"https:\/\/shop4trac.com\/de\/wp-json\/wp\/v2\/product_cat?post=19255"},{"taxonomy":"product_tag","embeddable":true,"href":"https:\/\/shop4trac.com\/de\/wp-json\/wp\/v2\/product_tag?post=19255"}],"curies":[{"name":"wp","href":"https:\/\/api.w.org\/{rel}","templated":true}]}}