{"id":19219,"date":"2020-02-29T16:46:34","date_gmt":"2020-02-29T15:46:34","guid":{"rendered":"https:\/\/shop4trac.com\/product\/thermostat-iseki-type-1-mitsubishi-k3-motor-ke70-ke75\/"},"modified":"2026-03-07T13:05:43","modified_gmt":"2026-03-07T12:05:43","slug":"thermostat-iseki-type-1-mitsubishi-k3-motor-ke70-ke75","status":"publish","type":"product","link":"https:\/\/shop4trac.com\/de\/kuehlung-kuehler\/thermostat-de\/thermostat-iseki-type-1-mitsubishi-k3-motor-ke70-ke75\/","title":{"rendered":"Thermostat Mitsubishi S3L2 \u2013 S4L2 | K3A \u2013 K3M | K4A \u2013 K4F | KE70 \u2013 KE130"},"content":{"rendered":"<p>Thermostat passend f\u00fcr folgende Typen:<\/p>\n<p><strong>Technische Daten<\/strong><\/p>\n<ul>\n<li><strong>\u00d6ffnungstemperatur:<\/strong> 82\u00b0C<\/li>\n<li><strong>Au\u00dfendurchmesser:<\/strong> 52 mm<\/li>\n<li><strong>Inklusive Thermostatdichtung<\/strong><\/li>\n<\/ul>\n<p><strong>Iseki<\/strong><\/p>\n<ul>\n<li>TU120, TU125, TU127, TU130, TU135, TU137, TU140, TU145, TU147, TU150, TU155, TU157, TU160, TU165, TU167, TU170, TU175, TU177, TU1400, TU1401, TU1500, TU1501, TU1600, TU1601<\/li>\n<li>TX145, TX155, TX1210, TX1300, TX1500, TX1410, TX1510, TX2140, TX2160<\/li>\n<\/ul>\n<p><strong>Mitsubishi<\/strong><\/p>\n<ul>\n<li>D1100, D1300, D1350, D1450, D1500, D1550, D1600, D1650, D1800, D1850, D2000, D2050, D2300, D2350, D2500, D2600, D2650<\/li>\n<li>MT18, MT20, MT21, MT22, MT23, MT24, MT25, MT26, MT27, MT30, MT33, MT160, MT161, MT165, MT170, MT180, MT181, MT185, MT190, MT200, MT201, MT205, MT210, MT220, MT221, MT225, MT226, MT230, MT231, MT240, MT241, MT245, MT246, MT250, MT251, MT260, MT265, MT266, MT271, MT285, MT286, MT291, MT301, MT305, MT306, MT311, MT331, MT335, MT336, MT33 7 , MT338, MT341, MT365, MT367, MT368, MT372, MT373, MT408, MT468, MT470, MT630, MT1301, MT1401, MT1601, MT1801, MT2201, MT2501<\/li>\n<li>MTE1800, MTE2000<\/li>\n<li>MTM250, MTM270, MTM300<\/li>\n<li>MTR250, MTR270, MTR300<\/li>\n<li>MTX24, MTX28, MTX225, MTX245<\/li>\n<li>MTZ18, MTZ20, MTZ21, MTZ23, MTZ200<\/li>\n<\/ul>\n<p><strong>Satoh<\/strong><\/p>\n<ul>\n<li>ST1100, ST1300, ST1320, ST1340, ST1420, ST1440, ST1510, ST1520, ST1540, ST1600, ST1620, ST1640, ST1801, ST1820, ST1840, ST2001, ST2020, ST2040, ST2300, ST2320, ST23 40, ST2501, ST2600, ST2620, ST2640<\/li>\n<li>S370, S373, S470, S630<\/li>\n<\/ul>\n<p><strong>Mahindra<\/strong><\/p>\n<ul>\n<li>2015, 2216, 2516, 2615, 3015, max22<\/li>\n<\/ul>\n<p><strong>Motor<\/strong><\/p>\n<ul>\n<li>K3A, K3B, K3C, K3D, K3E, K3F, K3G, K3H, K3M<\/li>\n<li>K4A, K4B, K4C, K4D, K4E, K4F, K4M<\/li>\n<li>KE70, KE75, KE80, KE95, KE130, KE135, KE140<\/li>\n<li>S3L, S3L2, S3L3, S4L, S4L2<\/li>\n<\/ul>\n<p><strong>OEM als Referenz<\/strong><\/p>\n<ul>\n<li>5663-001-3700-0<\/li>\n<li>5663-000-1370-0<\/li>\n<li>MD001370<\/li>\n<li>K6516441, K6516-441, 30A46-00100, 30A4600100<\/li>\n<\/ul>\n<p><strong>Andere Maschinen<\/strong><\/p>\n<p><strong>AGCO<\/strong><\/p>\n<p><strong>Bolens<\/strong><\/p>\n<ul>\n<li style=\"list-style-type: none\">\n<ul>\n<li>G152, G154 (Version mit K3A-Motor)<\/li>\n<li>G172 (nur mit 3-Zylinder-Motor), H1704<\/li>\n<\/ul>\n<\/li>\n<\/ul>\n<p><strong>AMI<\/strong><\/p>\n<ul>\n<li>Stromaggregat: GS 0009 M 32S, GS 0013 M 32S, GS 0025 M 32S<\/li>\n<\/ul>\n<p><strong>Atlas<\/strong><\/p>\n<ul>\n<li>AM29R, AM29R, AM35R, AM35R<\/li>\n<\/ul>\n<p><strong>Rotluchs<\/strong><\/p>\n<ul>\n<li>Bagger X125<\/li>\n<\/ul>\n<p><strong>Breitkrone<\/strong><\/p>\n<ul>\n<li>BCM 12-50SP E2, BCM 15-60, BCM 15-60SP iT4, BCM 15-60SP, BCM 16-50 E2<\/li>\n<\/ul>\n<p><strong>Kapit\u00e4nstraktor \/ Startrac<\/strong><\/p>\n<ul>\n<li>263, 273<\/li>\n<\/ul>\n<p><strong>Raupe<\/strong><\/p>\n<ul>\n<li>Mini-Hydraulikbagger: 302.5C, 303CR, 303SR<\/li>\n<li>ZL 2B, ZLS 2B<\/li>\n<\/ul>\n<p><strong>Fall<\/strong><\/p>\n<ul>\n<li>234<\/li>\n<li>IH 245, IH 244<\/li>\n<\/ul>\n<p><strong>Craftsman Marine (Mitsubishi)<\/strong><\/p>\n<ul>\n<li>CM4.42<\/li>\n<\/ul>\n<p><strong>Deutz-Fahr<\/strong><\/p>\n<ul>\n<li>Agrokid 25A, Agrokid 25 A\/HST<\/li>\n<li>Agrokid 35 A, Agrokid 45 A<\/li>\n<\/ul>\n<p><strong>Feldweg<\/strong><\/p>\n<ul>\n<li>FT26, FT30<\/li>\n<\/ul>\n<p><strong>Ferrari<\/strong><\/p>\n<ul>\n<li>Traktor K3E Motor<\/li>\n<li>Traktor Traktor<\/li>\n<\/ul>\n<p><strong>Frigoblock<\/strong><\/p>\n<ul>\n<li>DS 12L, DS 17<\/li>\n<\/ul>\n<p><strong>Geko<\/strong><\/p>\n<ul>\n<li>DH\/S 15, DH\/S 15 MF<\/li>\n<\/ul>\n<p><strong>Hanix<\/strong><\/p>\n<ul>\n<li>Bagger, Mitsubishi K4D<\/li>\n<li>N06, N120, N150-2<\/li>\n<li>S&amp;B15SR, S&amp;B25, \u200b\u200b\u200b\u200bN11, N220, N250, S&amp;B25III, N230-2<\/li>\n<\/ul>\n<p><strong>Hitachi Baumaschinen<\/strong><\/p>\n<ul>\n<li>Bagger UE20, Bagger UE005<\/li>\n<\/ul>\n<p><strong>Hyundai Heavy Industries (Bagger)<\/strong><\/p>\n<ul>\n<li>Minibagger: R25Z-9A, R27Z-9<\/li>\n<li>Bagger: Robex 28-7, Robex 35-7, Robex 36N-7, Robex 55-7<\/li>\n<\/ul>\n<p><strong>Ingersoll Rand:<\/strong><\/p>\n<ul>\n<li>Stromerzeuger: G11, G12<\/li>\n<\/ul>\n<p><strong>JF Marine Power BV:<\/strong><\/p>\n<ul>\n<li>JF15-1500<\/li>\n<\/ul>\n<p><strong>KG:<\/strong><\/p>\n<ul>\n<li>G20<\/li>\n<\/ul>\n<p><strong>Kumiai:<\/strong><\/p>\n<ul>\n<li>ST1620, ST1640, ST1820, ST1840<\/li>\n<\/ul>\n<p><strong>LG-Traktoren:<\/strong><\/p>\n<ul>\n<li>LT280D, LT360D, LT360HST<\/li>\n<\/ul>\n<p><strong>Lamborghini:<\/strong><\/p>\n<ul>\n<li>Runner 250, Runner 250 Jet<\/li>\n<li>L\u00e4ufer 350, L\u00e4ufer 450<\/li>\n<\/ul>\n<p><strong>Mam (Mitsubishi Agricultural Machinery CO., LTD):<\/strong><\/p>\n<ul>\n<li>Schaufel 03-06-10, Mitsubishi K4D<\/li>\n<li>Traktor: GS160, GS180, GS200, GS210, GS230, GS250, M\u00e4hdrescher VS38, VY43 Traktoren GO26, GO26H, GO28, GO28H, GO30, GO30H, GO32, GO32H, GO34, GO34H, GX34, GX37, MT251K, MT331K<\/li>\n<\/ul>\n<p><strong>Mastervolt:<\/strong><\/p>\n<ul>\n<li>Whisper 12000 Ultra, Whisper 12000-1500\/50Hz, Whisper 15000 Ultra<\/li>\n<\/ul>\n<p><strong>Massey Ferguson:<\/strong><\/p>\n<ul>\n<li>MF 2405, MF 2410, MF 2415<\/li>\n<\/ul>\n<p><strong>Mitsubishi:<\/strong><\/p>\n<ul>\n<li>D1100, D1300, D1500, D1600, D1800, D1800II, D2000II, D2300, D2500, D2501<\/li>\n<li>D1350, D1450<\/li>\n<li>D1550, D1550FD, MT1401, MT470D, ME15, ZR02, MT470D<\/li>\n<li>D1650, D1850<\/li>\n<li>Stromaggregat K4E<\/li>\n<li>K3E, K3E-31DS, K3E31-DB<\/li>\n<li>MM15T<\/li>\n<li>MT160, MT160D, D1450, D1450FD, ST1420, ST1440<\/li>\n<li>MT18, MT185<\/li>\n<li>MT200, MT201<\/li>\n<li>MT2001, MT2201, MT670, MT670D<\/li>\n<li>MT246, MT271, GOK26<\/li>\n<li>MT25, MT26, MT27, MT30, MT33<\/li>\n<li>MT246<\/li>\n<li>MT200, MT240<\/li>\n<li>S4L2, S4L, S4L2-Y162gt, S4L2-Y162SD, S4L2-61SD, S4L2-61ES<\/li>\n<li>S4F-D31DS, S4F-DT, S4F-DT51WS, S4F-E1, S4F-E1T, S4F, S4F Indirekt, S4F Direkt<\/li>\n<li>MT370, MT372, MT630, MT1301<\/li>\n<\/ul>\n<p><strong>Moffett:<\/strong><\/p>\n<ul>\n<li>Gabelstapler Gabelstapler, Mounty<\/li>\n<\/ul>\n<p><strong>Nagano:<\/strong><\/p>\n<ul>\n<li>Hubarbeitsb\u00fchne: NA120A, NA90ZA<\/li>\n<li>Minibagger: NS35R-3, NB30, CX26-3, NS25-3, NUL120-3, NA90A, NUZ090D<\/li>\n<\/ul>\n<p><strong>Nilfisk-Alto:<\/strong><\/p>\n<ul>\n<li>Hochdruckreiniger: Contractor Silent, Kehr-\/Schrubbmaschine ATS 46, Kehr-\/Schrubbmaschine ATS 53<\/li>\n<\/ul>\n<p><strong>Optimess:<\/strong><\/p>\n<ul>\n<li>BHKW: Tiger 8\/16 PPN<\/li>\n<\/ul>\n<p><strong>Pel Job:<\/strong><\/p>\n<ul>\n<li>EB14, EB12, EB11<\/li>\n<li>EB28.4, EB22, EB22.4, EB16, LS286<\/li>\n<\/ul>\n<p><strong>Pronar:<\/strong><\/p>\n<ul>\n<li>Traktor 320, Traktor 320 AM<\/li>\n<\/ul>\n<p><strong>Samofa:<\/strong><\/p>\n<ul>\n<li>K3B-Motor<\/li>\n<li>Standard Industrie<\/li>\n<\/ul>\n<p><strong>Sabb:<\/strong><\/p>\n<ul>\n<li>Marine-Marineanwendung, Marine-Marineanwendung K4E<\/li>\n<li>Marine K4E<\/li>\n<\/ul>\n<p><strong>Dasselbe:<\/strong><\/p>\n<ul>\n<li>Solaris 25<\/li>\n<li>Solaris 35<\/li>\n<li>Traktor<\/li>\n<\/ul>\n<p><strong>Samofa<\/strong><\/p>\n<ul>\n<li>Standard Industrie Mitsubishi KE75<\/li>\n<\/ul>\n<p><strong>Einziger Diesel<\/strong><\/p>\n<ul>\n<li>Mini 18<\/li>\n<li>Marine Mini 18 Mitsubishi KE75-61SS<\/li>\n<li>Mini18, Mini 23, Mini 32, Mini 33, Mini 34, Mini 44, Mini 48, Mini 55<\/li>\n<\/ul>\n<p><strong>Suzue<\/strong><\/p>\n<ul>\n<li>150, 170, 1220, M1500II, M1600, UM1502<\/li>\n<li>M1301, M1301D<\/li>\n<li>S370, S630<\/li>\n<li>ST1100, ST1300, ST1510, ST1600, ST1801, ST2001, ST2300, ST2301, ST2501<\/li>\n<\/ul>\n<p><strong>Solis<\/strong><\/p>\n<ul>\n<li>26, 30<\/li>\n<\/ul>\n<p><strong>Toro<\/strong><\/p>\n<ul>\n<li>GM62, GM217D<\/li>\n<li>Rasenm\u00e4her GM 62, Groundsmaster 217-D<\/li>\n<li>Fairway-M\u00e4her Reelmaster 220-D, Rasenm\u00e4her GM 220D, Rasenm\u00e4her Groundsmaster 220-D, Nutzfahrzeug Workman 3300-D, Nutzfahrzeug Workman 4300-D<\/li>\n<\/ul>\n<p><strong>Schaeff Terex:<\/strong><\/p>\n<ul>\n<li>Bagger HR02, HR4, HR3, HR4A, Kompaktlader SKL808, SKS611<\/li>\n<li>Bagger HR14, HR16, HR16A, HR3.7, HR4, HR3, HR4A, Kompaktlader SKL808<\/li>\n<\/ul>\n<p><strong>Seimitsu:<\/strong><\/p>\n<ul>\n<li>Stromaggregat KDG-10T, Schwei\u00dfgenerator PDW270<\/li>\n<\/ul>\n<p><strong>Sol\u00e9 Diesel:<\/strong><\/p>\n<ul>\n<li>Marine G-15M-15, Marine G-15T-15, Marine G-25M-3, Marine G-25T-3, Marine Mini 44, Marine Mini 55<\/li>\n<\/ul>\n<p><strong>Teksan-Generator:<\/strong><\/p>\n<ul>\n<li>Generator TJ9MS, TJ11MS, TJ20MS, Generator TJ16MS, Generator TJ27MS<\/li>\n<\/ul>\n<p><strong>Technogen:<\/strong><\/p>\n<ul>\n<li>Generator MI12 \/ 4SX, Generator MI12T \/<\/li>\n<li>4SX, Generator MI17 \/ 4SX, Generator MI17T<\/li>\n<\/ul>\n<p><strong>Terex:<\/strong><\/p>\n<ul>\n<li>Excavator TC29, Excavator TC35, Excavator TC37<\/li>\n<\/ul>\n<p><strong>Terex-Schaeff:<\/strong><\/p>\n<ul>\n<li>Bagger HR14, Bagger HR16, Bagger HR16A, Bagger HR3.7, Bagger TC29, Bagger TC35, Bagger TC37, Bagger HR16A, Bagger TC37, Bagger HR16A, Bagger TC35, Bagger HR16A, Bagger TC37, Excavator HR3.7, Excavator TC37<\/li>\n<\/ul>\n<p><strong>Trition:<\/strong><\/p>\n<ul>\n<li>Generatorsatz 15\/15<\/li>\n<\/ul>\n<p><strong>Vetus:<\/strong><\/p>\n<ul>\n<li>M3.10, M4.14, Marine M4.15, Marine M4.17<\/li>\n<\/ul>\n<p><strong>Volvo:<\/strong><\/p>\n<ul>\n<li>Bagger EC35<\/li>\n<\/ul>\n<p><strong>Weidemann:<\/strong><\/p>\n<ul>\n<li>Radlader 1070D\/M, Radlader 1050D\/M, 1705D\/M, 1802BLD\/M, 917D\/M, 919D\/M, 1055D\/M, 1504D\/M<\/li>\n<li>1302<\/li>\n<\/ul>\n<p><strong>Fl\u00fcsterkraft:<\/strong><\/p>\n<ul>\n<li>Superleiser Dieselgenerator SQ12 1500 U\/min 230 V\/50 Hz<\/li>\n<\/ul>\n<p><strong>Zeppelin:<\/strong><\/p>\n<ul>\n<li>Excavator ZR25, Excavator ZR35<\/li>\n<\/ul>\n","protected":false},"excerpt":{"rendered":"<p>\u2705 Mit Thermostatdichtung<\/p>\n","protected":false},"featured_media":186386,"comment_status":"open","ping_status":"closed","template":"","meta":[],"product_cat":[389],"product_tag":[3895],"class_list":{"0":"post-19219","1":"product","2":"type-product","3":"status-publish","4":"has-post-thumbnail","6":"product_cat-thermostat-de","7":"product_tag-snelparts-de","8":"pa_merk-bobcat-de","9":"pa_merk-case-de","10":"pa_merk-deutz-de","11":"pa_merk-hitachi-de","12":"pa_merk-iseki-de","13":"pa_merk-kumiai-de","14":"pa_merk-mahindra-de","15":"pa_merk-massey-ferguson-de","16":"pa_merk-mitsubishi-de","17":"pa_merk-satoh-de","18":"pa_merk-sole-diesel-de","19":"pa_merk-solis-de","20":"pa_merk-toro-de","21":"pa_merk-vetus-de","22":"pa_merk-weidemann-de","23":"pa_motor-k3a-de","24":"pa_motor-k3b-de","25":"pa_motor-k3c-de","26":"pa_motor-k3d-de","27":"pa_motor-k3e-de","28":"pa_motor-k3f-de","29":"pa_motor-k3f-di-de","30":"pa_motor-k4a-de","31":"pa_motor-k4b-de","32":"pa_motor-k4c-de","33":"pa_motor-k4d-de","34":"pa_motor-k4e-de","35":"pa_motor-k4f-de","36":"pa_motor-ke70-de","37":"pa_motor-ke75-de","38":"pa_motor-ke85-de","39":"pa_motor-s3l-de","40":"pa_motor-s4l-de","42":"first","43":"instock","44":"sale","45":"taxable","46":"shipping-taxable","47":"purchasable","48":"product-type-simple","49":"col-xs-6 col-sm-4","50":"col-md-3 col-lg-3","51":"un-4-cols"},"_links":{"self":[{"href":"https:\/\/shop4trac.com\/de\/wp-json\/wp\/v2\/product\/19219","targetHints":{"allow":["GET"]}}],"collection":[{"href":"https:\/\/shop4trac.com\/de\/wp-json\/wp\/v2\/product"}],"about":[{"href":"https:\/\/shop4trac.com\/de\/wp-json\/wp\/v2\/types\/product"}],"replies":[{"embeddable":true,"href":"https:\/\/shop4trac.com\/de\/wp-json\/wp\/v2\/comments?post=19219"}],"wp:featuredmedia":[{"embeddable":true,"href":"https:\/\/shop4trac.com\/de\/wp-json\/wp\/v2\/media\/186386"}],"wp:attachment":[{"href":"https:\/\/shop4trac.com\/de\/wp-json\/wp\/v2\/media?parent=19219"}],"wp:term":[{"taxonomy":"product_cat","embeddable":true,"href":"https:\/\/shop4trac.com\/de\/wp-json\/wp\/v2\/product_cat?post=19219"},{"taxonomy":"product_tag","embeddable":true,"href":"https:\/\/shop4trac.com\/de\/wp-json\/wp\/v2\/product_tag?post=19219"}],"curies":[{"name":"wp","href":"https:\/\/api.w.org\/{rel}","templated":true}]}}