{"id":19217,"date":"2020-02-29T16:46:34","date_gmt":"2020-02-29T15:46:34","guid":{"rendered":"https:\/\/shop4trac.com\/product\/thermostat-kubota\/"},"modified":"2026-02-05T09:20:26","modified_gmt":"2026-02-05T08:20:26","slug":"thermostat-kubota","status":"publish","type":"product","link":"https:\/\/shop4trac.com\/de\/kuehlung-kuehler\/thermostat-de\/thermostat-kubota\/","title":{"rendered":"Thermostat Kubota D1005 \u2013 D1305 | V1305 \u2013 V1505 | V2203 | Z482 \u2013 Z602 | Shibaura | 44MM"},"content":{"rendered":"<p>Thermostat mit Dichtung passend f\u00fcr folgende Typen:<\/p>\n<p><strong>Shibaura<\/strong><\/p>\n<ul>\n<li>ST318, ST321, ST324<\/li>\n<li>P15F, P17F, P145F, P155F, P165F, P175F, P185F<\/li>\n<li>SP1400, SP1440, SP1500, SP1540, SP1700, SP1740, SP1800, SP1840, SP2140<\/li>\n<li>S318, S320<\/li>\n<\/ul>\n<p><strong>New Holland\/Ford  <\/strong><\/p>\n<ul>\n<li>1120, 1210, 1215, 1220, 1310<\/li>\n<li>TC18, TC21, TC24<\/li>\n<\/ul>\n<p><strong>Kubota<\/strong> :<\/p>\n<ul>\n<li>GL29, GL32<\/li>\n<li>X20, A-195<\/li>\n<li>A-14, A-13, A-15, A-155, A-17, A-175, A-19<\/li>\n<li>B1-14, B1-15, B1-16, B1-17<\/li>\n<li>GB16, GB18, GB20<\/li>\n<li>GL21, GL19<\/li>\n<li>B1550, B1600, B1700, B1702, B1750, B21, B2100, B2150, B2320, B2400, B2410<\/li>\n<li>B26, B2620, B2630, B2710, B2910, B2920, B3030, B3200, B3300, B40, B52, B5200, B6200, B7200<\/li>\n<li>B7410, B7500, B7510, B7610, B7800, B8200, B9200<\/li>\n<li>BX2200, BX22, BX2350, BX2360, BX23, BX24, BX25, BX2660<\/li>\n<li>L175, L2000, L2002, L2050, L225, L2200, L2001, L2250, L235, L2350, L245, L2402, L2550, L2650, L275, L2850, L285, L2950, \u200b\u200b\u200b\u200bL295, L305, L3250, L3350<\/li>\n<li>L345, L3450, L345, L355, L3650, L3750, L4150, L4150, L4350, L5450<\/li>\n<li>F2000, F2100, F2260, F2400, F2560, F2560, F2680, F2880, F3060, F3080, F3680, FZ2100<\/li>\n<li>GF1800<\/li>\n<li>ZD25, ZD28, ZD326, ZD331<\/li>\n<li>GB13, GB14, GB15, GT3, GT5, GT8<\/li>\n<li>M4000, M4030, M4050, M4500, M4950, M5030<\/li>\n<li>R310, R400, R410, R410B, R510, R510B, RTV1100, RTV1140, RTV900<\/li>\n<li>X20, X24<\/li>\n<li>KH36, KH51, KH101, KH110, KH151, KH170L, KH18L, KH191, KH28L, KH60H, KH90H, KH91H, , KX412<\/li>\n<li>KX612, KX713, KX713S, KX912, U25S<\/li>\n<\/ul>\n<div class=\"short-description value\"><\/div>\n<p><strong>Motoren<\/strong> :<\/p>\n<ul>\n<li><span class=\"base\" data-ui-id=\"page-title-wrapper\">D1005, D1105, D1305, D1703, D782, D902, D905<\/span><\/li>\n<li class=\"page-title\"><span class=\"base\" data-ui-id=\"page-title-wrapper\">V1305, V1505, V2203<\/span><\/li>\n<li class=\"page-title\"><span class=\"base\" data-ui-id=\"page-title-wrapper\">Z482, Z602<\/span><\/li>\n<\/ul>\n<p>\u00d6ffnungstemperatur: 71 \u00b0C<\/p>\n<div>Durchmesser: 44 mm<\/div>\n<div><\/div>\n<div>\n<div><strong>OEM-Nummer als Referenz<\/strong><\/div>\n<div><\/div>\n<ul>\n<li>19434-73015<\/li>\n<li>19434-73010<\/li>\n<li>19434-73013<\/li>\n<li>19434-73014<\/li>\n<li>SBA145017300, SBA145017320<\/li>\n<\/ul>\n<div><\/div>\n<div>Zus\u00e4tzlich zu den oben genannten Typen sind mehrere Modelle mit diesem Thermostat ausgestattet. \u00dcberpr\u00fcfen Sie die OEM-Nummer.<\/div>\n<div><\/div>\n<div><\/div>\n<\/div>\n","protected":false},"excerpt":{"rendered":"<p>Thermostat mit Dichtung passend f\u00fcr folgende Typen: Shibaura ST318, ST321, ST324 P15F, P17F, P145F, P155F, P165F, P175F, P185F SP1400, SP1440, SP1500, SP1540, SP1700, SP1740, SP1800, SP1840, SP2140 S318, S320 New Holland\/Ford 1120, 1210, 1215, 1220, 1310 TC18, TC21, TC24 Kubota : GL29, GL32 X20, A-195 A-14, A-13, A-15, A-155, A-17, A-175, A-19 B1-14, B1-15, B1-16,&hellip;<\/p>\n","protected":false},"featured_media":186408,"comment_status":"open","ping_status":"closed","template":"","meta":[],"product_cat":[389],"product_tag":[3895],"class_list":{"0":"post-19217","1":"product","2":"type-product","3":"status-publish","4":"has-post-thumbnail","6":"product_cat-thermostat-de","7":"product_tag-snelparts-de","8":"pa_merk-ford-de","9":"pa_merk-kubota-de","10":"pa_merk-new-holland-de","11":"pa_merk-shibaura-de","12":"pa_motor-d1005-de","13":"pa_motor-d1105-de","14":"pa_motor-d1305-de","15":"pa_motor-d1703-de","16":"pa_motor-d782-de","17":"pa_motor-d902-de","18":"pa_motor-d905-de","19":"pa_motor-v1305-de","20":"pa_motor-v1505-de","21":"pa_motor-v2203-de","22":"pa_motor-z482-de","23":"pa_motor-z600-de","25":"first","26":"instock","27":"sale","28":"taxable","29":"shipping-taxable","30":"purchasable","31":"product-type-simple","32":"col-xs-6 col-sm-4","33":"col-md-3 col-lg-3","34":"un-4-cols"},"_links":{"self":[{"href":"https:\/\/shop4trac.com\/de\/wp-json\/wp\/v2\/product\/19217","targetHints":{"allow":["GET"]}}],"collection":[{"href":"https:\/\/shop4trac.com\/de\/wp-json\/wp\/v2\/product"}],"about":[{"href":"https:\/\/shop4trac.com\/de\/wp-json\/wp\/v2\/types\/product"}],"replies":[{"embeddable":true,"href":"https:\/\/shop4trac.com\/de\/wp-json\/wp\/v2\/comments?post=19217"}],"wp:featuredmedia":[{"embeddable":true,"href":"https:\/\/shop4trac.com\/de\/wp-json\/wp\/v2\/media\/186408"}],"wp:attachment":[{"href":"https:\/\/shop4trac.com\/de\/wp-json\/wp\/v2\/media?parent=19217"}],"wp:term":[{"taxonomy":"product_cat","embeddable":true,"href":"https:\/\/shop4trac.com\/de\/wp-json\/wp\/v2\/product_cat?post=19217"},{"taxonomy":"product_tag","embeddable":true,"href":"https:\/\/shop4trac.com\/de\/wp-json\/wp\/v2\/product_tag?post=19217"}],"curies":[{"name":"wp","href":"https:\/\/api.w.org\/{rel}","templated":true}]}}