{"id":19152,"date":"2020-02-29T16:46:34","date_gmt":"2020-02-29T15:46:34","guid":{"rendered":"https:\/\/shop4trac.com\/product\/kuhlerschlauch-yanmar-ym1301-2420\/"},"modified":"2026-04-11T21:09:50","modified_gmt":"2026-04-11T20:09:50","slug":"kuhlerschlauch-yanmar-ym1301-2420","status":"publish","type":"product","link":"https:\/\/shop4trac.com\/de\/kuehlung-kuehler\/kuhlerschlauch\/kuhlerschlauch-yanmar-ym1301-2420\/","title":{"rendered":"K\u00fchlerschlauch Yanmar YM1301-2420 | F14 \u2013 F16D | YM142 \u2013 YM276 | Bypass"},"content":{"rendered":"<p>K\u00fchlerschlauch zwischen Wasserpumpe und Motor passend f\u00fcr:<\/p>\n<p><strong>Technische Daten<\/strong><\/p>\n<ul>\n<li>\n<div>Innendurchmesser: 26 mm<\/div>\n<\/li>\n<li>\n<div>Au\u00dfendurchmesser: 32 mm<\/div>\n<\/li>\n<li>\n<div>Innenabstand: 58 mm<\/div>\n<\/li>\n<\/ul>\n<p><strong>Yanmar<\/strong><\/p>\n<ul>\n<li>YM1301, YM1401, YM1502, YM1510, YM1601, YM1602, YM1610, YM1702, YM1720<\/li>\n<li>YMG1800, YM1810, YMG2000, YM2010, YM2020, YM2220, YM2310, YM2420<\/li>\n<li>F14, F14D, F15, F15D, F16, F16D<\/li>\n<li>YM142, YM146, YM1301<\/li>\n<li>YM155, YM169, YM180, YM186, YM187, YM220, YM250, YM276<\/li>\n<\/ul>\n<p><strong>OEM als Referenz<\/strong><\/p>\n<ul>\n<li>121450-49030<\/li>\n<\/ul>\n","protected":false},"excerpt":{"rendered":"<p>K\u00fchlerschlauch zwischen Wasserpumpe und Motor passend f\u00fcr: Technische Daten Innendurchmesser: 26 mm Au\u00dfendurchmesser: 32 mm Innenabstand: 58 mm Yanmar YM1301, YM1401, YM1502, YM1510, YM1601, YM1602, YM1610, YM1702, YM1720 YMG1800, YM1810, YMG2000, YM2010, YM2020, YM2220, YM2310, YM2420 F14, F14D, F15, F15D, F16, F16D YM142, YM146, YM1301 YM155, YM169, YM180, YM186, YM187, YM220, YM250, YM276 OEM als&hellip;<\/p>\n","protected":false},"featured_media":10215,"comment_status":"open","ping_status":"open","template":"","meta":[],"product_cat":[388],"product_tag":[3895],"class_list":{"0":"post-19152","1":"product","2":"type-product","3":"status-publish","4":"has-post-thumbnail","6":"product_cat-kuhlerschlauch","7":"product_tag-snelparts-de","8":"pa_merk-yanmar-de","10":"first","11":"instock","12":"sale","13":"taxable","14":"shipping-taxable","15":"purchasable","16":"product-type-simple","17":"col-xs-6 col-sm-4","18":"col-md-3 col-lg-3","19":"un-4-cols"},"_links":{"self":[{"href":"https:\/\/shop4trac.com\/de\/wp-json\/wp\/v2\/product\/19152","targetHints":{"allow":["GET"]}}],"collection":[{"href":"https:\/\/shop4trac.com\/de\/wp-json\/wp\/v2\/product"}],"about":[{"href":"https:\/\/shop4trac.com\/de\/wp-json\/wp\/v2\/types\/product"}],"replies":[{"embeddable":true,"href":"https:\/\/shop4trac.com\/de\/wp-json\/wp\/v2\/comments?post=19152"}],"wp:featuredmedia":[{"embeddable":true,"href":"https:\/\/shop4trac.com\/de\/wp-json\/wp\/v2\/media\/10215"}],"wp:attachment":[{"href":"https:\/\/shop4trac.com\/de\/wp-json\/wp\/v2\/media?parent=19152"}],"wp:term":[{"taxonomy":"product_cat","embeddable":true,"href":"https:\/\/shop4trac.com\/de\/wp-json\/wp\/v2\/product_cat?post=19152"},{"taxonomy":"product_tag","embeddable":true,"href":"https:\/\/shop4trac.com\/de\/wp-json\/wp\/v2\/product_tag?post=19152"}],"curies":[{"name":"wp","href":"https:\/\/api.w.org\/{rel}","templated":true}]}}