{"id":19074,"date":"2020-02-29T16:46:09","date_gmt":"2020-02-29T15:46:09","guid":{"rendered":"https:\/\/shop4trac.com\/product\/19074\/"},"modified":"2026-04-14T10:34:20","modified_gmt":"2026-04-14T09:34:20","slug":"zundschlussel-iseki-tu-tg-ta-serie","status":"publish","type":"product","link":"https:\/\/shop4trac.com\/de\/elektrik-teile\/schlussel\/zundschlussel-iseki-tu-tg-ta-serie\/","title":{"rendered":"Z\u00fcndschl\u00fcssel Iseki TU | TG | TA | TF | TL | Bolens"},"content":{"rendered":"<p>Z\u00fcndschl\u00fcssel passend f\u00fcr verschiedene Iseki-Modelle. Dies wurde mit gro\u00dfer Sorgfalt ausgew\u00e4hlt, um kompatible Modelle mit ihm zu finden!<\/p>\n<p><strong>Iseki<\/strong><\/p>\n<ul>\n<li>TU120, TU125, TU127, TU130, TU135, TU137, TU140, TU145, TU147, TU150, TU155, TU157, TU160, TU165, TU167, TU170, TU175, TU177, TU180, TU185, TU197,<\/li>\n<li>TU200, TU205, TU217, TU220, TU225, TU237, TU240, TU245, TU147<\/li>\n<li>TA207, TA210, TA215, TA227, TA230, TA235, TA247, TA250, TA255, TA262, TA263, TA267, TA270, TA275, TA287<\/li>\n<li>TA290, TA295, TA312, TA317, TA320, TA325, TA337, TA340, TA345, TA370, TA437<\/li>\n<li>GEAS TG21,TG23, TG25, TG27, TG29, TG33, TG233, TG253<\/li>\n<li>TK25, TK27, TK29, TK33 TK 532, TK538<\/li>\n<li>TF3, TF5, TF15, TF17, TF19, TF21, TF23, TF153, TF173, TF193, TF223<\/li>\n<li>TU1400, TU1401, TU1500, TU1501, TU1600, TU1601, TU1700, TU1701, TU1900, TU1901, TU2100, TU2101<\/li>\n<li>TL1900, TL1901, TL2100, TL2300, TL2301, TL2500, TL2501, TL2700<\/li>\n<li>TM15, TM17<\/li>\n<li>TE3210, TE4210<\/li>\n<\/ul>\n<p><strong>Bolens<\/strong><\/p>\n<ul>\n<li>G212, G214, G272, G274<\/li>\n<\/ul>\n<p><strong>Wei\u00dfer Feldboss<\/strong><\/p>\n<ul>\n<li>21<\/li>\n<\/ul>\n","protected":false},"excerpt":{"rendered":"<p>Z\u00fcndschl\u00fcssel passend f\u00fcr verschiedene Iseki-Modelle. Dies wurde mit gro\u00dfer Sorgfalt ausgew\u00e4hlt, um kompatible Modelle mit ihm zu finden! Iseki TU120, TU125, TU127, TU130, TU135, TU137, TU140, TU145, TU147, TU150, TU155, TU157, TU160, TU165, TU167, TU170, TU175, TU177, TU180, TU185, TU197, TU200, TU205, TU217, TU220, TU225, TU237, TU240, TU245, TU147 TA207, TA210, TA215, TA227, TA230, TA235,&hellip;<\/p>\n","protected":false},"featured_media":30959,"comment_status":"open","ping_status":"open","template":"","meta":[],"product_cat":[732],"product_tag":[3895],"class_list":{"0":"post-19074","1":"product","2":"type-product","3":"status-publish","4":"has-post-thumbnail","6":"product_cat-schlussel","7":"product_tag-snelparts-de","8":"pa_merk-bolens-de","9":"pa_merk-iseki-de","10":"pa_merk-white-field-boss-de","12":"first","13":"instock","14":"sale","15":"taxable","16":"shipping-taxable","17":"purchasable","18":"product-type-simple","19":"col-xs-6 col-sm-4","20":"col-md-3 col-lg-3","21":"un-4-cols"},"_links":{"self":[{"href":"https:\/\/shop4trac.com\/de\/wp-json\/wp\/v2\/product\/19074","targetHints":{"allow":["GET"]}}],"collection":[{"href":"https:\/\/shop4trac.com\/de\/wp-json\/wp\/v2\/product"}],"about":[{"href":"https:\/\/shop4trac.com\/de\/wp-json\/wp\/v2\/types\/product"}],"replies":[{"embeddable":true,"href":"https:\/\/shop4trac.com\/de\/wp-json\/wp\/v2\/comments?post=19074"}],"wp:featuredmedia":[{"embeddable":true,"href":"https:\/\/shop4trac.com\/de\/wp-json\/wp\/v2\/media\/30959"}],"wp:attachment":[{"href":"https:\/\/shop4trac.com\/de\/wp-json\/wp\/v2\/media?parent=19074"}],"wp:term":[{"taxonomy":"product_cat","embeddable":true,"href":"https:\/\/shop4trac.com\/de\/wp-json\/wp\/v2\/product_cat?post=19074"},{"taxonomy":"product_tag","embeddable":true,"href":"https:\/\/shop4trac.com\/de\/wp-json\/wp\/v2\/product_tag?post=19074"}],"curies":[{"name":"wp","href":"https:\/\/api.w.org\/{rel}","templated":true}]}}