{"id":19041,"date":"2020-02-29T16:47:31","date_gmt":"2020-02-29T15:47:31","guid":{"rendered":"https:\/\/shop4trac.com\/product\/kubota-sitz-passend-fur-verschiedene-modelle\/"},"modified":"2026-02-22T13:47:28","modified_gmt":"2026-02-22T12:47:28","slug":"kubota-stuhl-geeignet-fur-verschiedene-modelle","status":"publish","type":"product","link":"https:\/\/shop4trac.com\/de\/sonstige-teile\/kleintraktor-sitze\/kubota-stuhl-geeignet-fur-verschiedene-modelle\/","title":{"rendered":"Kubota Sitz L1500 \u2013 L2402 | Zen-noh ZL1500 \u2013 ZL2402"},"content":{"rendered":"<p>Kubota Sitz passend f\u00fcr verschiedene Modelle. Der Stuhl besteht aus einem weichen Material und hat daher einen bequemen Sitz! Es ist sehr angenehm, \u00fcber einen l\u00e4ngeren Zeitraum mit ihm zu arbeiten. Bei den unten aufgef\u00fchrten Modellen passt der Stuhl zu 100 %.<\/p>\n<p><strong>Kubota<\/strong><\/p>\n<ul>\n<li>L1500, L1501, L1801, L1802, L2002, L2202, L2402<\/li>\n<\/ul>\n<p><strong>Zen-noh<\/strong><\/p>\n<ul>\n<li>ZL1500, ZL1501, ZL1801, ZL1802, ZL2002, ZL2201, ZL2202, ZL2402<\/li>\n<\/ul>\n<p>Auch f\u00fcr andere Modelle, wenn die Gr\u00f6\u00dfe passt!<\/p>\n<p>&nbsp;<\/p>\n","protected":false},"excerpt":{"rendered":"<p>Kubota Sitz passend f\u00fcr verschiedene Modelle. Der Stuhl besteht aus einem weichen Material und hat daher einen bequemen Sitz! Es ist sehr angenehm, \u00fcber einen l\u00e4ngeren Zeitraum mit ihm zu arbeiten. Bei den unten aufgef\u00fchrten Modellen passt der Stuhl zu 100 %. Kubota L1500, L1501, L1801, L1802, L2002, L2202, L2402 Zen-noh ZL1500, ZL1501, ZL1801, ZL1802,&hellip;<\/p>\n","protected":false},"featured_media":30050,"comment_status":"open","ping_status":"closed","template":"","meta":[],"product_cat":[400],"product_tag":[3895],"class_list":{"0":"post-19041","1":"product","2":"type-product","3":"status-publish","4":"has-post-thumbnail","6":"product_cat-kleintraktor-sitze","7":"product_tag-snelparts-de","8":"pa_merk-kubota-de","9":"pa_merk-zen-noh-de","11":"first","12":"instock","13":"sale","14":"taxable","15":"shipping-taxable","16":"product-type-simple","17":"col-xs-6 col-sm-4","18":"col-md-3 col-lg-3","19":"un-4-cols"},"_links":{"self":[{"href":"https:\/\/shop4trac.com\/de\/wp-json\/wp\/v2\/product\/19041","targetHints":{"allow":["GET"]}}],"collection":[{"href":"https:\/\/shop4trac.com\/de\/wp-json\/wp\/v2\/product"}],"about":[{"href":"https:\/\/shop4trac.com\/de\/wp-json\/wp\/v2\/types\/product"}],"replies":[{"embeddable":true,"href":"https:\/\/shop4trac.com\/de\/wp-json\/wp\/v2\/comments?post=19041"}],"wp:featuredmedia":[{"embeddable":true,"href":"https:\/\/shop4trac.com\/de\/wp-json\/wp\/v2\/media\/30050"}],"wp:attachment":[{"href":"https:\/\/shop4trac.com\/de\/wp-json\/wp\/v2\/media?parent=19041"}],"wp:term":[{"taxonomy":"product_cat","embeddable":true,"href":"https:\/\/shop4trac.com\/de\/wp-json\/wp\/v2\/product_cat?post=19041"},{"taxonomy":"product_tag","embeddable":true,"href":"https:\/\/shop4trac.com\/de\/wp-json\/wp\/v2\/product_tag?post=19041"}],"curies":[{"name":"wp","href":"https:\/\/api.w.org\/{rel}","templated":true}]}}