{"id":18960,"date":"2020-02-29T16:44:16","date_gmt":"2020-02-29T15:44:16","guid":{"rendered":"https:\/\/shop4trac.com\/product\/olfilter-hinomoto\/"},"modified":"2025-08-01T19:10:28","modified_gmt":"2025-08-01T17:10:28","slug":"olfilter-hinomoto","status":"publish","type":"product","link":"https:\/\/shop4trac.com\/de\/filter\/oelfilter\/olfilter-hinomoto\/","title":{"rendered":"\u00d6lfilter | Hinomoto |"},"content":{"rendered":"<p><strong>Au\u00dfendurchmesser<\/strong>: 82 mm<\/p>\n<p><strong>Innendurchmesser<\/strong>: 80 mm<\/p>\n<p><strong>Gesamth\u00f6he<\/strong>: 102 mm<\/p>\n<p><strong>Nahtlose H\u00f6he:<\/strong> 100 mm<\/p>\n<p>Geeignet f\u00fcr Hinomoto Traktoren<\/p>\n<p>&nbsp;<\/p>\n<p><strong>Referenzcodes:<\/strong><\/p>\n<ul>\n<li>T3142 HiFi<\/li>\n<li>15208H8903<\/li>\n<li>15208H8911<\/li>\n<li>3438856M2 MF<\/li>\n<li>3704178M1 MF<\/li>\n<li>8944637150ISUZU<\/li>\n<li>P550971 DONALDSON<\/li>\n<li>SO6103 HIFI<\/li>\n<li>SP4052SF<\/li>\n<li>W7041 MANN<\/li>\n<li>W818 \/ 82 MANN<\/li>\n<\/ul>\n","protected":false},"excerpt":{"rendered":"<p>Au\u00dfendurchmesser: 82 mm Innendurchmesser: 80 mm Gesamth\u00f6he: 102 mm Nahtlose H\u00f6he: 100 mm Geeignet f\u00fcr Hinomoto Traktoren &nbsp; Referenzcodes: T3142 HiFi 15208H8903 15208H8911 3438856M2 MF 3704178M1 MF 8944637150ISUZU P550971 DONALDSON SO6103 HIFI SP4052SF W7041 MANN W818 \/ 82 MANN<\/p>\n","protected":false},"featured_media":31452,"comment_status":"open","ping_status":"open","template":"","meta":[],"product_cat":[385],"product_tag":[3895],"class_list":{"0":"post-18960","1":"product","2":"type-product","3":"status-publish","4":"has-post-thumbnail","6":"product_cat-oelfilter","7":"product_tag-snelparts-de","8":"pa_merk-hinomoto-de","10":"first","11":"instock","12":"taxable","13":"shipping-taxable","14":"purchasable","15":"product-type-simple","16":"col-xs-6 col-sm-4","17":"col-md-3 col-lg-3","18":"un-4-cols"},"_links":{"self":[{"href":"https:\/\/shop4trac.com\/de\/wp-json\/wp\/v2\/product\/18960","targetHints":{"allow":["GET"]}}],"collection":[{"href":"https:\/\/shop4trac.com\/de\/wp-json\/wp\/v2\/product"}],"about":[{"href":"https:\/\/shop4trac.com\/de\/wp-json\/wp\/v2\/types\/product"}],"replies":[{"embeddable":true,"href":"https:\/\/shop4trac.com\/de\/wp-json\/wp\/v2\/comments?post=18960"}],"wp:featuredmedia":[{"embeddable":true,"href":"https:\/\/shop4trac.com\/de\/wp-json\/wp\/v2\/media\/31452"}],"wp:attachment":[{"href":"https:\/\/shop4trac.com\/de\/wp-json\/wp\/v2\/media?parent=18960"}],"wp:term":[{"taxonomy":"product_cat","embeddable":true,"href":"https:\/\/shop4trac.com\/de\/wp-json\/wp\/v2\/product_cat?post=18960"},{"taxonomy":"product_tag","embeddable":true,"href":"https:\/\/shop4trac.com\/de\/wp-json\/wp\/v2\/product_tag?post=18960"}],"curies":[{"name":"wp","href":"https:\/\/api.w.org\/{rel}","templated":true}]}}