{"id":18852,"date":"2020-02-29T16:46:16","date_gmt":"2020-02-29T15:46:16","guid":{"rendered":"https:\/\/shop4trac.com\/product\/kreuzgelenk-20x57\/"},"modified":"2025-08-01T18:48:32","modified_gmt":"2025-08-01T16:48:32","slug":"quertrager-20x57","status":"publish","type":"product","link":"https:\/\/shop4trac.com\/de\/kupplung-getriebe\/kreuzgelenk\/quertrager-20x57\/","title":{"rendered":"Kreuzst\u00fcck 20X57"},"content":{"rendered":"<p>Diese Kreuzst\u00fccke (Kardangelenke) sind speziell f\u00fcr die \u00dcberholung von Antriebswellen, Kardangelenken usw. konzipiert. Diese Kreuzst\u00fccke sind von hoher Qualit\u00e4t und oft mit einem Schmiernippel versehen, um ihre Lebensdauer zu verl\u00e4ngern.<\/p>\n<p><strong>Abmessungen<\/strong>: 20mmx57mm | 0,7874 Zoll x 2,244 Zoll<\/p>\n","protected":false},"excerpt":{"rendered":"<p>Kreuzst\u00fcck f\u00fcr die Revision der Kardanwelle\/Zapfwelle.<\/p>\n","protected":false},"featured_media":83401,"comment_status":"open","ping_status":"closed","template":"","meta":[],"product_cat":[396],"product_tag":[3895],"class_list":{"0":"post-18852","1":"product","2":"type-product","3":"status-publish","4":"has-post-thumbnail","6":"product_cat-kreuzgelenk","7":"product_tag-snelparts-de","9":"first","10":"instock","11":"sale","12":"featured","13":"taxable","14":"shipping-taxable","15":"purchasable","16":"product-type-simple","17":"col-xs-6 col-sm-4","18":"col-md-3 col-lg-3","19":"un-4-cols"},"_links":{"self":[{"href":"https:\/\/shop4trac.com\/de\/wp-json\/wp\/v2\/product\/18852","targetHints":{"allow":["GET"]}}],"collection":[{"href":"https:\/\/shop4trac.com\/de\/wp-json\/wp\/v2\/product"}],"about":[{"href":"https:\/\/shop4trac.com\/de\/wp-json\/wp\/v2\/types\/product"}],"replies":[{"embeddable":true,"href":"https:\/\/shop4trac.com\/de\/wp-json\/wp\/v2\/comments?post=18852"}],"wp:featuredmedia":[{"embeddable":true,"href":"https:\/\/shop4trac.com\/de\/wp-json\/wp\/v2\/media\/83401"}],"wp:attachment":[{"href":"https:\/\/shop4trac.com\/de\/wp-json\/wp\/v2\/media?parent=18852"}],"wp:term":[{"taxonomy":"product_cat","embeddable":true,"href":"https:\/\/shop4trac.com\/de\/wp-json\/wp\/v2\/product_cat?post=18852"},{"taxonomy":"product_tag","embeddable":true,"href":"https:\/\/shop4trac.com\/de\/wp-json\/wp\/v2\/product_tag?post=18852"}],"curies":[{"name":"wp","href":"https:\/\/api.w.org\/{rel}","templated":true}]}}