{"id":18755,"date":"2020-02-29T16:44:06","date_gmt":"2020-02-29T14:44:06","guid":{"rendered":"https:\/\/shop4trac.com\/product\/kraftstofffilter-mitsubishi-satoh\/"},"modified":"2026-02-24T18:15:14","modified_gmt":"2026-02-24T17:15:14","slug":"kraftstofffilter-mitsubishi-satoh","status":"publish","type":"product","link":"https:\/\/shop4trac.com\/de\/filter\/kraftstofffilter\/kraftstofffilter-mitsubishi-satoh\/","title":{"rendered":"Kraftstofffilter | Mitsubishi MT1801 \u2013 MT26D | Satoh ST1620 \u2013 ST2040"},"content":{"rendered":"<p><strong>Kraftstofffilter passend f\u00fcr die folgenden Traktoren:<\/strong><\/p>\n<p><u>Gr\u00f6\u00dfen:<\/u><\/p>\n<ul>\n<li><strong>Au\u00dfen<\/strong>durchmesser: 35 mm<\/li>\n<li>Innendurchmesser: 12 mm<\/li>\n<li><strong>L\u00e4nge<\/strong>: 51 mm<\/li>\n<\/ul>\n<p>Verf\u00fcgbar f\u00fcr die folgenden Modelle<\/p>\n<p><strong>Mitsubishi<\/strong><\/p>\n<ul>\n<li>MT1801, MT1801D, MT2001, MT2001D, MT2201, MT2201D, MT2501, MT2501D<\/li>\n<li>MT21, MT21D, MT22, MT22D, MT23, MT23D, MT24, MT24D, MT25, MT25D, MT26, MT26D<\/li>\n<li>D1650, D1850, D2050, D2350<\/li>\n<\/ul>\n<p><strong>Satoh<\/strong><\/p>\n<ul>\n<li>ST1620, ST1640, ST1840, ST2040<\/li>\n<\/ul>\n<p><strong>OEM-Referenznummern<\/strong><\/p>\n<ul>\n<li>MM409-870<\/li>\n<\/ul>\n","protected":false},"excerpt":{"rendered":"<p>Kraftstofffilter passend f\u00fcr die folgenden Traktoren: Gr\u00f6\u00dfen: Au\u00dfendurchmesser: 35 mm Innendurchmesser: 12 mm L\u00e4nge: 51 mm Verf\u00fcgbar f\u00fcr die folgenden Modelle Mitsubishi MT1801, MT1801D, MT2001, MT2001D, MT2201, MT2201D, MT2501, MT2501D MT21, MT21D, MT22, MT22D, MT23, MT23D, MT24, MT24D, MT25, MT25D, MT26, MT26D D1650, D1850, D2050, D2350 Satoh ST1620, ST1640, ST1840, ST2040 OEM-Referenznummern MM409-870<\/p>\n","protected":false},"featured_media":29917,"comment_status":"open","ping_status":"closed","template":"","meta":[],"product_cat":[381],"product_tag":[3895],"class_list":{"0":"post-18755","1":"product","2":"type-product","3":"status-publish","4":"has-post-thumbnail","6":"product_cat-kraftstofffilter","7":"product_tag-snelparts-de","8":"pa_merk-kumiai-de","9":"pa_merk-mitsubishi-de","10":"pa_merk-satoh-de","12":"first","13":"instock","14":"taxable","15":"shipping-taxable","16":"purchasable","17":"product-type-simple","18":"col-xs-6 col-sm-4","19":"col-md-3 col-lg-3","20":"un-4-cols"},"_links":{"self":[{"href":"https:\/\/shop4trac.com\/de\/wp-json\/wp\/v2\/product\/18755","targetHints":{"allow":["GET"]}}],"collection":[{"href":"https:\/\/shop4trac.com\/de\/wp-json\/wp\/v2\/product"}],"about":[{"href":"https:\/\/shop4trac.com\/de\/wp-json\/wp\/v2\/types\/product"}],"replies":[{"embeddable":true,"href":"https:\/\/shop4trac.com\/de\/wp-json\/wp\/v2\/comments?post=18755"}],"wp:featuredmedia":[{"embeddable":true,"href":"https:\/\/shop4trac.com\/de\/wp-json\/wp\/v2\/media\/29917"}],"wp:attachment":[{"href":"https:\/\/shop4trac.com\/de\/wp-json\/wp\/v2\/media?parent=18755"}],"wp:term":[{"taxonomy":"product_cat","embeddable":true,"href":"https:\/\/shop4trac.com\/de\/wp-json\/wp\/v2\/product_cat?post=18755"},{"taxonomy":"product_tag","embeddable":true,"href":"https:\/\/shop4trac.com\/de\/wp-json\/wp\/v2\/product_tag?post=18755"}],"curies":[{"name":"wp","href":"https:\/\/api.w.org\/{rel}","templated":true}]}}