{"id":18740,"date":"2020-02-29T16:44:07","date_gmt":"2020-02-29T15:44:07","guid":{"rendered":"https:\/\/shop4trac.com\/product\/kraftstofffilter-komplett\/"},"modified":"2026-03-05T16:58:10","modified_gmt":"2026-03-05T15:58:10","slug":"kraftstofffilter-komplett","status":"publish","type":"product","link":"https:\/\/shop4trac.com\/de\/filter\/kraftstofffilter\/kraftstofffilter-komplett\/","title":{"rendered":"Kraftstofffilter universal mit Korb | Kubota | Yanmar | Iseki | Zen-noh | Hinomoto"},"content":{"rendered":"<h3><b>Ersatz-Kraftstofffilter \u2013 komplettes Filtergeh\u00e4use f\u00fcr Minitraktoren<\/b><\/h3>\n<p class=\"p3\">Geben Sie Ihrem Minitraktor neuen Schwung mit diesem <span class=\"s2\"><b>Ersatz-Kraftstofffiltergeh\u00e4use<\/b><\/span> , das speziell als <span class=\"s2\"><b>einfache und zuverl\u00e4ssige L\u00f6sung<\/b><\/span> f\u00fcr Lecks, Risse oder abgenutzte Teile entwickelt wurde. Egal ob tropfender Ablasshahn, besch\u00e4digtes Filterelement oder gerissener Filterkorb \u2013 dieses Komplettfiltergeh\u00e4use schafft sofortige Abhilfe. <\/p>\n<p class=\"p3\">\u2705 <span class=\"s2\"><b>Geeignet f\u00fcr verschiedene Marken<\/b><\/span> , darunter Kubota, Iseki, Yanmar und mehr<\/p>\n<p class=\"p3\">\u2705 <span class=\"s2\"><b>Lieferung komplett<\/b><\/span> mit Anschl\u00fcssen \u2013 einfache Installation<\/p>\n<p class=\"p3\">\u2705 <span class=\"s2\"><b>Universell einsetzbar<\/b><\/span> \u2013 in manchen F\u00e4llen ist eine leichte Anpassung notwendig<\/p>\n<p class=\"p3\">Egal ob Heimwerker oder professioneller Mechaniker, dieser Filter eignet sich optimal als <span class=\"s2\"><b>Ersatz f\u00fcr den originalen Kraftstofffilter<\/b><\/span> .<\/p>\n<hr>\n<p>&nbsp;<\/p>\n","protected":false},"excerpt":{"rendered":"<p>Ersatz-Kraftstofffilter \u2013 komplettes Filtergeh\u00e4use f\u00fcr Minitraktoren Geben Sie Ihrem Minitraktor neuen Schwung mit diesem Ersatz-Kraftstofffiltergeh\u00e4use , das speziell als einfache und zuverl\u00e4ssige L\u00f6sung f\u00fcr Lecks, Risse oder abgenutzte Teile entwickelt wurde. Egal ob tropfender Ablasshahn, besch\u00e4digtes Filterelement oder gerissener Filterkorb \u2013 dieses Komplettfiltergeh\u00e4use schafft sofortige Abhilfe. \u2705 Geeignet f\u00fcr verschiedene Marken , darunter Kubota, Iseki,&hellip;<\/p>\n","protected":false},"featured_media":154789,"comment_status":"open","ping_status":"open","template":"","meta":[],"product_cat":[381],"product_tag":[3895],"class_list":{"0":"post-18740","1":"product","2":"type-product","3":"status-publish","4":"has-post-thumbnail","6":"product_cat-kraftstofffilter","7":"product_tag-snelparts-de","8":"pa_merk-hinomoto-de","9":"pa_merk-iseki-de","10":"pa_merk-kioti-de","11":"pa_merk-kubota-de","12":"pa_merk-mahindra-de","13":"pa_merk-shibaura-de","14":"pa_merk-yanmar-de","16":"first","17":"instock","18":"sale","19":"taxable","20":"shipping-taxable","21":"purchasable","22":"product-type-simple","23":"col-xs-6 col-sm-4","24":"col-md-3 col-lg-3","25":"un-4-cols"},"_links":{"self":[{"href":"https:\/\/shop4trac.com\/de\/wp-json\/wp\/v2\/product\/18740","targetHints":{"allow":["GET"]}}],"collection":[{"href":"https:\/\/shop4trac.com\/de\/wp-json\/wp\/v2\/product"}],"about":[{"href":"https:\/\/shop4trac.com\/de\/wp-json\/wp\/v2\/types\/product"}],"replies":[{"embeddable":true,"href":"https:\/\/shop4trac.com\/de\/wp-json\/wp\/v2\/comments?post=18740"}],"wp:featuredmedia":[{"embeddable":true,"href":"https:\/\/shop4trac.com\/de\/wp-json\/wp\/v2\/media\/154789"}],"wp:attachment":[{"href":"https:\/\/shop4trac.com\/de\/wp-json\/wp\/v2\/media?parent=18740"}],"wp:term":[{"taxonomy":"product_cat","embeddable":true,"href":"https:\/\/shop4trac.com\/de\/wp-json\/wp\/v2\/product_cat?post=18740"},{"taxonomy":"product_tag","embeddable":true,"href":"https:\/\/shop4trac.com\/de\/wp-json\/wp\/v2\/product_tag?post=18740"}],"curies":[{"name":"wp","href":"https:\/\/api.w.org\/{rel}","templated":true}]}}