{"id":18652,"date":"2020-02-29T16:47:40","date_gmt":"2020-02-29T15:47:40","guid":{"rendered":"https:\/\/shop4trac.com\/product\/dichtungssatz-kubota-d1105\/"},"modified":"2026-03-25T15:48:58","modified_gmt":"2026-03-25T14:48:58","slug":"dichtungssatz-kubota-d1105","status":"publish","type":"product","link":"https:\/\/shop4trac.com\/de\/motorteile\/dichtungssatz\/dichtungssatz-kubota-d1105\/","title":{"rendered":"Dichtungssatz Kubota D1105 | D1105-E2B | D1105-E3B | D1105-E4B | D1305"},"content":{"rendered":"<p>Diese Kopfdichtung mit Dichtungssatz ist von hoher Qualit\u00e4t und die kompatiblen Modelle wurden mit gr\u00f6\u00dfter Sorgfalt ausgew\u00e4hlt!<\/p>\n<p>Komplettpaket mit Dichtungen f\u00fcr; <strong>Kopfdichtung (Satz)<\/strong> , <strong>Kurbelwellendichtung vorne und hinten<\/strong> , <strong>Ventilschaftdichtungen<\/strong> , <strong>Auspuffdichtungen<\/strong> , <strong>Einlassdichtungen<\/strong> , <strong>Dichtungen<\/strong> und andere <strong>Dichtungen<\/strong> wie auf dem Foto.<\/p>\n<p><strong>Variante: Metall-Zylinderkopfdichtung oder Graphit.<\/strong><\/p>\n<p><strong>Kubota  <\/strong><\/p>\n<ul>\n<li>A-19, A-195<\/li>\n<li>GB20<\/li>\n<li>B2400, B2410, B26 , B2630, B2620, B7610<\/li>\n<li>B7610HSD, B2400HST-D, B2400HST-E, B2410HSD, B2410HSDB, B2410HSE<\/li>\n<li>F2400, F2560, F2880, F2680, FZ2400<\/li>\n<li>U25S<\/li>\n<li>KX41-2S, KX41-2, KX61-2, KX61-2S, KX41H, RTV1100, RTV1100CW9<\/li>\n<li>U-27-4H<\/li>\n<li>U20-3a<\/li>\n<li>RTV1140CPX, RTV1100RW9, ZD28<\/li>\n<li>D1105 \u2013 F2400, F2560E, F2680E, F2690E, F2880, F2880E, ZD1211, ZD28<\/li>\n<li>KX61-2, KX61-2S<\/li>\n<\/ul>\n<p><strong>Kubota Maschinen<\/strong><\/p>\n<div class=\"flex-1 overflow-hidden\">\n<div class=\"react-scroll-to-bottom--css-ounqd-79elbk h-full dark:bg-gray-800\">\n<div class=\"react-scroll-to-bottom--css-ounqd-1n7m0yu\">\n<div class=\"flex flex-col items-center text-sm dark:bg-gray-800\">\n<div class=\"group w-full text-gray-800 dark:text-gray-100 border-b border-black\/10 dark:border-gray-900\/50 bg-gray-50 dark:bg-[#444654] sm:AIPRM__conversation__response\">\n<div class=\"text-base gap-4 md:gap-6 md:max-w-2xl lg:max-w-xl xl:max-w-3xl p-4 md:py-6 flex lg:px-0 m-auto\">\n<div class=\"relative flex w-[calc(100%-50px)] flex-col gap-1 md:gap-3 lg:w-[calc(100%-115px)]\">\n<div class=\"flex flex-grow flex-col gap-3\">\n<div class=\"min-h-[20px] flex flex-col items-start gap-4 whitespace-pre-wrap\">\n<div class=\"markdown prose w-full break-words dark:prose-invert light AIPRM__conversation__response\">\n<p>RT140, RT140D, RT150, RT150-2, RT150D, RT160-2, RT210, RT210-2, RT210D, RT220-2.<\/p>\n<\/div>\n<\/div>\n<\/div>\n<\/div>\n<\/div>\n<\/div>\n<\/div>\n<\/div>\n<\/div>\n<\/div>\n<p><strong>Hitachi<\/strong><\/p>\n<ul>\n<li>EX15-2<\/li>\n<\/ul>\n<p><strong>Bobcat<\/strong><\/p>\n<ul>\n<li>553<\/li>\n<li>E26<\/li>\n<\/ul>\n<p><strong>Giant<\/strong><\/p>\n<ul>\n<li>G1500, G1500 X-tra<\/li>\n<li>G2200, G2200 X-tra<\/li>\n<li>D242S, D261, D261S, D262S, D262SW, D263S, D263SW, D263SW X-tra<\/li>\n<li>D265, D331ST, D331SWT, D331T (S040), D331T (S068), D332ST, D332SWT<\/li>\n<li>D332SWT X-tra, D335T (S040), D335T (S068)<\/li>\n<\/ul>\n<p><strong>Steiner<\/strong><\/p>\n<ul>\n<li>230, 525 Traktor<\/li>\n<\/ul>\n<p><strong>Kubota Motor<\/strong><\/p>\n<ul>\n<li>D1105, D1105-E2B, D1105-E3B, D1105-E4B<\/li>\n<li>D1305<\/li>\n<\/ul>\n<p><strong>OEM als Referenz:<\/strong><\/p>\n<ul>\n<li>16261-03310<\/li>\n<li>1G063-03310<\/li>\n<li>1E038-03310-D1105<\/li>\n<\/ul>\n<p><strong>Bohrung<\/strong> :<\/p>\n<ul>\n<li>78mm<\/li>\n<\/ul>\n<p><strong>Andere Maschinen:<\/strong><\/p>\n<p><strong>Ausa<\/strong><\/p>\n<ul>\n<li>Ausa D100, D120, D150, D85<\/li>\n<\/ul>\n<p><strong>Avant<\/strong><\/p>\n<ul>\n<li>R28, 528, 630<\/li>\n<\/ul>\n<p><strong>Eurotrac<\/strong><\/p>\n<ul>\n<li>W11 K26, W11, K33<\/li>\n<\/ul>\n<p><strong>Manitou<\/strong><\/p>\n<ul>\n<li>TMT 20.17<\/li>\n<\/ul>\n","protected":false},"excerpt":{"rendered":"<p>Passend f\u00fcr Kubota D1105<\/p>\n<p>Der komplette Satz besteht aus verschiedenen Dichtungen und ein Zylinderkopfdichtung, siehe Bild.<\/p>\n","protected":false},"featured_media":165889,"comment_status":"open","ping_status":"open","template":"","meta":[],"product_cat":[413],"product_tag":[2695,3895],"class_list":{"0":"post-18652","1":"product","2":"type-product","3":"status-publish","4":"has-post-thumbnail","6":"product_cat-dichtungssatz","7":"product_tag-d1105-de","8":"product_tag-snelparts-de","9":"pa_merk-bobcat-de","10":"pa_merk-kubota-de","11":"pa_motor-d1105-de","13":"first","14":"instock","15":"sale","16":"taxable","17":"shipping-taxable","18":"purchasable","19":"product-type-variable","20":"col-xs-6 col-sm-4","21":"col-md-3 col-lg-3","22":"un-4-cols"},"_links":{"self":[{"href":"https:\/\/shop4trac.com\/de\/wp-json\/wp\/v2\/product\/18652","targetHints":{"allow":["GET"]}}],"collection":[{"href":"https:\/\/shop4trac.com\/de\/wp-json\/wp\/v2\/product"}],"about":[{"href":"https:\/\/shop4trac.com\/de\/wp-json\/wp\/v2\/types\/product"}],"replies":[{"embeddable":true,"href":"https:\/\/shop4trac.com\/de\/wp-json\/wp\/v2\/comments?post=18652"}],"wp:featuredmedia":[{"embeddable":true,"href":"https:\/\/shop4trac.com\/de\/wp-json\/wp\/v2\/media\/165889"}],"wp:attachment":[{"href":"https:\/\/shop4trac.com\/de\/wp-json\/wp\/v2\/media?parent=18652"}],"wp:term":[{"taxonomy":"product_cat","embeddable":true,"href":"https:\/\/shop4trac.com\/de\/wp-json\/wp\/v2\/product_cat?post=18652"},{"taxonomy":"product_tag","embeddable":true,"href":"https:\/\/shop4trac.com\/de\/wp-json\/wp\/v2\/product_tag?post=18652"}],"curies":[{"name":"wp","href":"https:\/\/api.w.org\/{rel}","templated":true}]}}