{"id":18485,"date":"2020-02-29T16:47:31","date_gmt":"2020-02-29T15:47:31","guid":{"rendered":"https:\/\/shop4trac.com\/product\/kolbenringe-iseki-tx1300-ke70-motor\/"},"modified":"2025-10-06T10:20:50","modified_gmt":"2025-10-06T08:20:50","slug":"kolbenringe-iseki-tx1300-ke70-motor","status":"publish","type":"product","link":"https:\/\/shop4trac.com\/de\/motorteile\/kolbenringe\/kolbenringe-iseki-tx1300-ke70-motor\/","title":{"rendered":"Kolbenringe Iseki TX1300 | Bolens G152 | Satoh | KE70 Motor"},"content":{"rendered":"<p>Die Kolbenringe sind von hoher <strong>europ\u00e4ischer<\/strong> Qualit\u00e4t und die kompatiblen Modelle wurden mit gro\u00dfer Sorgfalt ausgesucht:<\/p>\n<p><strong>Iseki<\/strong><\/p>\n<ul>\n<li>TX1300, TX1300F<\/li>\n<\/ul>\n<p><strong>Bolens<\/strong><\/p>\n<ul>\n<li>G152<\/li>\n<\/ul>\n<p><strong>Mitsubishi <\/strong><\/p>\n<ul>\n<li>D1300, MT1301, MT372<\/li>\n<\/ul>\n<p><strong>Satoh<\/strong><\/p>\n<ul>\n<li>ST1300, ST1300D<\/li>\n<li>Biber S370<\/li>\n<\/ul>\n<p><strong>Suzue<\/strong><\/p>\n<ul>\n<li>M1301, M1301D<\/li>\n<\/ul>\n<p><strong>Gr\u00f6\u00dfe<\/strong>: 73 mm<\/p>\n<p>Kompletter Satz pro Zylinder.<\/p>\n<p><span style=\"text-decoration: underline\">Preis gilt pro Zylinder!<\/span><\/p>\n<p><strong>OEM als Referenz:<\/strong><\/p>\n<ul>\n<li>MM406600<\/li>\n<\/ul>\n","protected":false},"excerpt":{"rendered":"<p>Die Kolbenringe sind von hoher europ\u00e4ischer Qualit\u00e4t und die kompatiblen Modelle wurden mit gro\u00dfer Sorgfalt ausgesucht: Iseki TX1300, TX1300F Bolens G152 Mitsubishi D1300, MT1301, MT372 Satoh ST1300, ST1300D Biber S370 Suzue M1301, M1301D Gr\u00f6\u00dfe: 73 mm Kompletter Satz pro Zylinder. Preis gilt pro Zylinder! OEM als Referenz: MM406600<\/p>\n","protected":false},"featured_media":56409,"comment_status":"open","ping_status":"closed","template":"","meta":[],"product_cat":[418],"product_tag":[3895],"class_list":{"0":"post-18485","1":"product","2":"type-product","3":"status-publish","4":"has-post-thumbnail","6":"product_cat-kolbenringe","7":"product_tag-snelparts-de","8":"pa_merk-bolens-de","9":"pa_merk-iseki-de","10":"pa_merk-mitsubishi-de","11":"pa_merk-noda-de","12":"pa_merk-satoh-de","13":"pa_merk-suzue-de","14":"pa_motor-ke70-de","16":"first","17":"instock","18":"sale","19":"featured","20":"taxable","21":"shipping-taxable","22":"purchasable","23":"product-type-simple","24":"col-xs-6 col-sm-4","25":"col-md-3 col-lg-3","26":"un-4-cols"},"_links":{"self":[{"href":"https:\/\/shop4trac.com\/de\/wp-json\/wp\/v2\/product\/18485","targetHints":{"allow":["GET"]}}],"collection":[{"href":"https:\/\/shop4trac.com\/de\/wp-json\/wp\/v2\/product"}],"about":[{"href":"https:\/\/shop4trac.com\/de\/wp-json\/wp\/v2\/types\/product"}],"replies":[{"embeddable":true,"href":"https:\/\/shop4trac.com\/de\/wp-json\/wp\/v2\/comments?post=18485"}],"wp:featuredmedia":[{"embeddable":true,"href":"https:\/\/shop4trac.com\/de\/wp-json\/wp\/v2\/media\/56409"}],"wp:attachment":[{"href":"https:\/\/shop4trac.com\/de\/wp-json\/wp\/v2\/media?parent=18485"}],"wp:term":[{"taxonomy":"product_cat","embeddable":true,"href":"https:\/\/shop4trac.com\/de\/wp-json\/wp\/v2\/product_cat?post=18485"},{"taxonomy":"product_tag","embeddable":true,"href":"https:\/\/shop4trac.com\/de\/wp-json\/wp\/v2\/product_tag?post=18485"}],"curies":[{"name":"wp","href":"https:\/\/api.w.org\/{rel}","templated":true}]}}