{"id":18271,"date":"2020-02-29T16:46:01","date_gmt":"2020-02-29T15:46:01","guid":{"rendered":"https:\/\/shop4trac.com\/product\/kuhler-iseki-tu-1400-1600-tx1410-2160\/"},"modified":"2026-04-05T11:40:43","modified_gmt":"2026-04-05T10:40:43","slug":"kuhler-iseki-tu-1400-1600-tx1410-2160","status":"publish","type":"product","link":"https:\/\/shop4trac.com\/de\/kuehlung-kuehler\/kuhler\/kuhler-iseki-tu-1400-1600-tx1410-2160\/","title":{"rendered":"K\u00fchler Iseki TU1400 \u2013 TU1600 | TX1410 \u2013 TX2160 | Bolens G152 \u2013 G174 | inkl. K\u00fchlerschl\u00e4uche"},"content":{"rendered":"<p><strong>Neuer K\u00fchler passend f\u00fcr folgende Modelle:<\/strong><\/p>\n<p>Dieses Set besteht aus:<\/p>\n<ul>\n<li>K\u00fchlerdeckel<\/li>\n<li>K\u00fchlerschlauch \u2013 K\u00fchlerschlauch oben<\/li>\n<li>K\u00fchlerschlauch \u2013 K\u00fchlerschlauch unten<\/li>\n<\/ul>\n<p><span style=\"text-decoration: underline\">Ersetzen Sie immer Ihre K\u00fchlmittelschl\u00e4uche, da diese mit der Zeit hart werden und undicht werden oder rei\u00dfen. Deshalb stellen wir sie kostenlos zur Verf\u00fcgung! <\/span><\/p>\n<p><strong>Iseki:<\/strong><\/p>\n<ul>\n<li>TU1400, TU1500, TU1600, TU1401, TU1501, TU1601<\/li>\n<li>Iseki TX145, TX155, TX145F, TX155F<\/li>\n<li>Iseki TX1410, TX1510, TX1410F, TX1510F<\/li>\n<li>Iseki TX2140, TX2160, TX2140F, TX2160F<\/li>\n<\/ul>\n<p><strong>Bolens<\/strong><\/p>\n<ul>\n<li>G152, G154, G172, G174, H1704 ( <span style=\"text-decoration: underline\">nur 3 Zylinder)<\/span> !<\/li>\n<li><span style=\"text-decoration: underline\">Bitte beachten: nur 3 Zylinder f\u00fcr Bolens!<\/span><\/li>\n<\/ul>\n<p>F\u00fcr die Gr\u00f6\u00dfen verweise ich auf die Bilder.<\/p>\n<p><strong>OEM zur Referenz<\/strong><\/p>\n<ul>\n<li>1434-101-2100-0, 143410121000,<\/li>\n<\/ul>\n<p>\u2705 inklusive \u00dcberlaufschlauch<\/p>\n","protected":false},"excerpt":{"rendered":"<p>\u2705 inklusive \u00dcberlaufschlauch<\/p>\n","protected":false},"featured_media":177517,"comment_status":"open","ping_status":"closed","template":"","meta":[],"product_cat":[387],"product_tag":[3895],"class_list":{"0":"post-18271","1":"product","2":"type-product","3":"status-publish","4":"has-post-thumbnail","6":"product_cat-kuhler","7":"product_tag-snelparts-de","8":"pa_merk-bolens-de","9":"pa_merk-iseki-de","10":"pa_model-tu1400-de","11":"pa_model-tu1500-de","12":"pa_model-tu1600-de","13":"pa_model-tx1410-de","14":"pa_model-tx145-de","15":"pa_model-tx1510-de","16":"pa_model-tx155-de","17":"pa_model-tx2140-de","18":"pa_model-tx216-de","20":"first","21":"instock","22":"sale","23":"taxable","24":"shipping-taxable","25":"purchasable","26":"product-type-simple","27":"col-xs-6 col-sm-4","28":"col-md-3 col-lg-3","29":"un-4-cols"},"_links":{"self":[{"href":"https:\/\/shop4trac.com\/de\/wp-json\/wp\/v2\/product\/18271","targetHints":{"allow":["GET"]}}],"collection":[{"href":"https:\/\/shop4trac.com\/de\/wp-json\/wp\/v2\/product"}],"about":[{"href":"https:\/\/shop4trac.com\/de\/wp-json\/wp\/v2\/types\/product"}],"replies":[{"embeddable":true,"href":"https:\/\/shop4trac.com\/de\/wp-json\/wp\/v2\/comments?post=18271"}],"wp:featuredmedia":[{"embeddable":true,"href":"https:\/\/shop4trac.com\/de\/wp-json\/wp\/v2\/media\/177517"}],"wp:attachment":[{"href":"https:\/\/shop4trac.com\/de\/wp-json\/wp\/v2\/media?parent=18271"}],"wp:term":[{"taxonomy":"product_cat","embeddable":true,"href":"https:\/\/shop4trac.com\/de\/wp-json\/wp\/v2\/product_cat?post=18271"},{"taxonomy":"product_tag","embeddable":true,"href":"https:\/\/shop4trac.com\/de\/wp-json\/wp\/v2\/product_tag?post=18271"}],"curies":[{"name":"wp","href":"https:\/\/api.w.org\/{rel}","templated":true}]}}