{"id":18264,"date":"2020-02-29T16:46:08","date_gmt":"2020-02-29T15:46:08","guid":{"rendered":"https:\/\/shop4trac.com\/product\/kuhler-kubota-b6001-b7001\/"},"modified":"2026-04-03T12:18:15","modified_gmt":"2026-04-03T11:18:15","slug":"kuhler-kubota-b6001-b7001","status":"publish","type":"product","link":"https:\/\/shop4trac.com\/de\/kuehlung-kuehler\/kuhler\/kuhler-kubota-b6001-b7001\/","title":{"rendered":"K\u00fchler Kubota B6001-B7001 | ZB6001 \u2013 ZB7001 | inkl. K\u00fchlerschl\u00e4uche"},"content":{"rendered":"<p>Neuer K\u00fchler passend f\u00fcr folgende Modelle:<\/p>\n<p>Dieses Set besteht aus:<\/p>\n<ul>\n<li>K\u00fchlerdeckel<\/li>\n<li>K\u00fchlerschlauch \u2013 K\u00fchlerschlauch oben<\/li>\n<li>K\u00fchlerschlauch \u2013 K\u00fchlerschlauch unten<\/li>\n<\/ul>\n<p>Ersetzen Sie immer Ihre K\u00fchlmittelschl\u00e4uche, da diese mit der Zeit hart werden und undicht werden oder rei\u00dfen. Deshalb stellen wir sie kostenlos zur Verf\u00fcgung! <\/p>\n<p><strong>Kubota:<\/strong><\/p>\n<ul>\n<li>B6001, B6100, B7001, B7100<\/li>\n<\/ul>\n<p><strong>Zen-noh<\/strong><\/p>\n<ul>\n<li>\n<div class=\"flex-1 overflow-hidden\">\n<div class=\"react-scroll-to-bottom--css-wbexv-79elbk h-full\">\n<div class=\"react-scroll-to-bottom--css-wbexv-1n7m0yu\">\n<div class=\"flex flex-col pb-9 text-sm\">\n<div class=\"w-full text-token-text-primary\" data-testid=\"conversation-turn-7\">\n<div class=\"px-4 py-2 justify-center text-base md:gap-6 m-auto\">\n<div class=\"flex flex-1 text-base mx-auto gap-3 md:px-5 lg:px-1 xl:px-5 md:max-w-3xl lg:max-w-[40rem] xl:max-w-[48rem] group final-completion\">\n<div class=\"relative flex w-full flex-col lg:w-[calc(100%-115px)] agent-turn\">\n<div class=\"flex-col gap-1 md:gap-3\">\n<div class=\"flex flex-grow flex-col max-w-full\">\n<div class=\"min-h-[20px] text-message flex flex-col items-start gap-3 whitespace-pre-wrap break-words [.text-message+&amp;]:mt-5 overflow-x-auto\" data-message-author-role=\"assistant\" data-message-id=\"c3ca5f17-9b64-49c6-81aa-5e0d224cfb2f\">\n<div class=\"markdown prose w-full break-words dark:prose-invert light\">\n<p>ZB6001, ZB6100, ZB7001, ZB7100<\/p>\n<\/div>\n<\/div>\n<\/div>\n<\/div>\n<\/div>\n<\/div>\n<\/div>\n<\/div>\n<\/div>\n<\/div>\n<\/div>\n<\/div>\n<p>&nbsp;<\/li>\n<\/ul>\n<ul>\n<li>\n<div class=\"flex-1 overflow-hidden\">\n<div class=\"react-scroll-to-bottom--css-wbexv-79elbk h-full\">\n<div class=\"react-scroll-to-bottom--css-wbexv-1n7m0yu\">\n<div class=\"flex flex-col pb-9 text-sm\">\n<div class=\"w-full text-token-text-primary\" data-testid=\"conversation-turn-7\">\n<div class=\"px-4 py-2 justify-center text-base md:gap-6 m-auto\">\n<div class=\"flex flex-1 text-base mx-auto gap-3 md:px-5 lg:px-1 xl:px-5 md:max-w-3xl lg:max-w-[40rem] xl:max-w-[48rem] group final-completion\">\n<div class=\"relative flex w-full flex-col lg:w-[calc(100%-115px)] agent-turn\">\n<div class=\"flex-col gap-1 md:gap-3\">\n<div class=\"flex flex-grow flex-col max-w-full\">\n<div class=\"min-h-[20px] text-message flex flex-col items-start gap-3 whitespace-pre-wrap break-words [.text-message+&amp;]:mt-5 overflow-x-auto\" data-message-author-role=\"assistant\" data-message-id=\"c3ca5f17-9b64-49c6-81aa-5e0d224cfb2f\">\n<div class=\"markdown prose w-full break-words dark:prose-invert light\">\n<p>Die Ma\u00dfe k\u00f6nnen Sie den Bildern entnehmen.<\/p>\n<\/div>\n<\/div>\n<\/div>\n<\/div>\n<\/div>\n<\/div>\n<\/div>\n<\/div>\n<\/div>\n<\/div>\n<\/div>\n<\/div>\n<\/li>\n<\/ul>\n<p>\u2705 inklusive \u00dcberlaufschlauch<\/p>\n<p><strong>OEM als Referenz<\/strong><\/p>\n<ul>\n<li>15371-7206-2, 15371-72062<\/li>\n<\/ul>\n","protected":false},"excerpt":{"rendered":"<p>\u2705 inklusive \u00dcberlaufschlauch<\/p>\n","protected":false},"featured_media":177573,"comment_status":"open","ping_status":"closed","template":"","meta":[],"product_cat":[387],"product_tag":[3895],"class_list":{"0":"post-18264","1":"product","2":"type-product","3":"status-publish","4":"has-post-thumbnail","6":"product_cat-kuhler","7":"product_tag-snelparts-de","8":"pa_merk-kubota-de","9":"pa_merk-zen-noh-de","10":"pa_model-b6001-de","11":"pa_model-b6100-de","12":"pa_model-b7001-de","13":"pa_model-b7100-de","15":"first","16":"outofstock","17":"sale","18":"featured","19":"taxable","20":"shipping-taxable","21":"purchasable","22":"product-type-simple","23":"col-xs-6 col-sm-4","24":"col-md-3 col-lg-3","25":"un-4-cols"},"_links":{"self":[{"href":"https:\/\/shop4trac.com\/de\/wp-json\/wp\/v2\/product\/18264","targetHints":{"allow":["GET"]}}],"collection":[{"href":"https:\/\/shop4trac.com\/de\/wp-json\/wp\/v2\/product"}],"about":[{"href":"https:\/\/shop4trac.com\/de\/wp-json\/wp\/v2\/types\/product"}],"replies":[{"embeddable":true,"href":"https:\/\/shop4trac.com\/de\/wp-json\/wp\/v2\/comments?post=18264"}],"wp:featuredmedia":[{"embeddable":true,"href":"https:\/\/shop4trac.com\/de\/wp-json\/wp\/v2\/media\/177573"}],"wp:attachment":[{"href":"https:\/\/shop4trac.com\/de\/wp-json\/wp\/v2\/media?parent=18264"}],"wp:term":[{"taxonomy":"product_cat","embeddable":true,"href":"https:\/\/shop4trac.com\/de\/wp-json\/wp\/v2\/product_cat?post=18264"},{"taxonomy":"product_tag","embeddable":true,"href":"https:\/\/shop4trac.com\/de\/wp-json\/wp\/v2\/product_tag?post=18264"}],"curies":[{"name":"wp","href":"https:\/\/api.w.org\/{rel}","templated":true}]}}