{"id":182283,"date":"2025-12-10T21:34:49","date_gmt":"2025-12-10T19:34:49","guid":{"rendered":"https:\/\/shop4trac.com\/unkategorisiert\/kraftstoffpumpe-foerderpumpe-kubota-v2607-v3307-v3800-bobcat\/"},"modified":"2025-12-10T22:06:09","modified_gmt":"2025-12-10T20:06:09","slug":"kraftstoffpumpe-foerderpumpe-kubota-v2607-v3307-v3800-bobcat","status":"publish","type":"product","link":"https:\/\/shop4trac.com\/de\/motorteile\/kraftstoffforderpumpe\/kraftstoffpumpe-foerderpumpe-kubota-v2607-v3307-v3800-bobcat\/","title":{"rendered":"Kraftstoffpumpe | F\u00f6rderpumpe Kubota V2607 | V3307 | V3800 | Bobcat"},"content":{"rendered":"<p><b>Mechanische F\u00f6rderpumpe f\u00fcr moderne Kubota Motoren.<\/b> Diese Kraftstoffpumpe wurde speziell f\u00fcr die neuere Generation Kubota Motoren mit Direkteinspritzung und Common-Rail-Systemen entwickelt.<\/p>\n<h5 data-path-to-node=\"5\"><b>Spezifikationen<\/b><\/h5>\n<ul>\n<li data-path-to-node=\"6,0,0\"><b>Typ:<\/b> Mechanische F\u00f6rderpumpe (Membran)<\/li>\n<li data-path-to-node=\"6,1,0\"><b>Antrieb:<\/b> Nockenwelle<\/li>\n<li data-path-to-node=\"6,2,0\"><b>Anschluss:<\/b> Einlass \/ Auslass (Pfeilrichtung auf der Pumpe beachten)<\/li>\n<li data-path-to-node=\"6,3,0\"><b>Anwendung:<\/b> Kubota -07 und -03-M Serienmotoren (Tier 4)<\/li>\n<li data-path-to-node=\"6,4,0\"><b>Inklusive:<\/b> Montagedichtung<\/li>\n<\/ul>\n<p><strong>Kubota<\/strong><\/p>\n<ul data-path-to-node=\"16\">\n<li>KX057-4, KX080-3, KX080-4, KX080-4a, U48-4, U55-4, SVL75, SVL75-2, SVL90, SVL90-2, SSV65, SSV75<\/li>\n<li>\n<p data-path-to-node=\"16,0,0\">M4062, M4072, M5091, M5111, M6040, M6060, M7040, M7060, M8540, M8560, M9540, M9960<\/p>\n<\/li>\n<\/ul>\n<p><strong>Kubota Motor<\/strong><\/p>\n<ul>\n<li>V2607-DI-T, V3307-DI-T, V3800-DI-T, V3007<\/li>\n<\/ul>\n<p><strong>Bobcat<\/strong><\/p>\n<ul>\n<li>S630, S650, S750, S770, S850, T630, T650, T750, T770, T870, A770<\/li>\n<\/ul>\n<p><strong>Takeuchi<\/strong><\/p>\n<ul>\n<li>TB260<\/li>\n<\/ul>\n<p><strong>OEM zur Referenz<\/strong><\/p>\n<ul>\n<li data-path-to-node=\"9,0,0\">1J710-52032, 1J710-52030, 1J710-52031, 1J71052032<\/li>\n<li>6691456<\/li>\n<\/ul>\n","protected":false},"excerpt":{"rendered":"<p>Mechanische F\u00f6rderpumpe f\u00fcr moderne Kubota Motoren. Diese Kraftstoffpumpe wurde speziell f\u00fcr die neuere Generation Kubota Motoren mit Direkteinspritzung und Common-Rail-Systemen entwickelt. Spezifikationen Typ: Mechanische F\u00f6rderpumpe (Membran) Antrieb: Nockenwelle Anschluss: Einlass \/ Auslass (Pfeilrichtung auf der Pumpe beachten) Anwendung: Kubota -07 und -03-M Serienmotoren (Tier 4) Inklusive: Montagedichtung Kubota KX057-4, KX080-3, KX080-4, KX080-4a, U48-4, U55-4, SVL75,&hellip;<\/p>\n","protected":false},"featured_media":182574,"comment_status":"","ping_status":"closed","template":"","meta":[],"product_cat":[8115],"product_tag":[],"class_list":{"0":"post-182283","1":"product","2":"type-product","3":"status-publish","4":"has-post-thumbnail","6":"product_cat-kraftstoffforderpumpe","7":"pa_merk-bobcat-de","8":"pa_merk-kubota-de","9":"pa_merk-takeuchi-de","11":"first","12":"instock","13":"sale","14":"taxable","15":"shipping-taxable","16":"purchasable","17":"product-type-simple","18":"col-xs-6 col-sm-4","19":"col-md-3 col-lg-3","20":"un-4-cols"},"_links":{"self":[{"href":"https:\/\/shop4trac.com\/de\/wp-json\/wp\/v2\/product\/182283","targetHints":{"allow":["GET"]}}],"collection":[{"href":"https:\/\/shop4trac.com\/de\/wp-json\/wp\/v2\/product"}],"about":[{"href":"https:\/\/shop4trac.com\/de\/wp-json\/wp\/v2\/types\/product"}],"replies":[{"embeddable":true,"href":"https:\/\/shop4trac.com\/de\/wp-json\/wp\/v2\/comments?post=182283"}],"wp:featuredmedia":[{"embeddable":true,"href":"https:\/\/shop4trac.com\/de\/wp-json\/wp\/v2\/media\/182574"}],"wp:attachment":[{"href":"https:\/\/shop4trac.com\/de\/wp-json\/wp\/v2\/media?parent=182283"}],"wp:term":[{"taxonomy":"product_cat","embeddable":true,"href":"https:\/\/shop4trac.com\/de\/wp-json\/wp\/v2\/product_cat?post=182283"},{"taxonomy":"product_tag","embeddable":true,"href":"https:\/\/shop4trac.com\/de\/wp-json\/wp\/v2\/product_tag?post=182283"}],"curies":[{"name":"wp","href":"https:\/\/api.w.org\/{rel}","templated":true}]}}