{"id":182243,"date":"2025-12-10T21:43:36","date_gmt":"2025-12-10T19:43:36","guid":{"rendered":"https:\/\/shop4trac.com\/unkategorisiert\/kraftstoffpumpe-elektrische-foerderpumpe-perkins-403d-404d-shibaura-n843-n844l-t-weidemann\/"},"modified":"2026-03-07T18:32:00","modified_gmt":"2026-03-07T17:32:00","slug":"kraftstoffpumpe-elektrische-foerderpumpe-perkins-403d-404d-shibaura-n843-n844l-t-weidemann","status":"publish","type":"product","link":"https:\/\/shop4trac.com\/de\/motorteile\/kraftstoffforderpumpe\/kraftstoffpumpe-elektrische-foerderpumpe-perkins-403d-404d-shibaura-n843-n844l-t-weidemann\/","title":{"rendered":"Kraftstoffpumpe | F\u00f6rderpumpe Perkins 403D | 404D | Shibaura N843 \u2013 N844L-T | Weidemann"},"content":{"rendered":"<p data-path-to-node=\"5\"><b class=\"\">Mechanische F\u00f6rderpumpe in Originalqualit\u00e4t f\u00fcr Perkins 400er-Serie und Shibaura Motoren.<\/b><span class=\"\"> Diese Pumpe wird mechanisch von der Nockenwelle des Motors angetrieben.<\/span><span class=\"\"> Sie ist speziell f\u00fcr kompakte Dieselmotoren konzipiert, die h\u00e4ufig in Minibaggern,<\/span><span class=\"\"> Radladern und Traktoren eingesetzt werden.<\/span><\/p>\n<p data-path-to-node=\"5\">Die 13056140 ist ein zuverl\u00e4ssiger Ersatz, der direkt an der vorhandenen Stelle montiert werden kann. Sie sorgt f\u00fcr den richtigen Vordruck, damit Ihr Perkins Motor wieder reibungslos l\u00e4uft. <\/p>\n<h5 data-path-to-node=\"5\"><b>Spezifikationen<\/b><\/h5>\n<ul>\n<li data-path-to-node=\"6,0,0\">Mechanisch<\/li>\n<li data-path-to-node=\"6,2,0\"><b>Anschluss:<\/b> \u00fcber Nockenwelle<\/li>\n<li data-path-to-node=\"6,3,0\"><b>Anwendung:<\/b> Perkins 400er-Serie (Tier 3 \/ Tier 4)<\/li>\n<li data-path-to-node=\"6,4,0\"><b>F\u00f6rderdruck:<\/b> Standard-F\u00f6rderdruck f\u00fcr Perkins Einspritzsysteme<\/li>\n<\/ul>\n<p data-path-to-node=\"14\"><b>Perkins Motoren:<\/b><\/p>\n<ul data-path-to-node=\"15\">\n<li>\n<p data-path-to-node=\"15,0,0\">402D-05<\/p>\n<\/li>\n<li>\n<p data-path-to-node=\"15,1,0\">403C-11, 403C-15, 403D-11, 403D-15, 403D-17<\/p>\n<\/li>\n<li>\n<p data-path-to-node=\"15,2,0\">404C-22, 404D-22, 404D-22T<\/p>\n<\/li>\n<\/ul>\n<p data-path-to-node=\"16\"><b>Shibaura Motoren <\/b><\/p>\n<ul data-path-to-node=\"17\">\n<li>\n<p data-path-to-node=\"17,0,0\">N843, N843L, N844, N844L, N844L-T<\/p>\n<\/li>\n<\/ul>\n<p><strong>Shibaura<\/strong><\/p>\n<ul>\n<li>ST318, ST321, ST324, ST329<\/li>\n<li>ST330, ST333<\/li>\n<li>SX21, SX24<\/li>\n<li>SX25 \u2013 pr\u00fcfe zur Sicherheit, ob die mechanische Pumpe montiert ist und keine elektrische!<\/li>\n<\/ul>\n<p data-path-to-node=\"13\"><b>Weidemann <\/b><\/p>\n<ul data-path-to-node=\"14\">\n<li>\n<p data-path-to-node=\"14,0,0\">1130, 1140, 1160, 1230, 1240, 1250, 1260, 1280, 1350, 1370, 1380, T4512 (Teleskoplader)<\/p>\n<\/li>\n<\/ul>\n<p data-path-to-node=\"15\"><b>JCB <\/b><\/p>\n<ul data-path-to-node=\"16\">\n<li>\n<p data-path-to-node=\"16,0,0\">8008, 8014, 8016, 8018, 8020, 8025, 8026, 8030, 8035, Micro, Micro Plus<\/p>\n<\/li>\n<\/ul>\n<p data-path-to-node=\"17\"><b>Caterpillar <\/b><\/p>\n<ul data-path-to-node=\"18\">\n<li>\n<p data-path-to-node=\"18,0,0\">301.5, 301.6, 301.8, 302.5 (Maschinen mit Perkins Motor, nicht die Mitsubishi Versionen)<\/p>\n<\/li>\n<\/ul>\n<p data-path-to-node=\"19\"><b>Sch\u00e4ffer <\/b><\/p>\n<ul data-path-to-node=\"20\">\n<li>\n<p data-path-to-node=\"20,0,0\">2020, 2024, 2028, 2030, 2034, 217, 222, 2445<\/p>\n<\/li>\n<\/ul>\n<p data-path-to-node=\"21\"><b>Riese  <\/b><\/p>\n<ul data-path-to-node=\"22\">\n<li>\n<p data-path-to-node=\"22,0,0\">D204SW, D254SW, V452T (Modelle mit Perkins Motor)<\/p>\n<\/li>\n<\/ul>\n<p data-path-to-node=\"23\"><b>Terex \/ Genie<\/b><\/p>\n<ul data-path-to-node=\"24\">\n<li>\n<p data-path-to-node=\"24,0,0\">Verschiedene Lichtmasten und Arbeitsb\u00fchnen mit Perkins 400er-Serie Antrieb<\/p>\n<\/li>\n<\/ul>\n<p><strong>OEM zur Referenz<\/strong><\/p>\n<ul>\n<li data-path-to-node=\"9,0,0\">13056140, 130506140, ULPK0038, ULPK0041<\/li>\n<li data-path-to-node=\"9,1,0\">17\/927800<\/li>\n<li data-path-to-node=\"9,2,0\">256-6453, 446-5409<\/li>\n<li data-path-to-node=\"9,3,0\">1000192562<\/li>\n<li data-path-to-node=\"9,4,0\">060563001<\/li>\n<\/ul>\n","protected":false},"excerpt":{"rendered":"<p>Mechanische F\u00f6rderpumpe in Originalqualit\u00e4t f\u00fcr Perkins 400er-Serie und Shibaura Motoren. Diese Pumpe wird mechanisch von der Nockenwelle des Motors angetrieben. Sie ist speziell f\u00fcr kompakte Dieselmotoren konzipiert, die h\u00e4ufig in Minibaggern, Radladern und Traktoren eingesetzt werden. Die 13056140 ist ein zuverl\u00e4ssiger Ersatz, der direkt an der vorhandenen Stelle montiert werden kann. Sie sorgt f\u00fcr den&hellip;<\/p>\n","protected":false},"featured_media":182487,"comment_status":"closed","ping_status":"closed","template":"","meta":[],"product_cat":[8115],"product_tag":[],"class_list":{"0":"post-182243","1":"product","2":"type-product","3":"status-publish","4":"has-post-thumbnail","6":"product_cat-kraftstoffforderpumpe","7":"pa_merk-caterpillar-de","8":"pa_merk-giant-de","9":"pa_merk-jcb-de","10":"pa_merk-perkins-de","11":"pa_merk-schaffer-de","12":"pa_merk-shibaura-de","13":"pa_merk-terex-de","14":"pa_merk-weidemann-de","16":"first","17":"instock","18":"sale","19":"taxable","20":"shipping-taxable","21":"purchasable","22":"product-type-simple","23":"col-xs-6 col-sm-4","24":"col-md-3 col-lg-3","25":"un-4-cols"},"_links":{"self":[{"href":"https:\/\/shop4trac.com\/de\/wp-json\/wp\/v2\/product\/182243","targetHints":{"allow":["GET"]}}],"collection":[{"href":"https:\/\/shop4trac.com\/de\/wp-json\/wp\/v2\/product"}],"about":[{"href":"https:\/\/shop4trac.com\/de\/wp-json\/wp\/v2\/types\/product"}],"replies":[{"embeddable":true,"href":"https:\/\/shop4trac.com\/de\/wp-json\/wp\/v2\/comments?post=182243"}],"wp:featuredmedia":[{"embeddable":true,"href":"https:\/\/shop4trac.com\/de\/wp-json\/wp\/v2\/media\/182487"}],"wp:attachment":[{"href":"https:\/\/shop4trac.com\/de\/wp-json\/wp\/v2\/media?parent=182243"}],"wp:term":[{"taxonomy":"product_cat","embeddable":true,"href":"https:\/\/shop4trac.com\/de\/wp-json\/wp\/v2\/product_cat?post=182243"},{"taxonomy":"product_tag","embeddable":true,"href":"https:\/\/shop4trac.com\/de\/wp-json\/wp\/v2\/product_tag?post=182243"}],"curies":[{"name":"wp","href":"https:\/\/api.w.org\/{rel}","templated":true}]}}