{"id":182215,"date":"2025-12-10T18:41:18","date_gmt":"2025-12-10T16:41:18","guid":{"rendered":"https:\/\/shop4trac.com\/unkategorisiert\/kraftstoffpumpe-foerderpumpe-yanmar-3tnv70-4tnv98-elektrisch-2\/"},"modified":"2026-02-18T11:54:25","modified_gmt":"2026-02-18T10:54:25","slug":"kraftstoffpumpe-foerderpumpe-yanmar-3tnv70-4tnv98-elektrisch-2","status":"publish","type":"product","link":"https:\/\/shop4trac.com\/de\/motorteile\/kraftstoffforderpumpe\/kraftstoffpumpe-foerderpumpe-yanmar-3tnv70-4tnv98-elektrisch-2\/","title":{"rendered":"Kraftstoffpumpe | F\u00f6rderpumpe Yanmar 3TNV70 \u2013 4TNV98 | Elektrisch"},"content":{"rendered":"<p>Startprobleme oder Druckverlust bei starker Belastung? Oft ist die elektrische F\u00f6rderpumpe die Ursache. Diese 12V Kraftstoffpumpe ist ein direkt passendes Ersatzteil (&#8218;Direct Fit&#8216;) f\u00fcr die Yanmar TNV-Motoren.  <\/p>\n<p><strong>Technische Daten<\/strong><\/p>\n<ul>\n<li data-path-to-node=\"6,0,0\"><b>Spannung:<\/b> 12 Volt<\/li>\n<li data-path-to-node=\"6,1,0\"><b>Stromst\u00e4rke:<\/b> 1,5 A<\/li>\n<li data-path-to-node=\"6,2,0\"><b>Typ:<\/b> Elektrische Inline-Pumpe (2-poliger Stecker)<\/li>\n<li data-path-to-node=\"6,3,0\"><b>Anschluss:<\/b> 8 mm Schlaucht\u00fcllen (Ein\/Aus)<\/li>\n<li data-path-to-node=\"6,4,0\"><b>Druck:<\/b> ca. 0,03 MPa (Niederdruck-Vorf\u00f6rderpumpen)<\/li>\n<li data-path-to-node=\"6,5,0\"><b>Durchfluss:<\/b> 90 l\/h<\/li>\n<\/ul>\n<p><strong>Yanmar<\/strong><\/p>\n<ul>\n<li>Vio30, Vio35<\/li>\n<li>Vio45, Vio50, Vio55<\/li>\n<li>Vio57, Vio80<\/li>\n<li>SV100<\/li>\n<\/ul>\n<p><strong>Yanmar Motor<\/strong><\/p>\n<ul>\n<li data-path-to-node=\"4,0,1,0,0\">3TNV88 (H\u00e4ufigste Anwendung)<\/li>\n<li data-path-to-node=\"4,0,1,1,0\">3TNV84 \/ 3TNV84T<\/li>\n<li data-path-to-node=\"4,0,1,2,0\">3TNV70<\/li>\n<li data-path-to-node=\"4,0,1,3,0\">3TNV76<\/li>\n<li data-path-to-node=\"4,0,1,4,0\">3TNV82A<\/li>\n<li data-path-to-node=\"4,1,1,0,0\">4TNV88<\/li>\n<li data-path-to-node=\"4,1,1,1,0\">4TNV84 \/ 4TNV84T<\/li>\n<li data-path-to-node=\"4,1,1,2,0\">4TNV94 \/ 4TNV94L<\/li>\n<li data-path-to-node=\"4,1,1,3,0\">4TNV98 \/ 4TNV98T<\/li>\n<\/ul>\n<p><strong>Komatsu (Bagger &amp; Kompaktlader):<\/strong><\/p>\n<ul>\n<li>PC-Serie: PC30MR-2, PC30MR-3, PC35MR-2, PC35MR-3<\/li>\n<li>PC-Serie: PC45MR-3, PC55MR-3<\/li>\n<li>PC-Serie: PC20MR-2, PC27MR-2<\/li>\n<li>SK-Serie (Kompaktlader): SK714, SK815, SK820<\/li>\n<li>WA-Serie (Schaufeln): WA90-3<\/li>\n<\/ul>\n<p><strong>Takeuchi<\/strong> :<\/p>\n<ul>\n<li>TB230<\/li>\n<li>TB235, TB240<\/li>\n<li>TB260, TB290<\/li>\n<li>TB153FR<\/li>\n<\/ul>\n<p><strong>Hitachi<\/strong>:<\/p>\n<ul>\n<li>ZX30U-2, ZX30U-3<\/li>\n<li>ZX35U-2, ZX35U-3<\/li>\n<li>ZX40, ZX50<\/li>\n<\/ul>\n<p><strong>OEM zur Referenz<\/strong><\/p>\n<ul>\n<li>129612-52100<\/li>\n<\/ul>\n","protected":false},"excerpt":{"rendered":"<p>Startprobleme oder Druckverlust bei starker Belastung? Oft ist die elektrische F\u00f6rderpumpe die Ursache. Diese 12V Kraftstoffpumpe ist ein direkt passendes Ersatzteil (&#8218;Direct Fit&#8216;) f\u00fcr die Yanmar TNV-Motoren. Technische Daten Spannung: 12 Volt Stromst\u00e4rke: 1,5 A Typ: Elektrische Inline-Pumpe (2-poliger Stecker) Anschluss: 8 mm Schlaucht\u00fcllen (Ein\/Aus) Druck: ca. 0,03 MPa (Niederdruck-Vorf\u00f6rderpumpen) Durchfluss: 90 l\/h Yanmar Vio30,&hellip;<\/p>\n","protected":false},"featured_media":182528,"comment_status":"","ping_status":"closed","template":"","meta":[],"product_cat":[8115],"product_tag":[],"class_list":{"0":"post-182215","1":"product","2":"type-product","3":"status-publish","4":"has-post-thumbnail","6":"product_cat-kraftstoffforderpumpe","7":"pa_merk-hitachi-de","8":"pa_merk-takeuchi-de","9":"pa_merk-yanmar-de","11":"first","12":"outofstock","13":"sale","14":"taxable","15":"shipping-taxable","16":"purchasable","17":"product-type-simple","18":"col-xs-6 col-sm-4","19":"col-md-3 col-lg-3","20":"un-4-cols"},"_links":{"self":[{"href":"https:\/\/shop4trac.com\/de\/wp-json\/wp\/v2\/product\/182215","targetHints":{"allow":["GET"]}}],"collection":[{"href":"https:\/\/shop4trac.com\/de\/wp-json\/wp\/v2\/product"}],"about":[{"href":"https:\/\/shop4trac.com\/de\/wp-json\/wp\/v2\/types\/product"}],"replies":[{"embeddable":true,"href":"https:\/\/shop4trac.com\/de\/wp-json\/wp\/v2\/comments?post=182215"}],"wp:featuredmedia":[{"embeddable":true,"href":"https:\/\/shop4trac.com\/de\/wp-json\/wp\/v2\/media\/182528"}],"wp:attachment":[{"href":"https:\/\/shop4trac.com\/de\/wp-json\/wp\/v2\/media?parent=182215"}],"wp:term":[{"taxonomy":"product_cat","embeddable":true,"href":"https:\/\/shop4trac.com\/de\/wp-json\/wp\/v2\/product_cat?post=182215"},{"taxonomy":"product_tag","embeddable":true,"href":"https:\/\/shop4trac.com\/de\/wp-json\/wp\/v2\/product_tag?post=182215"}],"curies":[{"name":"wp","href":"https:\/\/api.w.org\/{rel}","templated":true}]}}