{"id":181925,"date":"2025-12-08T23:01:52","date_gmt":"2025-12-08T21:01:52","guid":{"rendered":"https:\/\/shop4trac.com\/unkategorisiert\/oelwanne-stopfen-motoroel-ablassschraube-dichtung-mitsubishi-iseki-mahindra-k3a-k4f-ke70-ke75-l2a-l3e\/"},"modified":"2026-01-20T19:11:56","modified_gmt":"2026-01-20T18:11:56","slug":"oelwanne-stopfen-motoroel-ablassschraube-dichtung-mitsubishi-iseki-mahindra-k3a-k4f-ke70-ke75-l2a-l3e","status":"publish","type":"product","link":"https:\/\/shop4trac.com\/de\/filter\/filter-satz\/oelwanne-stopfen-motoroel-ablassschraube-dichtung-mitsubishi-iseki-mahindra-k3a-k4f-ke70-ke75-l2a-l3e\/","title":{"rendered":"\u00d6lwanne Stopfen Motor\u00f6l-Ablassschraube Dichtung | Mitsubishi | Iseki | Mahindra K3A- K4F | KE70- KE75 | L2A \u2013 L3E"},"content":{"rendered":"<h4 data-path-to-node=\"2\">\u00d6lwannenstopfenring \/ Dichtung 14mm (Mitsubishi Industrial | Lombardini)<\/h4>\n<p data-path-to-node=\"3\"><b>Hochwertiger Kupfer-Dichtring f\u00fcr die \u00d6lablassschraube | Motor\u00f6l-Ablassschraube. Speziell geeignet f\u00fcr Mitsubishi Industrial Motoren (L-Serie &amp; S-Serie), die in Microcars, Minibaggern und Traktoren eingesetzt werden. <\/b><\/p>\n<p data-path-to-node=\"4\">Dieser Dichtring garantiert eine perfekte Abdichtung der \u00d6lwanne. Bei Wartungsarbeiten an industriellen Dieselmotoren und Microcars ist es unerl\u00e4sslich, diesen Ring pr\u00e4ventiv zu ersetzen, um \u00d6lleckagen und Druckverlust zu vermeiden. Der Ring passt sich der Dichtfl\u00e4che der \u00d6lwanne an und sorgt f\u00fcr eine hermetische Abdichtung.  <\/p>\n<h5 data-path-to-node=\"5\">Produktspezifikationen<\/h5>\n<ul>\n<li data-path-to-node=\"6,0,0\"><b>Innendurchmesser:<\/b> 14 mm<\/li>\n<li data-path-to-node=\"6,1,0\"><b>Au\u00dfendurchmesser:<\/b> 20 mm<\/li>\n<li data-path-to-node=\"6,2,0\"><b>Dicke:<\/b> 1,5 mm<\/li>\n<\/ul>\n<p>Geeignet f\u00fcr die folgenden Modelle<\/p>\n<p>Mitsubishi Motor<\/p>\n<p class=\"p1\"><b>Modelle<\/b><b><\/b><\/p>\n<ul>\n<li>K3A, K3B, K3C, K3D, K3E, K3F,<\/li>\n<li>K4A, K4B, K4C, K4D, K4E, K4F,<\/li>\n<li>KE70, KE75,<\/li>\n<li>L2A, L2C, L2E,<\/li>\n<li>L3A, L3C, L3E<\/li>\n<\/ul>\n<p><strong>AMI<\/strong><\/p>\n<ul>\n<li>GS0011M32S, GS0006M32S<\/li>\n<\/ul>\n<p><strong>ATLAS<\/strong><\/p>\n<ul>\n<li>AM15R, AM16R, AM21R<\/li>\n<\/ul>\n<p><strong>Beaver<\/strong> (Satoh)<\/p>\n<ul>\n<li>S370<\/li>\n<\/ul>\n<p><strong>Bobcat<\/strong><\/p>\n<ul>\n<li>X119, X125<\/li>\n<\/ul>\n<p><strong>Bolens<\/strong><\/p>\n<ul>\n<li>G152, G154, G172, G174<\/li>\n<\/ul>\n<p><strong>Case<\/strong><\/p>\n<ul>\n<li>234, CX15B Serie 2, CX17B ZTS, CX18B Serie 2, IH245<\/li>\n<\/ul>\n<p><strong>Casalini<\/strong><\/p>\n<ul>\n<li>M10<\/li>\n<\/ul>\n<p><strong>Caterpillar<\/strong><\/p>\n<ul>\n<li>WS200<\/li>\n<\/ul>\n<p><strong>Pokal Kadett<\/strong><\/p>\n<ul>\n<li>7193, 7194<\/li>\n<\/ul>\n<p><strong>Daewoo Doosan<\/strong><\/p>\n<ul>\n<li>SOLAR015+, SOLAR015 PLUS, SOLAR018VT<\/li>\n<\/ul>\n<p><strong>Deutz-Fahr<\/strong><\/p>\n<ul>\n<li>Agrokid25A, Agrokid25A\/HST<\/li>\n<\/ul>\n<p><strong>Dulevo<\/strong><\/p>\n<ul>\n<li>Sweeper120RM<\/li>\n<\/ul>\n<p><strong>Eurocomach<\/strong><\/p>\n<ul>\n<li>ES150.3, ES180.3<\/li>\n<\/ul>\n<p><strong>Eurotrac<\/strong><\/p>\n<ul>\n<li>VST180D<\/li>\n<\/ul>\n<p><strong>Ferrari<\/strong><\/p>\n<ul>\n<li>K3E Motor<\/li>\n<\/ul>\n<p><strong>Hanix<\/strong><\/p>\n<ul>\n<li>H22B, N06, N11, N120, N150-2, N220, N230-2, N250, N300, S&amp;B15SR, S&amp;B25, S&amp;B25III<\/li>\n<\/ul>\n<p><strong>Hitachi Baumaschinen<\/strong><\/p>\n<ul>\n<li>UE20, UE005<\/li>\n<\/ul>\n<p><strong>Hyundai Heavy Industries<\/strong><\/p>\n<ul>\n<li>R15-7, R16-7, R16-9, R22-7, Robex15-7, Robex16-7, Robex22-7<\/li>\n<\/ul>\n<p><strong>Ingersoll Rand<\/strong><\/p>\n<ul>\n<li>FX130, G8<\/li>\n<\/ul>\n<p><strong>Iseki<\/strong><\/p>\n<ul>\n<li>TX1300, TX1300F, TX1410, TX1410F, TX145, TX145F, TX1500, TX1510, TX1510F, TX155, TX155F, TX2140, TX2140F, TX2160, TX2160F, TX2160T,<\/li>\n<li>TU120, TU120F, TU130F, TU140, TU1400, TU1400F, TU145, TU1500, TU1500F, TU155, TU157, TU160, TU1600, TU165, TU170, TU170F, TU175, TU175F, TU177, TU177F<\/li>\n<\/ul>\n<p><strong>Kobelco<\/strong><\/p>\n<ul>\n<li>SK70SR, SK70SR-3<\/li>\n<\/ul>\n<p><strong>Lamborghini<\/strong><\/p>\n<ul>\n<li>Runner250, Runner250Jet<\/li>\n<\/ul>\n<p><strong>MAHINDRA<\/strong><\/p>\n<ul>\n<li>MAX25, MAX26, 1626, 2415<\/li>\n<\/ul>\n<p><strong>Magnum<\/strong><\/p>\n<ul>\n<li>MLG8, MLT3060, MLT3080, MLT4060, MLT4080, MLT5060, MLT5080<\/li>\n<\/ul>\n<p><strong>Meirei<\/strong><\/p>\n<ul>\n<li>BS400F<\/li>\n<\/ul>\n<p><strong>Mitsubishi<\/strong><\/p>\n<ul>\n<li>D1300, D1350, D1450, D1450FD, D1500, D1550, D1550FD, D1650, D1850,<\/li>\n<li>GF130PYS1W, MC2400, MC2450, ME15, MM15T, MM20, MM20CR, MM20SR, MM20T, MM25, MT1301, MT1401, MT160, MT160D, MT1601, MT1601D, MT17, MT18, MT20D, MT20MS4, MT21, MT22, MT23, MT24, MT25, MT26, MT27, MT30, MT33, MT372, MT470D,<\/li>\n<li>TU42D, TU42DX, TNW4E, TNW4EA, TNW5E, TNW5EA<\/li>\n<\/ul>\n<p><strong>Mitsubishi Baumaschinen<\/strong><\/p>\n<ul>\n<li>ME20, MM25<\/li>\n<\/ul>\n<p><strong>Mitsubishi Motor<\/strong><\/p>\n<p>K3A, K3B, K3C, K3D, K3D-61TG, K3E, K3E-31DS, K3E31-DB, K4A, K4B, K4C, K4C-61WH, K4D, K4E, K4F,<br \/>\nKE75, KE75-61SS, KE75-61WH,<br \/>\nL2A, L2C, L2E, L2E-31MR, L2E-61ES, L2E-61SDH, L2E-61WH,<br \/>\nL3A, L3C, L3E, L3E2, L3E2-65ESB, L3E-SD, L3E-SDH, L3E-31KS, L3E-31NCN, L3E-31NS, L3E-31NSA, L3E-61HMG, L3E-61R, L3E-61SD, L3E-61SDH, L3E-6ACAM, L3E-W231KBS, L3E-W231NSA, L3E-W431KBS, L3E-W431NSA, L3E-W461DPP Tier4Final, L3E-W462KL, L3E-W462KLY, L3E-62KL, L3E-63ES<\/p>\n<p><strong>Moffett<\/strong><\/p>\n<p><strong>Gabelstapler<\/strong><\/p>\n<p><strong>Nagano<\/strong><\/p>\n<p>NS15-3, NS16-3<\/p>\n<p><strong>New Holland<\/strong><\/p>\n<ul>\n<li>E16, E16B, E16 Evolution, E18, E18B, E18 Evolution, E18SR, EC15<\/li>\n<\/ul>\n<p><strong>Noda<\/strong><\/p>\n<ul>\n<li>NR1301, Nr1301<\/li>\n<\/ul>\n<p><strong>O&amp;K<\/strong><\/p>\n<ul>\n<li>RH1,17, RH1,21<\/li>\n<\/ul>\n<p><strong>Pel Job<\/strong><\/p>\n<ul>\n<li>EB10, EB11, EB12, EB12.4, EB14, EB14.4, EB16, EB16.4, EB22, EB22.4, EB28.4, EB150, EB200, LS286<\/li>\n<\/ul>\n<p><strong>Ref-Trans<\/strong><\/p>\n<ul>\n<li>Cooling Unit, Ref-Unit<\/li>\n<\/ul>\n<p><strong>Ransomes Jacobsen<\/strong><\/p>\n<ul>\n<li>4000T-23D<\/li>\n<\/ul>\n<p><strong>Samofa<\/strong><\/p>\n<ul>\n<li>Industrial L3E2, K3B Motor, Standard Industrial<\/li>\n<\/ul>\n<p><strong>Satoh<\/strong><\/p>\n<ul>\n<li>BeaverIII, S373, S470 Buck, S470D Buck, ST1300, ST1300D, ST1420, ST1440, ST1510, ST1620, ST1640, ST1820, ST1840, ST2020, ST2040, ST2320, ST2340<\/li>\n<\/ul>\n<p><strong>Same<\/strong><\/p>\n<ul>\n<li>Solaris25<\/li>\n<\/ul>\n<p><strong>Schaeff Terex<\/strong><\/p>\n<ul>\n<li>HR02, HR3, HR4, HR4A, SKL808<\/li>\n<\/ul>\n<p><strong>Seimitsu<\/strong><\/p>\n<ul>\n<li>GenSet, SDG10, SX4.5R<\/li>\n<\/ul>\n<p><strong>Seisakusho<\/strong><\/p>\n<ul>\n<li>DumperDW10, Arbeitsb\u00fchne<\/li>\n<\/ul>\n<p><strong>Sol\u00e9 Diesel<\/strong><\/p>\n<ul>\n<li>G5-28V, G-6M-15, G-8M-3, G-8T-3, G-15M-3, G-15T-3, Marine Application, Marine Gen Set, Marine Mini11\/E, Marine Mini17, Marine Mini18, Mini23, Mini26, Sail-Drive Mini26<\/li>\n<\/ul>\n<p><strong>Suzue<\/strong><\/p>\n<ul>\n<li>M1301, M1301D, ST1520, ST1540<\/li>\n<\/ul>\n<p><strong>Takagi<\/strong><\/p>\n<ul>\n<li>SBR900C<\/li>\n<\/ul>\n<p><strong>Teksan Generator<\/strong><\/p>\n<ul>\n<li>TJ10MS<\/li>\n<\/ul>\n<p><strong>Terex<\/strong><\/p>\n<ul>\n<li>SKL808, TC16, TC20<\/li>\n<\/ul>\n<p><strong>Terex-Schaeff<\/strong><\/p>\n<ul>\n<li>HR3, HR4, HR4A<\/li>\n<\/ul>\n<p><strong>Toro<\/strong><\/p>\n<ul>\n<li>GM62, GM223D, GM324D, GM325D, Groundsmaster217D, Groundsmaster223D, Groundsmaster323D, Groundsmaster324D, Reelmaster223D, Reelmaster5100D<\/li>\n<\/ul>\n<p><strong>Trixon<\/strong><\/p>\n<ul>\n<li>N4500<\/li>\n<\/ul>\n<p><strong>Triton<\/strong><\/p>\n<ul>\n<li>15\/6.5<\/li>\n<\/ul>\n<p><strong>Vetus Marine<\/strong><\/p>\n<ul>\n<li>M2.06, M3.10, M3.28<\/li>\n<\/ul>\n<p><strong>Volvo<\/strong><\/p>\n<p>EC13XR, EC13XTV, EC14, EC15XT, EC15XR, EC15XTV, EC15BXR, EC15BXT, EC15BXT V, EX15XR<\/p>\n<p><strong>Weidemann<\/strong><\/p>\n<ul>\n<li>1002\/M, 1302D\/M, 811D\/M, 912D\/M, 914D\/M, 916D\/M, 1502D\/M<\/li>\n<\/ul>\n<p>&nbsp;<\/p>\n<p><strong>OEM zur Referenz<\/strong><\/p>\n<ul>\n<li>5663-000-3120-0<\/li>\n<li>5650-040-713-70, 5650-040-7137-0, 565004071370<\/li>\n<li>MD000312<\/li>\n<\/ul>\n<p>&nbsp;<\/p>\n","protected":false},"excerpt":{"rendered":"<p>\u00d6lwannenstopfenring \/ Dichtung 14mm (Mitsubishi Industrial | Lombardini) Hochwertiger Kupfer-Dichtring f\u00fcr die \u00d6lablassschraube | Motor\u00f6l-Ablassschraube. Speziell geeignet f\u00fcr Mitsubishi Industrial Motoren (L-Serie &amp; S-Serie), die in Microcars, Minibaggern und Traktoren eingesetzt werden. Dieser Dichtring garantiert eine perfekte Abdichtung der \u00d6lwanne. Bei Wartungsarbeiten an industriellen Dieselmotoren und Microcars ist es unerl\u00e4sslich, diesen Ring pr\u00e4ventiv zu ersetzen,&hellip;<\/p>\n","protected":false},"featured_media":181914,"comment_status":"","ping_status":"closed","template":"","meta":[],"product_cat":[382,8103,15474,385],"product_tag":[],"class_list":{"0":"post-181925","1":"product","2":"type-product","3":"status-publish","4":"has-post-thumbnail","6":"product_cat-filter-satz","7":"product_cat-dichtungen","8":"product_cat-motorol","9":"product_cat-oelfilter","10":"pa_merk-atlas-de","11":"pa_merk-bolens-de","12":"pa_merk-deutz-de","13":"pa_merk-eurocomach-de","14":"pa_merk-eurotrac-de","15":"pa_merk-ferrari-agri-de","16":"pa_merk-hitachi-de","17":"pa_merk-iseki-de","18":"pa_merk-kobelco-de","19":"pa_merk-lamborghini-de","20":"pa_merk-mitsubishi-de","21":"pa_merk-peljob-de","22":"pa_merk-ransomes-de","23":"pa_merk-samofa-de","24":"pa_merk-satoh-de","25":"pa_merk-sole-diesel-de","26":"pa_merk-suzue-de","27":"pa_merk-terex-de","28":"pa_merk-volvo-de","29":"pa_merk-weidemann-de","31":"first","32":"instock","33":"sale","34":"taxable","35":"shipping-taxable","36":"purchasable","37":"product-type-simple","38":"col-xs-6 col-sm-4","39":"col-md-3 col-lg-3","40":"un-4-cols"},"_links":{"self":[{"href":"https:\/\/shop4trac.com\/de\/wp-json\/wp\/v2\/product\/181925","targetHints":{"allow":["GET"]}}],"collection":[{"href":"https:\/\/shop4trac.com\/de\/wp-json\/wp\/v2\/product"}],"about":[{"href":"https:\/\/shop4trac.com\/de\/wp-json\/wp\/v2\/types\/product"}],"replies":[{"embeddable":true,"href":"https:\/\/shop4trac.com\/de\/wp-json\/wp\/v2\/comments?post=181925"}],"wp:featuredmedia":[{"embeddable":true,"href":"https:\/\/shop4trac.com\/de\/wp-json\/wp\/v2\/media\/181914"}],"wp:attachment":[{"href":"https:\/\/shop4trac.com\/de\/wp-json\/wp\/v2\/media?parent=181925"}],"wp:term":[{"taxonomy":"product_cat","embeddable":true,"href":"https:\/\/shop4trac.com\/de\/wp-json\/wp\/v2\/product_cat?post=181925"},{"taxonomy":"product_tag","embeddable":true,"href":"https:\/\/shop4trac.com\/de\/wp-json\/wp\/v2\/product_tag?post=181925"}],"curies":[{"name":"wp","href":"https:\/\/api.w.org\/{rel}","templated":true}]}}