{"id":18126,"date":"2020-02-29T16:46:25","date_gmt":"2020-02-29T15:46:25","guid":{"rendered":"https:\/\/shop4trac.com\/product\/motorueberholung-iseki-tx-1510\/"},"modified":"2025-08-01T18:46:36","modified_gmt":"2025-08-01T16:46:36","slug":"motorueberholung-iseki-tx-1510","status":"publish","type":"product","link":"https:\/\/shop4trac.com\/de\/motorteile\/motoruberholungskit\/motorueberholung-iseki-tx-1510\/","title":{"rendered":"Mitsubishi K3B \u00dcberholungssatz | Bolens | Wei\u00df | Satoh | Fall | Satoh | Schaeff Terex | Hanix"},"content":{"rendered":"<p>\u00dcberholungssatz | Motor\u00fcberholungssatz | Reparatursatz passend f\u00fcr alle <span style=\"text-decoration: underline\">Mitsubishi K3B Motoren<\/span><\/p>\n<p>Das Set besteht aus:<\/p>\n<ul>\n<li>Komplettes Paket mit Dichtungen f\u00fcr; Kopfdichtung (Satz), Kurbelwellenlager, Ventilschaftdichtungen, Auslassdichtungen, Einlassdichtungen, Dichtungen und andere Dichtungen wie abgebildet.<\/li>\n<li>3 komplette Kolben+Kolbenringe<\/li>\n<li>Allgemeiner Lagersatz mit; Pleuellager, Hauptlager<\/li>\n<li>Bohrung: 68mm<\/li>\n<\/ul>\n<p>Modellreihe passend zum Mitsubishi K3B<\/p>\n<p><span style=\"text-decoration: underline\"><strong>Bitte teilen Sie uns mit, ob Sie Flachkolben oder Kolben mit Aussparung ben\u00f6tigen.<\/strong><\/span><\/p>\n<p><strong>Iseki<\/strong><\/p>\n<ul>\n<li>TX155, TX1510<\/li>\n<li>TU140, TU145, TU1500<\/li>\n<li>TX1210<\/li>\n<\/ul>\n<p><strong>Bolens<\/strong><\/p>\n<ul>\n<li>G172 \u2013 nur mit 3-Zylinder-Motor!<\/li>\n<li>H1704<\/li>\n<\/ul>\n<p><strong>Wei\u00dfes Feld Boss<\/strong><\/p>\n<ul>\n<li>FB-16<\/li>\n<\/ul>\n<p><strong>Mitsubishi<\/strong><\/p>\n<ul>\n<li>D1100, D1550<\/li>\n<li>MT1401, MT1801<\/li>\n<\/ul>\n<p><strong>Mitsubishi-Motor<\/strong><\/p>\n<ul>\n<li>K2B, K3B<\/li>\n<\/ul>\n<p><strong>Satoh<\/strong><\/p>\n<ul>\n<li>ST1520, ST1540, ST2020, ST2040<\/li>\n<\/ul>\n<p><strong>Gr\u00f6\u00dfe<\/strong><\/p>\n<ul>\n<li>68mm<\/li>\n<\/ul>\n<p>Andere Maschinen:<\/p>\n<p><strong>Fall <\/strong><\/p>\n<ul>\n<li>234<\/li>\n<\/ul>\n<p><strong>Iseki<\/strong><\/p>\n<ul>\n<li>TU140, TU145, TU1500, TX155, TX1510, TX2160<\/li>\n<li>TU1500F, TX1510F, TX155F, TX2160F, TX2160T<\/li>\n<\/ul>\n<p><strong>Mitsubishi<\/strong><\/p>\n<ul>\n<li>D1550, D1550FD, MT1401<\/li>\n<li>MT470D, ME15, ZR02, MT470D<\/li>\n<\/ul>\n<p><strong>Satoh<\/strong><\/p>\n<ul>\n<li>S470 Buck, S470D Buck<\/li>\n<\/ul>\n<p><strong>Suzue<\/strong><\/p>\n<ul>\n<li>ST1520, ST1540<\/li>\n<\/ul>\n<p><strong>Wei\u00dfes Feld Boss<\/strong><\/p>\n<ul>\n<li>FB-16<\/li>\n<\/ul>\n<p><strong>Pel Job<\/strong><\/p>\n<ul>\n<li>EB14, EB12, EB11<\/li>\n<\/ul>\n<p><strong>Samofa<\/strong><\/p>\n<ul>\n<li>K3B-Motor<\/li>\n<\/ul>\n<p><strong>Schaeff Terex<\/strong><\/p>\n<ul>\n<li>HR02<\/li>\n<\/ul>\n<p><strong>Seimitsu<\/strong><\/p>\n<ul>\n<li>SX-4.5R, SDG10<\/li>\n<\/ul>\n<p><strong>Hanix<\/strong><\/p>\n<ul>\n<li>N06, N120, N150-2<\/li>\n<\/ul>\n","protected":false},"excerpt":{"rendered":"<p>\u00dcberholungssatz | Motor\u00fcberholungssatz | Reparatursatz passend f\u00fcr alle Mitsubishi K3B Motoren Das Set besteht aus: Komplettes Paket mit Dichtungen f\u00fcr; Kopfdichtung (Satz), Kurbelwellenlager, Ventilschaftdichtungen, Auslassdichtungen, Einlassdichtungen, Dichtungen und andere Dichtungen wie abgebildet. 3 komplette Kolben+Kolbenringe Allgemeiner Lagersatz mit; Pleuellager, Hauptlager Bohrung: 68mm Modellreihe passend zum Mitsubishi K3B Bitte teilen Sie uns mit, ob Sie Flachkolben&hellip;<\/p>\n","protected":false},"featured_media":32902,"comment_status":"open","ping_status":"closed","template":"","meta":[],"product_cat":[412],"product_tag":[2553,3895],"class_list":{"0":"post-18126","1":"product","2":"type-product","3":"status-publish","4":"has-post-thumbnail","6":"product_cat-motoruberholungskit","7":"product_tag-k3b-de","8":"product_tag-snelparts-de","9":"pa_merk-case-de","10":"pa_merk-hanix-de","11":"pa_merk-iseki-de","12":"pa_merk-mitsubishi-de","13":"pa_merk-peljob-de","14":"pa_merk-satoh-de","15":"pa_merk-terex-de","16":"pa_motor-k3b-de","18":"first","19":"instock","20":"sale","21":"taxable","22":"shipping-taxable","23":"purchasable","24":"product-type-simple","25":"col-xs-6 col-sm-4","26":"col-md-3 col-lg-3","27":"un-4-cols"},"_links":{"self":[{"href":"https:\/\/shop4trac.com\/de\/wp-json\/wp\/v2\/product\/18126","targetHints":{"allow":["GET"]}}],"collection":[{"href":"https:\/\/shop4trac.com\/de\/wp-json\/wp\/v2\/product"}],"about":[{"href":"https:\/\/shop4trac.com\/de\/wp-json\/wp\/v2\/types\/product"}],"replies":[{"embeddable":true,"href":"https:\/\/shop4trac.com\/de\/wp-json\/wp\/v2\/comments?post=18126"}],"wp:featuredmedia":[{"embeddable":true,"href":"https:\/\/shop4trac.com\/de\/wp-json\/wp\/v2\/media\/32902"}],"wp:attachment":[{"href":"https:\/\/shop4trac.com\/de\/wp-json\/wp\/v2\/media?parent=18126"}],"wp:term":[{"taxonomy":"product_cat","embeddable":true,"href":"https:\/\/shop4trac.com\/de\/wp-json\/wp\/v2\/product_cat?post=18126"},{"taxonomy":"product_tag","embeddable":true,"href":"https:\/\/shop4trac.com\/de\/wp-json\/wp\/v2\/product_tag?post=18126"}],"curies":[{"name":"wp","href":"https:\/\/api.w.org\/{rel}","templated":true}]}}