{"id":181226,"date":"2025-11-30T23:51:45","date_gmt":"2025-11-30T21:51:45","guid":{"rendered":"https:\/\/shop4trac.com\/unkategorisiert\/ueberholungssatz-mitsubishi-k4e-indirekte-einspritzung-mitsubishi-vetus-weidemann\/"},"modified":"2025-11-30T23:58:01","modified_gmt":"2025-11-30T21:58:01","slug":"ueberholungssatz-mitsubishi-k4e-indirekte-einspritzung-mitsubishi-vetus-weidemann","status":"publish","type":"product","link":"https:\/\/shop4trac.com\/de\/motorteile\/motoruberholungskit\/ueberholungssatz-mitsubishi-k4e-indirekte-einspritzung-mitsubishi-vetus-weidemann\/","title":{"rendered":"\u00dcberholungssatz Mitsubishi K4E \u2013 Indirekte Einspritzung | Mitsubishi | Vetus | Weidemann"},"content":{"rendered":"<p class=\"p1\">Dieser komplette \u00dcberholungssatz ist geeignet f\u00fcr den Mitsubishi K4E 4-Zylinder-Motor mit <span style=\"text-decoration: underline;\"><strong>IN<\/strong><strong>direkter<\/strong><\/span><span style=\"text-decoration: underline;\"><strong> Einspritzung<\/strong><\/span>. Der Satz ist nach OEM-Spezifikationen zusammengestellt und enth\u00e4lt alle wesentlichen Teile f\u00fcr eine vollst\u00e4ndige, dauerhafte und zuverl\u00e4ssige Motor\u00fcberholung. Ideal bei Leistungsverlust, \u00d6lleckage, Blow-by oder verminderter Kompression.  <\/p>\n<p><span style=\"text-decoration: underline;\">Auf alle K4E Motoren anwendbar! Einziger Unterschied sind die Kolben; achte hierauf. Schau ansonsten nach dem Satz mit der direkten Einspritzung.  <\/span><\/p>\n<h4><b>Inhalt des \u00dcberholungssatzes<\/b><\/h4>\n<h5><b>Dichtungssatz<\/b><\/h5>\n<ul>\n<li>\n<p class=\"p1\">Kopfdichtung (76mm Bohrung)<\/p>\n<\/li>\n<li>\n<p class=\"p1\">Einlass- und Auslassdichtungen<\/p>\n<\/li>\n<li>\n<p class=\"p1\">Ventilschaftdichtungen<\/p>\n<\/li>\n<li>\n<p class=\"p1\">\u00d6lkeerringe vorne und hinten<\/p>\n<\/li>\n<li>\n<p class=\"p1\">Diverse zus\u00e4tzliche Dichtungen (wie abgebildet)<\/p>\n<\/li>\n<\/ul>\n<h5><b>Kolbensatz \u2013 4 komplette Kolben mit Kolbenringen (STD \u00b7 76 mm)<\/b><\/h5>\n<ul>\n<li>\n<p class=\"p1\">4 Kolben (76 mm Bohrung) <span style=\"text-decoration: underline;\"><strong>in<\/strong><strong>direkte Einspritzung!<\/strong><\/span><\/p>\n<\/li>\n<li>\n<p class=\"p1\">4 S\u00e4tze Kolbenringe<\/p>\n<\/li>\n<li>\n<p class=\"p1\">Indirekt-Einspritzung Ausf\u00fchrung<\/p>\n<p class=\"p1\">F\u00fcr optimale Kompression, saubere Verbrennung und maximale Zuverl\u00e4ssigkeit.<\/p>\n<\/li>\n<\/ul>\n<h5><b>Lagersatz<\/b><\/h5>\n<ul>\n<li>\n<p class=\"p1\">Pleuellager (STD)<\/p>\n<p class=\"p1\"><i>(\u00dcberma\u00df gew\u00fcnscht? Vermelden Sie dies beim Abrechnen.)<\/i><i><\/i><\/p>\n<\/li>\n<li>\n<p class=\"p1\">Hauptlager \/ Kurbelwellenlager (STD)<\/p>\n<p class=\"p1\"><i>(\u00dcberma\u00df gew\u00fcnscht? Vermelden Sie dies beim Abrechnen.)<\/i><i><\/i><\/p>\n<\/li>\n<li>\n<p class=\"p1\">Axiallager (Anlaufscheibe)<\/p>\n<\/li>\n<\/ul>\n<h5><b>Ventilschaft<\/b><\/h5>\n<ul>\n<li>\n<p class=\"p1\">Ventilf\u00fchrungen<\/p>\n<\/li>\n<\/ul>\n<hr>\n<p>\u2714\ufe0f<br \/>\nKompatible Modelle<br \/>\n<strong>Mitsubishi<\/strong><\/p>\n<ul>\n<li>K4E<\/li>\n<li>MT21, MT22, MT23, MT24, MT2501<\/li>\n<\/ul>\n<p><strong>Suzue<\/strong><\/p>\n<ul>\n<li>MT21, MT22, MT23, MT24, MT2501<\/li>\n<\/ul>\n<p><strong>MAM (Mitsubishi Agricultural Machinery Co., Ltd.)<\/strong><\/p>\n<ul>\n<li>MA35<\/li>\n<\/ul>\n<p><strong>Hitachi Baumaschinen<\/strong><\/p>\n<ul>\n<li>UE30, UE40<\/li>\n<\/ul>\n<p><strong>Mitsubishi Baumaschinen<\/strong><\/p>\n<ul>\n<li>ME25, ME35, MX35, MX45<\/li>\n<\/ul>\n<p><strong>Sabb<\/strong><\/p>\n<ul>\n<li>Marine K4E<\/li>\n<li>Marine \u2013 allgemeine Anwendung K4E<\/li>\n<\/ul>\n<p><strong>Zeppelin<\/strong><\/p>\n<ul>\n<li>ZR8<\/li>\n<\/ul>\n<p><strong>Moffett<\/strong><\/p>\n<ul>\n<li>Mounty<\/li>\n<\/ul>\n<p><strong>Samofa<\/strong><\/p>\n<ul>\n<li>Standard \/ Industrial K4E<\/li>\n<\/ul>\n<p><strong>Vetus<\/strong><\/p>\n<ul>\n<li>M4.14<\/li>\n<\/ul>\n<p><strong>Hanix<\/strong><\/p>\n<ul>\n<li>S&amp;B20S, M212T, M315T, N21, N260, N350<\/li>\n<\/ul>\n<p><strong>Terex-Schaeff<\/strong><\/p>\n<ul>\n<li>HR10, HR5, HR8<\/li>\n<\/ul>\n<p><strong>Furukawa<\/strong><\/p>\n<ul>\n<li>FL30<\/li>\n<\/ul>\n<p><strong>Flieger<\/strong><\/p>\n<ul>\n<li>Baggerlader, Airman (diverse Anwendungen)<\/li>\n<\/ul>\n<p><strong>Pel Job<\/strong><\/p>\n<ul>\n<li>LS386, LS2000<\/li>\n<\/ul>\n<p><strong>Weidemann<\/strong><\/p>\n<ul>\n<li>1705D\/M, 917D\/M, 919D\/M, 1802BLD\/M<\/li>\n<\/ul>\n<p><strong>HFL<\/strong><\/p>\n<ul>\n<li>H4G20M3<\/li>\n<\/ul>\n<p><strong>Hokuetsu<\/strong><\/p>\n<ul>\n<li>HM30S, HM30S-2, HM35S, HM35S-2<\/li>\n<\/ul>\n<p>&nbsp;<\/p>\n","protected":false},"excerpt":{"rendered":"<p>Dieser komplette \u00dcberholungssatz ist geeignet f\u00fcr den Mitsubishi K4E 4-Zylinder-Motor mit INdirekter Einspritzung. Der Satz ist nach OEM-Spezifikationen zusammengestellt und enth\u00e4lt alle wesentlichen Teile f\u00fcr eine vollst\u00e4ndige, dauerhafte und zuverl\u00e4ssige Motor\u00fcberholung. Ideal bei Leistungsverlust, \u00d6lleckage, Blow-by oder verminderter Kompression. Auf alle K4E Motoren anwendbar! Einziger Unterschied sind die Kolben; achte hierauf. Schau ansonsten nach dem&hellip;<\/p>\n","protected":false},"featured_media":196983,"comment_status":"","ping_status":"closed","template":"","meta":[],"product_cat":[412],"product_tag":[],"class_list":{"0":"post-181226","1":"product","2":"type-product","3":"status-publish","4":"has-post-thumbnail","6":"product_cat-motoruberholungskit","7":"pa_merk-airman-de","8":"pa_merk-hanix-de","9":"pa_merk-hitachi-de","10":"pa_merk-mitsubishi-de","11":"pa_merk-peljob-de","12":"pa_merk-suzue-de","14":"first","15":"instock","16":"sale","17":"taxable","18":"shipping-taxable","19":"purchasable","20":"product-type-simple","21":"col-xs-6 col-sm-4","22":"col-md-3 col-lg-3","23":"un-4-cols"},"_links":{"self":[{"href":"https:\/\/shop4trac.com\/de\/wp-json\/wp\/v2\/product\/181226","targetHints":{"allow":["GET"]}}],"collection":[{"href":"https:\/\/shop4trac.com\/de\/wp-json\/wp\/v2\/product"}],"about":[{"href":"https:\/\/shop4trac.com\/de\/wp-json\/wp\/v2\/types\/product"}],"replies":[{"embeddable":true,"href":"https:\/\/shop4trac.com\/de\/wp-json\/wp\/v2\/comments?post=181226"}],"wp:featuredmedia":[{"embeddable":true,"href":"https:\/\/shop4trac.com\/de\/wp-json\/wp\/v2\/media\/196983"}],"wp:attachment":[{"href":"https:\/\/shop4trac.com\/de\/wp-json\/wp\/v2\/media?parent=181226"}],"wp:term":[{"taxonomy":"product_cat","embeddable":true,"href":"https:\/\/shop4trac.com\/de\/wp-json\/wp\/v2\/product_cat?post=181226"},{"taxonomy":"product_tag","embeddable":true,"href":"https:\/\/shop4trac.com\/de\/wp-json\/wp\/v2\/product_tag?post=181226"}],"curies":[{"name":"wp","href":"https:\/\/api.w.org\/{rel}","templated":true}]}}