{"id":181089,"date":"2025-11-28T20:35:33","date_gmt":"2025-11-28T18:35:33","guid":{"rendered":"https:\/\/shop4trac.com\/unkategorisiert\/kurbelwelle-dichtung-wellendichtring-hinten-kubota-z402-z482-z500-z602-d722-d902-d650-d950\/"},"modified":"2026-02-16T18:34:43","modified_gmt":"2026-02-16T17:34:43","slug":"kurbelwelle-dichtung-wellendichtring-hinten-kubota-z402-z482-z500-z602-d722-d902-d650-d950","status":"publish","type":"product","link":"https:\/\/shop4trac.com\/de\/kupplung-getriebe\/dichtung\/kurbelwelle-dichtung-wellendichtring-hinten-kubota-z402-z482-z500-z602-d722-d902-d650-d950\/","title":{"rendered":"Kurbelwelle Dichtung \u2013 Wellendichtring hinten Kubota Z402 \u2013 Z482 | Z500 \u2013 Z602 | D722 \u2013 D902 | D650 \u2013 D950"},"content":{"rendered":"<p class=\"p1\">Zuverl\u00e4ssige Abdichtung f\u00fcr die Vorder- oder R\u00fcckseite der Kurbelwelle.<\/p>\n<p class=\"p1\">Dieser Wellendichtring verhindert \u00d6lleckagen und sorgt f\u00fcr eine korrekte Schmierung und l\u00e4ngere Lebensdauer Ihres Kubota-Motors oder Ihrer Maschine.<\/p>\n<hr>\n<h4><b>Warum dieser Kurbelwelle Wellendichtring?<\/b><\/h4>\n<p class=\"p1\">\u2714\ufe0f Geeignet f\u00fcr eine gro\u00dfe Reihe von Kubota Motoren (D-, Z- und V-Serie)<\/p>\n<p class=\"p1\">\u2714\ufe0f Auch anwendbar auf vielen Minitraktoren, Rasenm\u00e4hern, Schaufeln, Dumpern, Teleskopladern und Generatoren<\/p>\n<p class=\"p1\">\u2714\ufe0f OE-Qualit\u00e4t f\u00fcr dauerhafte Abdichtung<\/p>\n<p class=\"p1\">\u2714\ufe0f Passt 1-zu-1 als Ersatz f\u00fcr originale Kubota Wellendichtringe<\/p>\n<hr>\n<h4><b>Technische Daten<\/b><\/h4>\n<ul>\n<li class=\"p1\"><i>Typ:<\/i> Kurbelwelle Wellendichtring \/ Dichtung<\/li>\n<li class=\"p1\"><i>Position:<\/i> R\u00fcckseite<\/li>\n<li class=\"p1\"><i>OEM-Ma\u00dfe:<\/i> gem\u00e4\u00df originaler Kubota-Spezifikation<\/li>\n<li class=\"p1\"><i>63x80x9 mm<\/i><\/li>\n<\/ul>\n<h4><b>Kubota-Motoren<\/b><\/h4>\n<ul>\n<li class=\"p1\">D650, D662<\/li>\n<li class=\"p1\">D722, D722EBH, D722-E-BX, D722-E2-BX-2, D722-E3-BX-2, D722-E4, D722-E4-BX-1, D722-D25<\/li>\n<li class=\"p1\">D750, D750B<\/li>\n<li class=\"p1\">D782<\/li>\n<li class=\"p1\">D850, D850BH, D850-5B<\/li>\n<li class=\"p1\">D902, D902EBH<\/li>\n<li class=\"p1\">D950<\/li>\n<li class=\"p1\">D772B<\/li>\n<li class=\"p1\">Z402<\/li>\n<li class=\"p1\">Z482-E2-GX, Z482-E, Z482-D25, Z482-B-SEC, Z482-60Hz<\/li>\n<li class=\"p1\">Z500<\/li>\n<li class=\"p1\">Z602<\/li>\n<li class=\"p1\">V1200-A, V1200-5B<\/li>\n<\/ul>\n<hr>\n<h2><b>Kubota Traktoren &amp; Maschinen<\/b><\/h2>\n<p class=\"p1\"><b>Kubota:<\/b><b><\/b><\/p>\n<ul>\n<li>B1200, B1220D, B1400, B1400DT, B1402, B1402DT, B1402EDT<\/li>\n<li class=\"p1\">B1500, B1500DT, B1502, B1502E, B1502DT<\/li>\n<li class=\"p1\">B1550, B1550D, B1550E, B1550HST-D, B1550HST-E<\/li>\n<li class=\"p1\">B1600, B1600DT<\/li>\n<li class=\"p1\">B1620D<\/li>\n<li class=\"p1\">B1702, B1702DT<\/li>\n<li class=\"p1\">B1750, B1750D, B1750E, B1750HST-D, B1750HST-E<\/li>\n<li class=\"p1\">B20<\/li>\n<li class=\"p1\">B2150, B2150HST<\/li>\n<li class=\"p1\">B40, B1-14, B1-15, B1-16, B1-17<\/li>\n<li class=\"p1\">B5200<\/li>\n<li class=\"p1\">B6100<\/li>\n<li class=\"p1\">B6200, B6200D, B6200E, B6200HST-D, B6200HST-E<\/li>\n<li class=\"p1\">B7001<\/li>\n<li class=\"p1\">B7100, B7100HST-DT<\/li>\n<li class=\"p1\">B7200, B7200D, B7200E, B7200HST-D, B7200HST-E<\/li>\n<li class=\"p1\">B7300HSD<\/li>\n<li class=\"p1\">B7400HSD<\/li>\n<li class=\"p1\">B8200, B8200D, B8200E, B8200HST-D, B8200HST-E<\/li>\n<li class=\"p1\">B9200HST<\/li>\n<li class=\"p1\">BX1800, BX1800D, BX1830D<\/li>\n<li class=\"p1\">BX1850, BX1850D<\/li>\n<li class=\"p1\">BX1860, BX1860D<\/li>\n<li class=\"p1\">BX1870D<\/li>\n<li class=\"p1\">BX1880<\/li>\n<li class=\"p1\">BX2230, BX2230D<\/li>\n<li class=\"p1\">BX2350<\/li>\n<li class=\"p1\">BX2360<\/li>\n<li class=\"p1\">BX24, BX25<\/li>\n<li class=\"p1\">F2100<\/li>\n<li class=\"p1\">G1800<\/li>\n<li class=\"p1\">G1900, G1900S<\/li>\n<li class=\"p1\">G5200H<\/li>\n<li class=\"p1\">GF1800, GF1800E<\/li>\n<li class=\"p1\">GR1600EC2<\/li>\n<li class=\"p1\">GB13, GB135, GB14<\/li>\n<li class=\"p1\">KC110HR-4<\/li>\n<li class=\"p1\">K008, K008-3<\/li>\n<li class=\"p1\">KX018-4<\/li>\n<li class=\"p1\">KX019-04<\/li>\n<li class=\"p1\">KX41-3<\/li>\n<li class=\"p1\">KX41-3 Excavator<\/li>\n<li class=\"p1\">RX245, RX275, RX2750<\/li>\n<li class=\"p1\">RTV900, RTV900G, RTV900G9, RTV900R<\/li>\n<li class=\"p1\">RTV-900XT, RTV-X900<\/li>\n<li class=\"p1\">T1600H<\/li>\n<li class=\"p1\">TG1860-48, TG1860B54, TG186054, TG1860AAB54<\/li>\n<li class=\"p1\">ZD18, ZD21<\/li>\n<li class=\"p1\">ZD1860AAB54<\/li>\n<\/ul>\n<h2><b>Zen-Noh<\/b><\/h2>\n<ul>\n<li class=\"p1\">ZB1200, ZB1400, ZB1402<\/li>\n<li class=\"p1\">ZB1500, ZB1502<\/li>\n<li class=\"p1\">ZB1600<\/li>\n<li class=\"p1\">ZB1702<\/li>\n<li class=\"p1\">ZB5200<\/li>\n<li class=\"p1\">ZB7001<\/li>\n<li class=\"p1\">ZB7100<\/li>\n<\/ul>\n<h2><b>Bobcat<\/b><\/h2>\n<ul>\n<li>\n<p class=\"p1\">316, 319, 320, 322, 323<\/p>\n<\/li>\n<li>\n<p class=\"p1\">533, 543, 543B, 553B<\/p>\n<\/li>\n<li>\n<p class=\"p1\">316, 323 (doppelt, aber zur Klarheit erw\u00e4hnt)<\/p>\n<\/li>\n<li>\n<p class=\"p1\">453C, 443<\/p>\n<\/li>\n<li>\n<p class=\"p1\">E08, E10, E14, E16, E17, E17Z, E19<\/p>\n<\/li>\n<li>\n<p class=\"p1\">2200D, 2200S, 2300<\/p>\n<\/li>\n<li>\n<p class=\"p1\">MT55<\/p>\n<\/li>\n<li>\n<p class=\"p1\">X220, X320<\/p>\n<\/li>\n<li>\n<p class=\"p1\">543<\/p>\n<\/li>\n<\/ul>\n<h2><b>Avant<\/b><\/h2>\n<ul>\n<li>\n<p class=\"p1\">314, 314S<\/p>\n<\/li>\n<li>\n<p class=\"p1\">514<\/p>\n<\/li>\n<li>\n<p class=\"p1\">R20<\/p>\n<\/li>\n<li>\n<p class=\"p1\">320, 320+, 320S, 320S+<\/p>\n<\/li>\n<li>\n<p class=\"p1\">520, 520+<\/p>\n<\/li>\n<li>\n<p class=\"p1\">523+<\/p>\n<\/li>\n<li>\n<p class=\"p1\">423<\/p>\n<\/li>\n<li>\n<p class=\"p1\">523<\/p>\n<\/li>\n<\/ul>\n<h2><b>Seemann<\/b><\/h2>\n<ul>\n<li>\n<p class=\"p1\">560(B)<\/p>\n<\/li>\n<li>\n<p class=\"p1\">710(B)<\/p>\n<\/li>\n<li>\n<p class=\"p1\">IS7.1<\/p>\n<\/li>\n<\/ul>\n<h2><b>Giant<\/b><\/h2>\n<ul>\n<li>\n<p class=\"p1\">D202S<\/p>\n<\/li>\n<li>\n<p class=\"p1\">D204SW, D204SW Tele<\/p>\n<\/li>\n<li>\n<p class=\"p1\">D254SW, D254SW Tele<\/p>\n<\/li>\n<\/ul>\n<h2><b>JLG<\/b><\/h2>\n<ul>\n<li>\n<p class=\"p1\">40HA<\/p>\n<\/li>\n<li>\n<p class=\"p1\">45HA<\/p>\n<\/li>\n<\/ul>\n<h2><b>Sch\u00e4ffer<\/b><\/h2>\n<ul>\n<li>\n<p class=\"p1\">2020, 2020S<\/p>\n<\/li>\n<li>\n<p class=\"p1\">2021<\/p>\n<\/li>\n<li>\n<p class=\"p1\">217<\/p>\n<\/li>\n<\/ul>\n<h2><b>Takeuchi<\/b><\/h2>\n<ul>\n<li>\n<p class=\"p1\">TB210R<\/p>\n<\/li>\n<\/ul>\n<h2><b>Komatsu<\/b><\/h2>\n<ul>\n<li>\n<p class=\"p1\">PC100-5<\/p>\n<\/li>\n<\/ul>\n<h2><b>Ausa<\/b><\/h2>\n<ul>\n<li>\n<p class=\"p1\">D150RM 4\u00d72, D150RM 4\u00d74<\/p>\n<\/li>\n<li>\n<p class=\"p1\">D150RMA 4\u00d72, D150RMA 4\u00d74<\/p>\n<\/li>\n<li>\n<p class=\"p1\">D150RMG 4\u00d72, D150RMG 4\u00d74<\/p>\n<\/li>\n<li>\n<p class=\"p1\">D175RMS 4\u00d72, D175RMS 4\u00d74<\/p>\n<\/li>\n<\/ul>\n<h2><b>Hyundai<\/b><\/h2>\n<ul>\n<li>\n<p class=\"p1\">R17Z-9A<\/p>\n<\/li>\n<\/ul>\n<h2><b>Vimek<\/b><\/h2>\n<ul>\n<li>\n<p class=\"p1\">608, 608.2<\/p>\n<\/li>\n<\/ul>\n<h2><b>Wacker Neuson<\/b><\/h2>\n<ul>\n<li>\n<p class=\"p1\">DT15<\/p>\n<\/li>\n<\/ul>\n<h2>Beta-Marine<\/h2>\n<ul>\n<li>\n<p class=\"p1\">Beta 25<\/p>\n<\/li>\n<\/ul>\n<p><b>Toro<\/b><\/p>\n<ul>\n<li>\n<p class=\"p1\">TX525<\/p>\n<\/li>\n<\/ul>\n<p><strong>OEM zur Referenz<\/strong><\/p>\n<ul>\n<li>19215-04460<\/li>\n<\/ul>\n","protected":false},"excerpt":{"rendered":"<p>Zuverl\u00e4ssige Abdichtung f\u00fcr die Vorder- oder R\u00fcckseite der Kurbelwelle. Dieser Wellendichtring verhindert \u00d6lleckagen und sorgt f\u00fcr eine korrekte Schmierung und l\u00e4ngere Lebensdauer Ihres Kubota-Motors oder Ihrer Maschine. Warum dieser Kurbelwelle Wellendichtring? \u2714\ufe0f Geeignet f\u00fcr eine gro\u00dfe Reihe von Kubota Motoren (D-, Z- und V-Serie) \u2714\ufe0f Auch anwendbar auf vielen Minitraktoren, Rasenm\u00e4hern, Schaufeln, Dumpern, Teleskopladern und&hellip;<\/p>\n","protected":false},"featured_media":91146,"comment_status":"","ping_status":"closed","template":"","meta":[],"product_cat":[5937],"product_tag":[],"class_list":{"0":"post-181089","1":"product","2":"type-product","3":"status-publish","4":"has-post-thumbnail","6":"product_cat-dichtung","7":"pa_merk-avant-de","8":"pa_merk-beta-de","9":"pa_merk-bobcat-de","10":"pa_merk-giant-de","11":"pa_merk-komatsu-de","12":"pa_merk-kubota-de","13":"pa_merk-schaffer-de","14":"pa_merk-takeuchi-de","15":"pa_merk-wacker-neuson-de","16":"pa_merk-zen-noh-de","18":"first","19":"outofstock","20":"sale","21":"taxable","22":"shipping-taxable","23":"purchasable","24":"product-type-simple","25":"col-xs-6 col-sm-4","26":"col-md-3 col-lg-3","27":"un-4-cols"},"_links":{"self":[{"href":"https:\/\/shop4trac.com\/de\/wp-json\/wp\/v2\/product\/181089","targetHints":{"allow":["GET"]}}],"collection":[{"href":"https:\/\/shop4trac.com\/de\/wp-json\/wp\/v2\/product"}],"about":[{"href":"https:\/\/shop4trac.com\/de\/wp-json\/wp\/v2\/types\/product"}],"replies":[{"embeddable":true,"href":"https:\/\/shop4trac.com\/de\/wp-json\/wp\/v2\/comments?post=181089"}],"wp:featuredmedia":[{"embeddable":true,"href":"https:\/\/shop4trac.com\/de\/wp-json\/wp\/v2\/media\/91146"}],"wp:attachment":[{"href":"https:\/\/shop4trac.com\/de\/wp-json\/wp\/v2\/media?parent=181089"}],"wp:term":[{"taxonomy":"product_cat","embeddable":true,"href":"https:\/\/shop4trac.com\/de\/wp-json\/wp\/v2\/product_cat?post=181089"},{"taxonomy":"product_tag","embeddable":true,"href":"https:\/\/shop4trac.com\/de\/wp-json\/wp\/v2\/product_tag?post=181089"}],"curies":[{"name":"wp","href":"https:\/\/api.w.org\/{rel}","templated":true}]}}