{"id":180706,"date":"2025-11-25T16:43:37","date_gmt":"2025-11-25T14:43:37","guid":{"rendered":"https:\/\/shop4trac.com\/unkategorisiert\/filterkit-messersi-ch2n-m16-tc150d-tch1500\/"},"modified":"2025-11-25T16:48:49","modified_gmt":"2025-11-25T14:48:49","slug":"filterkit-messersi-ch2n-m16-tc150d-tch1500","status":"publish","type":"product","link":"https:\/\/shop4trac.com\/de\/filter\/filter-satz\/filterkit-messersi-ch2n-m16-tc150d-tch1500\/","title":{"rendered":"Filterkit Messersi CH2N \u2013 M16 | TC150D \u2013 TCH1500"},"content":{"rendered":"<p class=\"p1\"><b>Filterkit f\u00fcr Messersi &amp; Kubota Z482<\/b><b><\/b><\/p>\n<p class=\"p2\">Kompakt und zuverl\u00e4ssig \u2013 komplettes Wartungsset f\u00fcr verschiedene Messersi-Maschinen und Kubota Z482-Motoren.<\/p>\n<p class=\"p2\">Dieses Filterkit ist f\u00fcr die optimale Wartung deiner Maschine oder deines Motors zusammengestellt. Die Teile sorgen f\u00fcr eine gute Filtration von \u00d6l, Kraftstoff und Luft, wodurch die Leistung erhalten bleibt und der Verschlei\u00df begrenzt wird. <\/p>\n<h5><b>Inhalt des Sets<\/b><\/h5>\n<p class=\"p1\"><span class=\"s2\">\u2714\ufe0f <\/span><b>\u00d6lfilter<\/b><b><\/b><\/p>\n<ul>\n<li class=\"p2\">Allgemein f\u00fcr Z482 Motor<\/li>\n<\/ul>\n<p class=\"p1\"><span class=\"s2\">\u2714\ufe0f <\/span><b>Kraftstofffilter<\/b><b><\/b><\/p>\n<ul>\n<li>\u00c4u\u00dferer Durchmesser: 29 mm<\/li>\n<li>Innendurchmesser: 13 mm<\/li>\n<li>L\u00e4nge: 84 mm<\/li>\n<\/ul>\n<p class=\"p1\"><span class=\"s2\">\u2714\ufe0f <\/span><b>Luftfilter<\/b><b><\/b><\/p>\n<ul>\n<li><strong>H\u00f6he<\/strong> 186mm<\/li>\n<li><strong>Breite<\/strong> 90mm<\/li>\n<\/ul>\n<div class=\"group w-full text-token-text-primary border-b border-black\/10 dark:border-gray-900\/50 bg-gray-50 dark:bg-[#444654]\">\n<div class=\"flex p-4 gap-4 text-base md:gap-6 md:max-w-2xl lg:max-w-[38rem] xl:max-w-3xl md:py-6 lg:px-0 m-auto\">\n<div class=\"relative flex w-[calc(100%-50px)] flex-col gap-1 md:gap-3 lg:w-[calc(100%-115px)]\">\n<div class=\"flex flex-grow flex-col gap-3 max-w-full\"><\/div>\n<\/div>\n<\/div>\n<\/div>\n<h5><b>Kompatible Modelle<\/b><\/h5>\n<p class=\"p1\"><b>Messersi<\/b><b><\/b><\/p>\n<ul>\n<li>\n<p class=\"p1\">CH2, CH2N, CH2\/R13, M16L, M16U-DS, TC130D, TC150D, TC150D-AV, TC150D-AVP, TC150D-BET, TC150D-BT, TC150D-C, TC150D-MT, TC150D-MTP, TCH1500\/BT<\/p>\n<\/li>\n<\/ul>\n<p class=\"p1\"><b>Kubota<\/b><b><\/b><\/p>\n<ul>\n<li>\n<p class=\"p1\">Z482<\/p>\n<\/li>\n<\/ul>\n","protected":false},"excerpt":{"rendered":"<p>Filterkit f\u00fcr Messersi &amp; Kubota Z482 Kompakt und zuverl\u00e4ssig \u2013 komplettes Wartungsset f\u00fcr verschiedene Messersi-Maschinen und Kubota Z482-Motoren. Dieses Filterkit ist f\u00fcr die optimale Wartung deiner Maschine oder deines Motors zusammengestellt. Die Teile sorgen f\u00fcr eine gute Filtration von \u00d6l, Kraftstoff und Luft, wodurch die Leistung erhalten bleibt und der Verschlei\u00df begrenzt wird. Inhalt des&hellip;<\/p>\n","protected":false},"featured_media":180695,"comment_status":"","ping_status":"closed","template":"","meta":[],"product_cat":[382],"product_tag":[],"class_list":{"0":"post-180706","1":"product","2":"type-product","3":"status-publish","4":"has-post-thumbnail","6":"product_cat-filter-satz","7":"pa_merk-kubota-de","8":"pa_merk-messersi","10":"first","11":"instock","12":"sale","13":"taxable","14":"shipping-taxable","15":"purchasable","16":"product-type-simple","17":"col-xs-6 col-sm-4","18":"col-md-3 col-lg-3","19":"un-4-cols"},"_links":{"self":[{"href":"https:\/\/shop4trac.com\/de\/wp-json\/wp\/v2\/product\/180706","targetHints":{"allow":["GET"]}}],"collection":[{"href":"https:\/\/shop4trac.com\/de\/wp-json\/wp\/v2\/product"}],"about":[{"href":"https:\/\/shop4trac.com\/de\/wp-json\/wp\/v2\/types\/product"}],"replies":[{"embeddable":true,"href":"https:\/\/shop4trac.com\/de\/wp-json\/wp\/v2\/comments?post=180706"}],"wp:featuredmedia":[{"embeddable":true,"href":"https:\/\/shop4trac.com\/de\/wp-json\/wp\/v2\/media\/180695"}],"wp:attachment":[{"href":"https:\/\/shop4trac.com\/de\/wp-json\/wp\/v2\/media?parent=180706"}],"wp:term":[{"taxonomy":"product_cat","embeddable":true,"href":"https:\/\/shop4trac.com\/de\/wp-json\/wp\/v2\/product_cat?post=180706"},{"taxonomy":"product_tag","embeddable":true,"href":"https:\/\/shop4trac.com\/de\/wp-json\/wp\/v2\/product_tag?post=180706"}],"curies":[{"name":"wp","href":"https:\/\/api.w.org\/{rel}","templated":true}]}}